{"id":1425,"date":"2017-05-09T13:00:17","date_gmt":"2017-05-09T13:00:17","guid":{"rendered":"http:\/\/investorsforum.lt\/?page_id=1425"},"modified":"2022-08-12T09:09:51","modified_gmt":"2022-08-12T09:09:51","slug":"valdyba-old","status":"publish","type":"page","link":"https:\/\/investorsforum.lt\/en\/apie-mus\/valdyba-old\/","title":{"rendered":"Board"},"content":{"rendered":"<div id='gallery-1' class='gallery galleryid-1425 gallery-columns-4 gallery-size-thumbnail'><figure class='gallery-item'>\n\t\t\t<div class='gallery-icon portrait'>\n\t\t\t\t<img loading=\"lazy\" decoding=\"async\" width=\"145\" height=\"150\" src=\"https:\/\/investorsforum.lt\/wp-content\/uploads\/2022\/05\/Rolando-foto.png\" class=\"attachment-thumbnail size-thumbnail\" alt=\"\" aria-describedby=\"gallery-1-6099\" \/>\n\t\t\t<\/div>\n\t\t\t\t<figcaption class='wp-caption-text gallery-caption' id='gallery-1-6099'>\n\t\t\t\tRolandas Vali\u016bnas <br> Ellex Valiunas  <br> Valdybos pirmininkas\n\t\t\t\t<\/figcaption><\/figure><figure class='gallery-item'>\n\t\t\t<div class='gallery-icon portrait'>\n\t\t\t\t<img loading=\"lazy\" decoding=\"async\" width=\"150\" height=\"150\" src=\"https:\/\/investorsforum.lt\/wp-content\/uploads\/2022\/05\/Jonas-Akelis-150x150.jpg\" class=\"attachment-thumbnail size-thumbnail\" alt=\"\" aria-describedby=\"gallery-1-6102\" \/>\n\t\t\t<\/div>\n\t\t\t\t<figcaption class='wp-caption-text gallery-caption' id='gallery-1-6102'>\n\t\t\t\tJonas Akelis <br> EY\n\t\t\t\t<\/figcaption><\/figure><figure class='gallery-item'>\n\t\t\t<div class='gallery-icon landscape'>\n\t\t\t\t<img loading=\"lazy\" decoding=\"async\" width=\"150\" height=\"150\" src=\"https:\/\/investorsforum.lt\/wp-content\/uploads\/2019\/06\/giedrius-bandzevicius-75573645-1-150x150.jpg\" class=\"attachment-thumbnail size-thumbnail\" alt=\"\" aria-describedby=\"gallery-1-4579\" srcset=\"https:\/\/investorsforum.lt\/wp-content\/uploads\/2019\/06\/giedrius-bandzevicius-75573645-1-150x150.jpg 150w, https:\/\/investorsforum.lt\/wp-content\/uploads\/2019\/06\/giedrius-bandzevicius-75573645-1.jpg 200w\" sizes=\"auto, (max-width: 150px) 100vw, 150px\" \/>\n\t\t\t<\/div>\n\t\t\t\t<figcaption class='wp-caption-text gallery-caption' id='gallery-1-4579'>\n\t\t\t\tGiedrius Bandzevi\u010dius <br> Rimi <\/br>\n\t\t\t\t<\/figcaption><\/figure><figure class='gallery-item'>\n\t\t\t<div class='gallery-icon portrait'>\n\t\t\t\t<img loading=\"lazy\" decoding=\"async\" width=\"150\" height=\"150\" src=\"https:\/\/investorsforum.lt\/wp-content\/uploads\/2022\/05\/DSC_0259-150x150.jpg\" class=\"attachment-thumbnail size-thumbnail\" alt=\"Kim Bartholdy DSV Transport\" aria-describedby=\"gallery-1-6098\" \/>\n\t\t\t<\/div>\n\t\t\t\t<figcaption class='wp-caption-text gallery-caption' id='gallery-1-6098'>\n\t\t\t\tKim Bartholdy <br> DSV Lithuania \n\t\t\t\t<\/figcaption><\/figure><figure class='gallery-item'>\n\t\t\t<div class='gallery-icon portrait'>\n\t\t\t\t<img loading=\"lazy\" decoding=\"async\" width=\"150\" height=\"150\" src=\"https:\/\/investorsforum.lt\/wp-content\/uploads\/2022\/05\/Bumelis-150x150.jpg\" class=\"attachment-thumbnail size-thumbnail\" alt=\"Vladas Algirdas Bumelis Northway Group\" aria-describedby=\"gallery-1-6097\" \/>\n\t\t\t<\/div>\n\t\t\t\t<figcaption class='wp-caption-text gallery-caption' id='gallery-1-6097'>\n\t\t\t\tVladas Algirdas Bumelis <br> Northway Group\n\t\t\t\t<\/figcaption><\/figure><figure class='gallery-item'>\n\t\t\t<div class='gallery-icon portrait'>\n\t\t\t\t<img loading=\"lazy\" decoding=\"async\" width=\"110\" height=\"150\" src=\"https:\/\/investorsforum.lt\/wp-content\/uploads\/2012\/05\/aivaras cicelis-110x150.jpg\" class=\"attachment-thumbnail size-thumbnail\" alt=\"\" aria-describedby=\"gallery-1-358\" \/>\n\t\t\t<\/div>\n\t\t\t\t<figcaption class='wp-caption-text gallery-caption' id='gallery-1-358'>\n\t\t\t\tAivaras \u010ci\u010delis <br> SEB bankas\n\t\t\t\t<\/figcaption><\/figure><figure class='gallery-item'>\n\t\t\t<div class='gallery-icon portrait'>\n\t\t\t\t<img loading=\"lazy\" decoding=\"async\" width=\"150\" height=\"150\" src=\"https:\/\/investorsforum.lt\/wp-content\/uploads\/2017\/05\/MindaugasDacys-150x150.png\" class=\"attachment-thumbnail size-thumbnail\" alt=\"\" aria-describedby=\"gallery-1-2836\" \/>\n\t\t\t<\/div>\n\t\t\t\t<figcaption class='wp-caption-text gallery-caption' id='gallery-1-2836'>\n\t\t\t\tMindaugas Dacys <br> Philip Morris\n\t\t\t\t<\/figcaption><\/figure><figure class='gallery-item'>\n\t\t\t<div class='gallery-icon portrait'>\n\t\t\t\t<img loading=\"lazy\" decoding=\"async\" width=\"125\" height=\"150\" src=\"https:\/\/investorsforum.lt\/wp-content\/uploads\/2012\/05\/mykolas katkus-125x150.jpg\" class=\"attachment-thumbnail size-thumbnail\" alt=\"\" aria-describedby=\"gallery-1-360\" \/>\n\t\t\t<\/div>\n\t\t\t\t<figcaption class='wp-caption-text gallery-caption' id='gallery-1-360'>\n\t\t\t\tMykolas Katkus <br> Fabula Hill+Knowlton Strategies\n\t\t\t\t<\/figcaption><\/figure><figure class='gallery-item'>\n\t\t\t<div class='gallery-icon portrait'>\n\t\t\t\t<img loading=\"lazy\" decoding=\"async\" width=\"150\" height=\"150\" src=\"https:\/\/investorsforum.lt\/wp-content\/uploads\/2022\/05\/Algimantas-Markauskas-150x150.jpg\" class=\"attachment-thumbnail size-thumbnail\" alt=\"\" aria-describedby=\"gallery-1-6100\" \/>\n\t\t\t<\/div>\n\t\t\t\t<figcaption class='wp-caption-text gallery-caption' id='gallery-1-6100'>\n\t\t\t\tAlgimantas Markauskas <br> Thermo Fisher Scientific\n\t\t\t\t<\/figcaption><\/figure><figure class='gallery-item'>\n\t\t\t<div class='gallery-icon portrait'>\n\t\t\t\t<img loading=\"lazy\" decoding=\"async\" width=\"150\" height=\"150\" src=\"https:\/\/investorsforum.lt\/wp-content\/uploads\/2020\/05\/IMG_6523_e-1-150x150.jpg\" class=\"attachment-thumbnail size-thumbnail\" alt=\"\" aria-describedby=\"gallery-1-5122\" \/>\n\t\t\t<\/div>\n\t\t\t\t<figcaption class='wp-caption-text gallery-caption' id='gallery-1-5122'>\n\t\t\t\tRasma Saul\u0117 <br>Itella Logistics\n\t\t\t\t<\/figcaption><\/figure><figure class='gallery-item'>\n\t\t\t<div class='gallery-icon portrait'>\n\t\t\t\t<img loading=\"lazy\" decoding=\"async\" width=\"150\" height=\"150\" src=\"https:\/\/investorsforum.lt\/wp-content\/uploads\/2022\/05\/DAN_sRGB_8bit-150x150.jpg\" class=\"attachment-thumbnail size-thumbnail\" alt=\"Dan Str\u00f6mberg Telia\" aria-describedby=\"gallery-1-6093\" \/>\n\t\t\t<\/div>\n\t\t\t\t<figcaption class='wp-caption-text gallery-caption' id='gallery-1-6093'>\n\t\t\t\tDan Str\u00f6mberg <br> Telia\n\t\t\t\t<\/figcaption><\/figure><figure class='gallery-item'>\n\t\t\t<div class='gallery-icon portrait'>\n\t\t\t\t<img loading=\"lazy\" decoding=\"async\" width=\"150\" height=\"150\" src=\"https:\/\/investorsforum.lt\/wp-content\/uploads\/2022\/05\/A\u017d-foto-150x150.jpg\" class=\"attachment-thumbnail size-thumbnail\" alt=\"Au\u0161ra \u017demaitien\u0117 Mars Lietuva\" aria-describedby=\"gallery-1-6096\" \/>\n\t\t\t<\/div>\n\t\t\t\t<figcaption class='wp-caption-text gallery-caption' id='gallery-1-6096'>\n\t\t\t\tAu\u0161ra \u017demaitien\u0117 <br>Mars Lietuva\n\t\t\t\t<\/figcaption><\/figure>\n\t\t<\/div>\n\n","protected":false},"excerpt":{"rendered":"","protected":false},"author":1,"featured_media":0,"parent":1405,"menu_order":0,"comment_status":"closed","ping_status":"closed","template":"","meta":{"_acf_changed":false,"footnotes":""},"class_list":["post-1425","page","type-page","status-publish","hentry"],"translation":{"provider":"WPGlobus","version":"3.0.2","language":"en","enabled_languages":["lt","en"],"languages":{"lt":{"title":true,"content":true,"excerpt":false},"en":{"title":true,"content":false,"excerpt":false}}},"acf":[],"yoast_head":"<!-- This site is optimized with the Yoast SEO plugin v26.9 - https:\/\/yoast.com\/product\/yoast-seo-wordpress\/ -->\n<title>Board - Investors Forum<\/title>\n<meta name=\"robots\" content=\"index, follow, max-snippet:-1, max-image-preview:large, max-video-preview:-1\" \/>\n<link rel=\"canonical\" href=\"https:\/\/investorsforum.lt\/apie-mus\/valdyba-old\/\" \/>\n<meta property=\"og:locale\" content=\"en_US\" \/>\n<meta property=\"og:type\" content=\"article\" \/>\n<meta property=\"og:title\" content=\"Board - Investors Forum\" \/>\n<meta property=\"og:url\" content=\"https:\/\/investorsforum.lt\/apie-mus\/valdyba-old\/\" \/>\n<meta property=\"og:site_name\" content=\"Investors Forum\" \/>\n<meta property=\"article:modified_time\" content=\"2022-08-12T09:09:51+00:00\" \/>\n<meta property=\"og:image\" content=\"https:\/\/investorsforum.lt\/wp-content\/uploads\/2022\/05\/Rolando-foto.png\" \/>\n<meta name=\"twitter:card\" content=\"summary_large_image\" \/>\n<script type=\"application\/ld+json\" class=\"yoast-schema-graph\">{\"@context\":\"https:\/\/schema.org\",\"@graph\":[{\"@type\":\"WebPage\",\"@id\":\"https:\/\/investorsforum.lt\/apie-mus\/valdyba-old\/\",\"url\":\"https:\/\/investorsforum.lt\/apie-mus\/valdyba-old\/\",\"name\":\"Board - Investors Forum\",\"isPartOf\":{\"@id\":\"https:\/\/investorsforum.lt\/#website\"},\"datePublished\":\"2017-05-09T13:00:17+00:00\",\"dateModified\":\"2022-08-12T09:09:51+00:00\",\"breadcrumb\":{\"@id\":\"https:\/\/investorsforum.lt\/apie-mus\/valdyba-old\/#breadcrumb\"},\"inLanguage\":\"en-EN\",\"potentialAction\":[{\"@type\":\"ReadAction\",\"target\":[\"https:\/\/investorsforum.lt\/apie-mus\/valdyba-old\/\"]}]},{\"@type\":\"BreadcrumbList\",\"@id\":\"https:\/\/investorsforum.lt\/apie-mus\/valdyba-old\/#breadcrumb\",\"itemListElement\":[{\"@type\":\"ListItem\",\"position\":1,\"name\":\"Home\",\"item\":\"https:\/\/investorsforum.lt\/\"},{\"@type\":\"ListItem\",\"position\":2,\"name\":\"Apie mus\",\"item\":\"https:\/\/investorsforum.lt\/apie-mus\/\"},{\"@type\":\"ListItem\",\"position\":3,\"name\":\"Valdyba\"}]},{\"@type\":\"WebSite\",\"@id\":\"https:\/\/investorsforum.lt\/#website\",\"url\":\"https:\/\/investorsforum.lt\/\",\"name\":\"Investors Forum\",\"description\":\"Asociacija Investors&#039; Forum\",\"potentialAction\":[{\"@type\":\"SearchAction\",\"target\":{\"@type\":\"EntryPoint\",\"urlTemplate\":\"https:\/\/investorsforum.lt\/?s={search_term_string}\"},\"query-input\":{\"@type\":\"PropertyValueSpecification\",\"valueRequired\":true,\"valueName\":\"search_term_string\"}}],\"inLanguage\":\"en-EN\"}]}<\/script>\n<!-- \/ Yoast SEO plugin. -->","yoast_head_json":{"title":"Board - Investors Forum","robots":{"index":"index","follow":"follow","max-snippet":"max-snippet:-1","max-image-preview":"max-image-preview:large","max-video-preview":"max-video-preview:-1"},"canonical":"https:\/\/investorsforum.lt\/apie-mus\/valdyba-old\/","og_locale":"en_US","og_type":"article","og_title":"Board - Investors Forum","og_url":"https:\/\/investorsforum.lt\/apie-mus\/valdyba-old\/","og_site_name":"Investors Forum","article_modified_time":"2022-08-12T09:09:51+00:00","og_image":[{"url":"https:\/\/investorsforum.lt\/wp-content\/uploads\/2022\/05\/Rolando-foto.png","type":"","width":"","height":""}],"twitter_card":"summary_large_image","schema":{"@context":"https:\/\/schema.org","@graph":[{"@type":"WebPage","@id":"https:\/\/investorsforum.lt\/apie-mus\/valdyba-old\/","url":"https:\/\/investorsforum.lt\/apie-mus\/valdyba-old\/","name":"Board - Investors Forum","isPartOf":{"@id":"https:\/\/investorsforum.lt\/#website"},"datePublished":"2017-05-09T13:00:17+00:00","dateModified":"2022-08-12T09:09:51+00:00","breadcrumb":{"@id":"https:\/\/investorsforum.lt\/apie-mus\/valdyba-old\/#breadcrumb"},"inLanguage":"en-EN","potentialAction":[{"@type":"ReadAction","target":["https:\/\/investorsforum.lt\/apie-mus\/valdyba-old\/"]}]},{"@type":"BreadcrumbList","@id":"https:\/\/investorsforum.lt\/apie-mus\/valdyba-old\/#breadcrumb","itemListElement":[{"@type":"ListItem","position":1,"name":"Home","item":"https:\/\/investorsforum.lt\/"},{"@type":"ListItem","position":2,"name":"Apie mus","item":"https:\/\/investorsforum.lt\/apie-mus\/"},{"@type":"ListItem","position":3,"name":"Valdyba"}]},{"@type":"WebSite","@id":"https:\/\/investorsforum.lt\/#website","url":"https:\/\/investorsforum.lt\/","name":"Investors Forum","description":"Asociacija Investors&#039; Forum","potentialAction":[{"@type":"SearchAction","target":{"@type":"EntryPoint","urlTemplate":"https:\/\/investorsforum.lt\/?s={search_term_string}"},"query-input":{"@type":"PropertyValueSpecification","valueRequired":true,"valueName":"search_term_string"}}],"inLanguage":"en-EN"}]}},"_links":{"self":[{"href":"https:\/\/investorsforum.lt\/en\/wp-json\/wp\/v2\/pages\/1425","targetHints":{"allow":["GET"]}}],"collection":[{"href":"https:\/\/investorsforum.lt\/en\/wp-json\/wp\/v2\/pages"}],"about":[{"href":"https:\/\/investorsforum.lt\/en\/wp-json\/wp\/v2\/types\/page"}],"author":[{"embeddable":true,"href":"https:\/\/investorsforum.lt\/en\/wp-json\/wp\/v2\/users\/1"}],"replies":[{"embeddable":true,"href":"https:\/\/investorsforum.lt\/en\/wp-json\/wp\/v2\/comments?post=1425"}],"version-history":[{"count":20,"href":"https:\/\/investorsforum.lt\/en\/wp-json\/wp\/v2\/pages\/1425\/revisions"}],"predecessor-version":[{"id":6239,"href":"https:\/\/investorsforum.lt\/en\/wp-json\/wp\/v2\/pages\/1425\/revisions\/6239"}],"up":[{"embeddable":true,"href":"https:\/\/investorsforum.lt\/en\/wp-json\/wp\/v2\/pages\/1405"}],"wp:attachment":[{"href":"https:\/\/investorsforum.lt\/en\/wp-json\/wp\/v2\/media?parent=1425"}],"curies":[{"name":"wp","href":"https:\/\/api.w.org\/{rel}","templated":true}]}}