{"id":1894,"date":"2015-06-04T15:20:39","date_gmt":"2015-06-04T15:20:39","guid":{"rendered":"http:\/\/investorsforum.lt\/?page_id=1894"},"modified":"2017-05-11T15:21:28","modified_gmt":"2017-05-11T15:21:28","slug":"presentations-bif-2015","status":"publish","type":"page","link":"https:\/\/investorsforum.lt\/en\/presentations-bif-2015\/","title":{"rendered":"Presentations BIF 2015"},"content":{"rendered":"<h1><strong style=\"color: #7d7d7d;\">2015-06-04<\/strong><\/h1>\n<p>&nbsp;<\/p>\n<p>Irrational Exuberance\u00a0Revisited<\/p>\n<p><a href=\"http:\/\/investorsforum.lt\/wp-content\/uploads\/2015\/06\/Robert_J_Shiller_Irrational_Exuberance_Revisited_BIF_2015.pdf\"><span style=\"color: #008000;\">Robert J. Shiller BIF 2015<\/span><\/a><\/p>\n<p>&nbsp;<\/p>\n<p>Response to Demographic Challenges \u2013 from Smart City to Smart Country<\/p>\n<p><a href=\"http:\/\/investorsforum.lt\/wp-content\/uploads\/2015\/06\/Future_cities_BIF_2015.pdf\"><span style=\"color: #008000;\">Response to Demographic Challenges<\/span><\/a><br \/>\n \u00a0<\/p>\n<p>CO2 Emission Challenge: What Car Technologies and Fuels can We expect in the Future?<\/p>\n<p><a href=\"http:\/\/investorsforum.lt\/wp-content\/uploads\/2015\/06\/CO2_Emission_Challenge_BIF_2015_.pdf\"><span style=\"color: #008000;\">CO2 Emission Challenge: What Car Technologies and Fuels can We expect in the Future<\/span><\/a><\/p>\n<p><a href=\"http:\/\/investorsforum.lt\/wp-content\/uploads\/2015\/06\/Ian_Hodgson_BIF_2015.pdf\"><span style=\"color: #008000;\">Ian Hodgson BIF 2015<\/span><\/a><\/p>\n<p>&nbsp;<\/p>\n<p>Global Trade and Foreign Direct Investments<\/p>\n<p><a href=\"http:\/\/investorsforum.lt\/wp-content\/uploads\/2015\/06\/Maarten_J_Wolleswinkel_BIF_2015.pdf\"><span style=\"color: #008000;\">Maarten Wolleswinkel, Managing Partner Holland Corporate Finance Chairman M&amp;A Inerna<\/span><\/a><span style=\"color: #008000;\">tional<\/span><\/p>\n<p>&nbsp;<\/p>\n<p>LITVAKWORLD project presents: The Power of Museums to make Positive Change. Poland&#8217;s Largest Public-Private Investment into Culture &#8211; the New Jewish Museum in Warsaw<\/p>\n<p>Prof. Barbara Kirshenblatt-Gimblett, Museum of History of Polish Jews<\/p>\n<p>&nbsp;<\/p>\n<p><strong>2015-06-05<\/strong><\/p>\n<p>&nbsp;<\/p>\n<p>Future Transport, Logistics and E-commerce<\/p>\n<p><a href=\"http:\/\/investorsforum.lt\/wp-content\/uploads\/2015\/06\/Frederic_Campagnac_Clevy_Links_China_Perspective.pdf\"><span style=\"color: #008000;\">Frederic Campagnac, General Manager and Consultant, Clevy Links, China<\/span><\/a><\/p>\n<p>&nbsp;<\/p>\n<p>IT and Telecommunications: How to capture the opportunities for the Baltics?<\/p>\n<p><a href=\"http:\/\/investorsforum.lt\/wp-content\/uploads\/2015\/06\/Kestutis_Sliuzas_BIF_2015.pdf\"><span style=\"color: #008000;\">K\u0119stutis \u0160liu\u017eas, Chief Executive Officer, Teo<\/span><\/a><\/p>\n<p><a href=\"http:\/\/investorsforum.lt\/wp-content\/uploads\/2015\/06\/SAP_Baltic_Investors_Forum_2015.pdf\"><span style=\"color: #008000;\">Herv\u00e9 Liboureau, Senior Vice President GM Telco Industry &amp; Mobility Solutions EMEA &amp; MEE,SAP<\/span><\/a><\/p>\n<p>&nbsp;<\/p>\n","protected":false},"excerpt":{"rendered":"<p>2015-06-04 &nbsp; Irrational Exuberance\u00a0Revisited Robert J. Shiller BIF 2015 &nbsp; Response to Demographic Challenges \u2013 from Smart City to Smart Country Response to Demographic Challenges \u00a0 CO2 Emission Challenge: What Car Technologies and Fuels can We expect in the Future? CO2 Emission Challenge: What Car Technologies and Fuels can We expect in the Future Ian<\/p>\n<div class=\"more-link\"><a href=\"https:\/\/investorsforum.lt\/en\/presentations-bif-2015\/\">Read more<\/a><\/div>\n","protected":false},"author":1,"featured_media":0,"parent":0,"menu_order":0,"comment_status":"closed","ping_status":"closed","template":"","meta":{"_acf_changed":false,"footnotes":""},"class_list":["post-1894","page","type-page","status-publish","hentry"],"translation":{"provider":"WPGlobus","version":"3.0.2","language":"en","enabled_languages":["lt","en"],"languages":{"lt":{"title":true,"content":true,"excerpt":false},"en":{"title":false,"content":false,"excerpt":false}}},"acf":[],"yoast_head":"<!-- This site is optimized with the Yoast SEO plugin v26.9 - https:\/\/yoast.com\/product\/yoast-seo-wordpress\/ -->\n<title>Presentations BIF 2015 - Investors Forum<\/title>\n<meta name=\"robots\" content=\"index, follow, max-snippet:-1, max-image-preview:large, max-video-preview:-1\" \/>\n<link rel=\"canonical\" href=\"https:\/\/investorsforum.lt\/presentations-bif-2015\/\" \/>\n<meta property=\"og:locale\" content=\"en_US\" \/>\n<meta property=\"og:type\" content=\"article\" \/>\n<meta property=\"og:title\" content=\"Presentations BIF 2015 - Investors Forum\" \/>\n<meta property=\"og:url\" content=\"https:\/\/investorsforum.lt\/presentations-bif-2015\/\" \/>\n<meta property=\"og:site_name\" content=\"Investors Forum\" \/>\n<meta property=\"article:modified_time\" content=\"2017-05-11T15:21:28+00:00\" \/>\n<meta name=\"twitter:card\" content=\"summary_large_image\" \/>\n<meta name=\"twitter:label1\" content=\"Est. reading time\" \/>\n\t<meta name=\"twitter:data1\" content=\"1 minute\" \/>\n<script type=\"application\/ld+json\" class=\"yoast-schema-graph\">{\"@context\":\"https:\/\/schema.org\",\"@graph\":[{\"@type\":\"WebPage\",\"@id\":\"https:\/\/investorsforum.lt\/presentations-bif-2015\/\",\"url\":\"https:\/\/investorsforum.lt\/presentations-bif-2015\/\",\"name\":\"Presentations BIF 2015 - Investors Forum\",\"isPartOf\":{\"@id\":\"https:\/\/investorsforum.lt\/#website\"},\"datePublished\":\"2015-06-04T15:20:39+00:00\",\"dateModified\":\"2017-05-11T15:21:28+00:00\",\"breadcrumb\":{\"@id\":\"https:\/\/investorsforum.lt\/presentations-bif-2015\/#breadcrumb\"},\"inLanguage\":\"en-EN\",\"potentialAction\":[{\"@type\":\"ReadAction\",\"target\":[\"https:\/\/investorsforum.lt\/presentations-bif-2015\/\"]}]},{\"@type\":\"BreadcrumbList\",\"@id\":\"https:\/\/investorsforum.lt\/presentations-bif-2015\/#breadcrumb\",\"itemListElement\":[{\"@type\":\"ListItem\",\"position\":1,\"name\":\"Home\",\"item\":\"https:\/\/investorsforum.lt\/\"},{\"@type\":\"ListItem\",\"position\":2,\"name\":\"Presentations BIF 2015\"}]},{\"@type\":\"WebSite\",\"@id\":\"https:\/\/investorsforum.lt\/#website\",\"url\":\"https:\/\/investorsforum.lt\/\",\"name\":\"Investors Forum\",\"description\":\"Asociacija Investors&#039; Forum\",\"potentialAction\":[{\"@type\":\"SearchAction\",\"target\":{\"@type\":\"EntryPoint\",\"urlTemplate\":\"https:\/\/investorsforum.lt\/?s={search_term_string}\"},\"query-input\":{\"@type\":\"PropertyValueSpecification\",\"valueRequired\":true,\"valueName\":\"search_term_string\"}}],\"inLanguage\":\"en-EN\"}]}<\/script>\n<!-- \/ Yoast SEO plugin. -->","yoast_head_json":{"title":"Presentations BIF 2015 - Investors Forum","robots":{"index":"index","follow":"follow","max-snippet":"max-snippet:-1","max-image-preview":"max-image-preview:large","max-video-preview":"max-video-preview:-1"},"canonical":"https:\/\/investorsforum.lt\/presentations-bif-2015\/","og_locale":"en_US","og_type":"article","og_title":"Presentations BIF 2015 - Investors Forum","og_url":"https:\/\/investorsforum.lt\/presentations-bif-2015\/","og_site_name":"Investors Forum","article_modified_time":"2017-05-11T15:21:28+00:00","twitter_card":"summary_large_image","twitter_misc":{"Est. reading time":"1 minute"},"schema":{"@context":"https:\/\/schema.org","@graph":[{"@type":"WebPage","@id":"https:\/\/investorsforum.lt\/presentations-bif-2015\/","url":"https:\/\/investorsforum.lt\/presentations-bif-2015\/","name":"Presentations BIF 2015 - Investors Forum","isPartOf":{"@id":"https:\/\/investorsforum.lt\/#website"},"datePublished":"2015-06-04T15:20:39+00:00","dateModified":"2017-05-11T15:21:28+00:00","breadcrumb":{"@id":"https:\/\/investorsforum.lt\/presentations-bif-2015\/#breadcrumb"},"inLanguage":"en-EN","potentialAction":[{"@type":"ReadAction","target":["https:\/\/investorsforum.lt\/presentations-bif-2015\/"]}]},{"@type":"BreadcrumbList","@id":"https:\/\/investorsforum.lt\/presentations-bif-2015\/#breadcrumb","itemListElement":[{"@type":"ListItem","position":1,"name":"Home","item":"https:\/\/investorsforum.lt\/"},{"@type":"ListItem","position":2,"name":"Presentations BIF 2015"}]},{"@type":"WebSite","@id":"https:\/\/investorsforum.lt\/#website","url":"https:\/\/investorsforum.lt\/","name":"Investors Forum","description":"Asociacija Investors&#039; Forum","potentialAction":[{"@type":"SearchAction","target":{"@type":"EntryPoint","urlTemplate":"https:\/\/investorsforum.lt\/?s={search_term_string}"},"query-input":{"@type":"PropertyValueSpecification","valueRequired":true,"valueName":"search_term_string"}}],"inLanguage":"en-EN"}]}},"_links":{"self":[{"href":"https:\/\/investorsforum.lt\/en\/wp-json\/wp\/v2\/pages\/1894","targetHints":{"allow":["GET"]}}],"collection":[{"href":"https:\/\/investorsforum.lt\/en\/wp-json\/wp\/v2\/pages"}],"about":[{"href":"https:\/\/investorsforum.lt\/en\/wp-json\/wp\/v2\/types\/page"}],"author":[{"embeddable":true,"href":"https:\/\/investorsforum.lt\/en\/wp-json\/wp\/v2\/users\/1"}],"replies":[{"embeddable":true,"href":"https:\/\/investorsforum.lt\/en\/wp-json\/wp\/v2\/comments?post=1894"}],"version-history":[{"count":3,"href":"https:\/\/investorsforum.lt\/en\/wp-json\/wp\/v2\/pages\/1894\/revisions"}],"predecessor-version":[{"id":7149,"href":"https:\/\/investorsforum.lt\/en\/wp-json\/wp\/v2\/pages\/1894\/revisions\/7149"}],"wp:attachment":[{"href":"https:\/\/investorsforum.lt\/en\/wp-json\/wp\/v2\/media?parent=1894"}],"curies":[{"name":"wp","href":"https:\/\/api.w.org\/{rel}","templated":true}]}}