{"id":2680,"date":"2017-07-25T12:12:05","date_gmt":"2017-07-25T12:12:05","guid":{"rendered":"http:\/\/investorsforum.lt\/?page_id=2680"},"modified":"2018-10-05T13:24:15","modified_gmt":"2018-10-05T13:24:15","slug":"2017-m-teikti-pasiulymai","status":"publish","type":"page","link":"https:\/\/investorsforum.lt\/en\/visi-pasiulymai\/2017-m-teikti-pasiulymai\/","title":{"rendered":"Proposals 2017"},"content":{"rendered":"<p><span style=\"color: #339966;\"><strong>2017 m. gruod\u017eio 20 d.<br \/>\n<\/strong><\/span><span style=\"font-size: 1rem;\">Lietuvos Respublikos Finans\u0173 ministerijai<br \/>\n<\/span>D\u0117l neprognozuojamo mokes\u010dio didinimo loterij\u0173 ir lo\u0161im\u0173 mokes\u010dio \u012fstatymo pakeitimo projekt\u0173<\/p>\n<p><span style=\"color: #339966;\"><strong>2017 m. gruod\u017eio 18 d.<br \/>\n<\/strong><\/span>Lietuvos pramoninink\u0173 konfederacija, Investuotoj\u0173 forumas, Lietuvos prekybos \u012fmoni\u0173 asociacijas, V\u0161\u012e \u201e\u017daliasis ta\u0161kas\u201c<br \/>\nAplinkos apsaugos ministerijai<br \/>\nD\u0117l Aplinkos apsaugos ministro \u012fsakymo \u201eD\u0117l vieningos gamini\u0173, pakuo\u010di\u0173 ir atliek\u0173 apskaitos informacin\u0117s sistemos, kai ja negalima nustatyta tvarka naudotis, tvarkos apra\u0161o patvirtinimo\u201c projekto Nr. 17-14314<\/p>\n<p><span style=\"color: #339966;\"><strong>2017 m. gruod\u017eio 15 d.<br \/>\n<\/strong><\/span>LR Vyriausyb\u0117s kanceliarijai<br \/>\nLR Sveikatos ministerijai<br \/>\nLR Seimo Ekonomikos komitetui<br \/>\nLR Seimo Sveikatos reikal\u0173 komitetui Narkotik\u0173, tabako ir alkoholio kontrol\u0117s departamentui<br \/>\nD\u0117l Lietuvos Respublikos tabako, tabako gamini\u0173 ir su jais susijusi\u0173 gamini\u0173 kontrol\u0117s \u012fstatymo Nr. 1-1143 papildymo 111 straipsniu ir 2, 11, 12, 14, 25 ir 26 straipsni\u0173 pakeitimo \u012fstatymo projekto<\/p>\n<p><strong><span style=\"color: #339966;\">2017 m. gruod\u017eio 5 d.<br \/>\n<\/span><\/strong>Lietuvos Respublikos Seimo Ekonomikos komitetui<br \/>\nD\u0117l Lietuvos Respublikos nacionaliniam saugumui u\u017etikrinti svarbi\u0173 objekt\u0173 apsaugos \u012fstatymo projekto<\/p>\n<p><strong><span style=\"color: #339966;\">2017 m. gruod\u017eio 5 d.<br \/>\n<\/span><\/strong>Lietuvos Respublikos Vyriausybei<br \/>\nLietuvos Respublikos Susisiekimo ministerijai<br \/>\nD\u0117l Lietuvos Respublikos Vyriausyb\u0117s nutarimo \u201eD\u0117l atlyginimo u\u017e dokument\u0173 teikim\u0105 tvarkos apra\u0161o patvirtinimo\u201c projekto Nr. 17-5269(3)<\/p>\n<p><span style=\"color: #339966;\"><strong>2017 m. lapkri\u010dio 29 d.<br \/>\n<\/strong><\/span>Lietuvos Respublikos Seimo Pirmininkui Viktorui Pranckie\u010diui<br \/>\nLietuvos Respublikos Ministrui Pirmininkui Sauliui Skverneliui<br \/>\nLietuvos Respublikos Finans\u0173 ministerijai<br \/>\nD\u0117l neprognozuojamo mokes\u010di\u0173 didinimo loterij\u0173 ir lo\u0161im\u0173 mokes\u010dio \u012fstatymo pakeitimo projekto<\/p>\n<p><strong><span style=\"color: #339966;\">2017 m. lapkri\u010dio 28 d.<br \/>\n<\/span><\/strong>Lietuvos Respublikos Seimo Ekonomikos komitetui<br \/>\nD\u0117l Lietuvos Respublikos nacionaliniam saugumui u\u017etikrinti svarbi\u0173 objekt\u0173 apsaugos \u012fstatymo projekto<\/p>\n<p><span style=\"color: #339966;\"><strong>2017 m. lapkri\u010dio 24 d.<br \/>\n<\/strong><\/span>Lietuvos Respublikos sveikatos apsaugos ministrui<br \/>\nValstybin\u0117s ligoni\u0173 kasos direktorei<br \/>\nD\u0117l sutar\u010di\u0173 tarp teritorini\u0173 ligoni\u0173 kas\u0173 ir asmens sveikatos prie\u017ei\u016bros \u012fstaig\u0173 sudarymo tvarkos<\/p>\n<p><span style=\"color: #339966;\"><strong>2017 m. rugs\u0117jo 13 d.<br \/>\n<\/strong><\/span>Lietuvos Respublikos finans\u0173 ministerijai<br \/>\nPastabos d\u0117l Pelno mokes\u010dio, Nekilnojamojo turto mokes\u010dio ir Gyventoj\u0173 pajam\u0173 mokes\u010dio \u012fstatym\u0173 projekt\u0173<\/p>\n<p><span style=\"color: #339966;\"><strong>2017 m. rugs\u0117jo 4 d.<br \/>\n<\/strong><\/span>Lietuvos Respublikos Seimo Biud\u017eeto ir Finans\u0173 komiteto pirmininkui Stasiui Jakeli\u016bnui<br \/>\nD\u0117l antrosios pakopos pensij\u0173 sistemos bei socialinio draudimo pertvarkos<\/p>\n<p><strong><span style=\"color: #339966;\">2017 m. rugpj\u016b\u010dio 24 d.<br \/>\n<\/span><\/strong>Lietuvos Respublikos Tri\u0161alei Tarybai<br \/>\nPasi\u016blymai d\u0117l darbo ir poilsio laiko ypatum\u0173 kai kuriose ekonomin\u0117s veiklos srityse, sutrumpinto darbo laiko, pailgint\u0173 ir papildom\u0173 atostog\u0173<\/p>\n<p><span style=\"color: #339966;\"><strong>2017 m. rugpj\u016b\u010dio 14 d.<br \/>\n<\/strong><\/span>Lietuvos Respublikos Seimo Ekonomikos komitetui<br \/>\nD\u0117l Lietuvos Respublikos nacionaliniam saugumui u\u017etikrinti svarbi\u0173 objekt\u0173 apsaugos \u012fstatymo projekto<\/p>\n<p><span style=\"color: #339966;\"><strong>2017 m. rugpj\u016b\u010dio 11 d.<br \/>\n<\/strong><\/span>Lietuvos Respublikos Finans\u0173 ministerijai<br \/>\nD\u0117l pasirinkimo sandori\u0173 apmokestinimo<\/p>\n<p><span style=\"color: #339966;\"><strong>2017 m. rugpj\u016b\u010dio 8 d.<br \/>\n<\/strong><\/span>Valstybinei mokes\u010di\u0173 inspekcijai prie Lietuvos Respublikos Finans\u0173 ministerijos<br \/>\nD\u0117l mokes\u010di\u0173 sistemos administravimo tobulinimo<br \/>\nPasi\u016blymai pristatyti Investors\u2019 Forum mokes\u010di\u0173 darbo grup\u0117s susitikimo su VMI vadove E. Janu\u0161iene metu<\/p>\n<p><span style=\"color: #339966;\"><strong>2017 m. bir\u017eelio 30 d.<br \/>\n<\/strong><\/span>Valstybin\u0117s mokes\u010di\u0173 inspekcijos Tiesiogini\u0173 mokes\u010di\u0173 skyriui ir Valstybin\u0117s mokes\u010di\u0173 inspekcijos Teis\u0117s departamentui<br \/>\nD\u0117l holdingo bendrovi\u0173 naudojimo verslo praktikoje ir pelno mokes\u010dio \u012fstatymo 32 straipsnio 6 dalies komentaro projekto<\/p>\n<p><span style=\"color: #339966;\"><strong>2017 m. bir\u017eelio 9 d.<br \/>\n<\/strong><\/span>Lietuvos Respublikos Prezident\u016brai, Lietuvos Respublikos Vyriausybei, Lietuvos Respublikos Seimui ir Lietuvos Respublikos \u0161vietimo ir mokslo ministerijai<br \/>\nD\u0117l valstybini\u0173 universitet\u0173 tinklo pertvarkos, universitet\u0173 valdymo, auk\u0161tojo mokslo pertvarkos ir d\u0117l Mokslo ir studij\u0173 \u012fstatymo Nr. XI-242 5, 26, 27, 28 ir 29 straipsni\u0173 pakeitimo \u012fstatymo projekto (Nr. XIIIP-752)<\/p>\n<p><span style=\"color: #339966;\"><strong>2017 m. bir\u017eelio 2 d.<br \/>\n<\/strong><\/span>Lietuvos Respublikos Susisiekimo ministerijai ir Informacin\u0117s visuomen\u0117s pl\u0117tros komitetui prie Susisiekimo ministerijos<br \/>\nD\u0117l Lietuvos Respublikos Vyriausyb\u0117s nutarimo d\u0117l atlyginimo u\u017e dokument\u0173 teikim\u0105 tvarkos apra\u0161o patvirtinimo projekto<\/p>\n<p><span style=\"color: #339966;\"><strong>2017 m. gegu\u017e\u0117s 11 d.<br \/>\n<\/strong><\/span>Valstybinei mokes\u010di\u0173 inspekcijai prie Lietuvos Respublikos Finans\u0173 ministerijos ir Lietuvos Respublikos finans\u0173 ministerijai<br \/>\nPastabos ir komentarai d\u0117l pateikto LR Pelno mokes\u010dio \u012fstatymo IV skyriaus 32\u201336 straipsni\u0173 komentar\u0173 pakeitimo ir papildymo projekto<\/p>\n<p><span style=\"color: #339966;\"><strong>2017 m. baland\u017eio 28 d.<br \/>\n<\/strong><\/span>Lietuvos Respublikos Seimo nariams Virginijui Sinkevi\u010diui ir Dainiui Kreiviui<br \/>\nD\u0117l Lietuvos Respublikos Lobistin\u0117s veiklos \u012fstatymo nr. VIII-1749 pakeitimo \u012fstatymo projekto nr. XIIP-2731(2)<\/p>\n<p><span style=\"color: #339966;\"><strong>2017 m. vasario 9 d.<br \/>\n<\/strong><\/span>Asociacijos \u201eInvestors\u2019 Forum\u201c pasi\u016blymai investicinei aplinkai gerinti<br \/>\nPristatyti susitikimo metu su Lietuvos Respublikos finans\u0173 ministru V. \u0160apoka<\/p>\n<p><strong><span style=\"color: #339966;\">2017 m. sausio 26 d.<br \/>\n<\/span><\/strong>Lietuvos Respublikos \u016bkio ministrui ir V\u0161\u012e Lietuvos verslo paramos agent\u016brai<br \/>\nD\u0117l 2014-2020 m. ES strukt\u016brini\u0173 fond\u0173 paramos tiesiogini\u0173 u\u017esienio investicij\u0173 skatinimui<\/p>\n<p><strong><span style=\"color: #339966;\">2017 m. sausio 20 d.<br \/>\n<\/span><\/strong>Lietuvos Respublikos Prezidentei ir Lietuvos Respublikos Prezident\u0117s patar\u0117jams<br \/>\nD\u0117l Pagalbinio apvaisinimo \u012fstatymo Nr. XII-2608 3 ir 10 straipsni\u0173 pakeitimo \u012fstatymo Nr. XIII-201<\/p>\n<p><span style=\"color: #339966;\"><strong>2017 m. sausio 6 d.<br \/>\n<\/strong><\/span>Lietuvos Respublikos Vyriausybei ir Lietuvos Respublikos socialin\u0117s apsaugos ir darbo ministerijai<br \/>\nD\u0117l asociacijos \u201eInvestors\u2019 Forum\u201c \u012ftraukimo \u012f tri\u0161al\u0119 taryb\u0105<\/p>\n","protected":false},"excerpt":{"rendered":"<p>2017 m. gruod\u017eio 20 d. Lietuvos Respublikos Finans\u0173 ministerijai D\u0117l neprognozuojamo mokes\u010dio didinimo loterij\u0173 ir lo\u0161im\u0173 mokes\u010dio \u012fstatymo pakeitimo projekt\u0173 2017 m. gruod\u017eio 18 d. Lietuvos pramoninink\u0173 konfederacija, Investuotoj\u0173 forumas, Lietuvos prekybos \u012fmoni\u0173 asociacijas, V\u0161\u012e \u201e\u017daliasis ta\u0161kas\u201c Aplinkos apsaugos ministerijai D\u0117l Aplinkos apsaugos ministro \u012fsakymo \u201eD\u0117l vieningos gamini\u0173, pakuo\u010di\u0173 ir atliek\u0173 apskaitos informacin\u0117s sistemos, kai<\/p>\n<div class=\"more-link\"><a href=\"https:\/\/investorsforum.lt\/en\/visi-pasiulymai\/2017-m-teikti-pasiulymai\/\">Read more<\/a><\/div>\n","protected":false},"author":2,"featured_media":0,"parent":1449,"menu_order":0,"comment_status":"closed","ping_status":"closed","template":"","meta":{"_acf_changed":false,"footnotes":""},"class_list":["post-2680","page","type-page","status-publish","hentry"],"translation":{"provider":"WPGlobus","version":"3.0.2","language":"en","enabled_languages":["lt","en"],"languages":{"lt":{"title":true,"content":true,"excerpt":false},"en":{"title":true,"content":false,"excerpt":false}}},"acf":[],"yoast_head":"<!-- This site is optimized with the Yoast SEO plugin v26.9 - https:\/\/yoast.com\/product\/yoast-seo-wordpress\/ -->\n<title>Proposals 2017 - Investors Forum<\/title>\n<meta name=\"robots\" content=\"index, follow, max-snippet:-1, max-image-preview:large, max-video-preview:-1\" \/>\n<link rel=\"canonical\" href=\"https:\/\/investorsforum.lt\/en\/visi-pasiulymai\/2017-m-teikti-pasiulymai\/\" \/>\n<meta property=\"og:locale\" content=\"en_US\" \/>\n<meta property=\"og:type\" content=\"article\" \/>\n<meta property=\"og:title\" content=\"Proposals 2017 - Investors Forum\" \/>\n<meta property=\"og:url\" content=\"https:\/\/investorsforum.lt\/en\/visi-pasiulymai\/2017-m-teikti-pasiulymai\/\" \/>\n<meta property=\"og:site_name\" content=\"Investors Forum\" \/>\n<meta property=\"article:modified_time\" content=\"2018-10-05T13:24:15+00:00\" \/>\n<meta name=\"twitter:card\" content=\"summary_large_image\" \/>\n<meta name=\"twitter:label1\" content=\"Est. reading time\" \/>\n\t<meta name=\"twitter:data1\" content=\"4 minutes\" \/>\n<script type=\"application\/ld+json\" class=\"yoast-schema-graph\">{\"@context\":\"https:\/\/schema.org\",\"@graph\":[{\"@type\":\"WebPage\",\"@id\":\"https:\/\/investorsforum.lt\/en\/visi-pasiulymai\/2017-m-teikti-pasiulymai\/\",\"url\":\"https:\/\/investorsforum.lt\/en\/visi-pasiulymai\/2017-m-teikti-pasiulymai\/\",\"name\":\"Proposals 2017 - Investors Forum\",\"isPartOf\":{\"@id\":\"https:\/\/investorsforum.lt\/#website\"},\"datePublished\":\"2017-07-25T12:12:05+00:00\",\"dateModified\":\"2018-10-05T13:24:15+00:00\",\"breadcrumb\":{\"@id\":\"https:\/\/investorsforum.lt\/en\/visi-pasiulymai\/2017-m-teikti-pasiulymai\/#breadcrumb\"},\"inLanguage\":\"en-EN\",\"potentialAction\":[{\"@type\":\"ReadAction\",\"target\":[\"https:\/\/investorsforum.lt\/en\/visi-pasiulymai\/2017-m-teikti-pasiulymai\/\"]}]},{\"@type\":\"BreadcrumbList\",\"@id\":\"https:\/\/investorsforum.lt\/en\/visi-pasiulymai\/2017-m-teikti-pasiulymai\/#breadcrumb\",\"itemListElement\":[{\"@type\":\"ListItem\",\"position\":1,\"name\":\"Home\",\"item\":\"https:\/\/investorsforum.lt\/\"},{\"@type\":\"ListItem\",\"position\":2,\"name\":\"Investors&#8217; Forum Proposals\",\"item\":\"https:\/\/investorsforum.lt\/en\/visi-pasiulymai\/\"},{\"@type\":\"ListItem\",\"position\":3,\"name\":\"Proposals 2017\"}]},{\"@type\":\"WebSite\",\"@id\":\"https:\/\/investorsforum.lt\/#website\",\"url\":\"https:\/\/investorsforum.lt\/\",\"name\":\"Investors Forum\",\"description\":\"Asociacija Investors&#039; Forum\",\"potentialAction\":[{\"@type\":\"SearchAction\",\"target\":{\"@type\":\"EntryPoint\",\"urlTemplate\":\"https:\/\/investorsforum.lt\/?s={search_term_string}\"},\"query-input\":{\"@type\":\"PropertyValueSpecification\",\"valueRequired\":true,\"valueName\":\"search_term_string\"}}],\"inLanguage\":\"en-EN\"}]}<\/script>\n<!-- \/ Yoast SEO plugin. -->","yoast_head_json":{"title":"Proposals 2017 - Investors Forum","robots":{"index":"index","follow":"follow","max-snippet":"max-snippet:-1","max-image-preview":"max-image-preview:large","max-video-preview":"max-video-preview:-1"},"canonical":"https:\/\/investorsforum.lt\/en\/visi-pasiulymai\/2017-m-teikti-pasiulymai\/","og_locale":"en_US","og_type":"article","og_title":"Proposals 2017 - Investors Forum","og_url":"https:\/\/investorsforum.lt\/en\/visi-pasiulymai\/2017-m-teikti-pasiulymai\/","og_site_name":"Investors Forum","article_modified_time":"2018-10-05T13:24:15+00:00","twitter_card":"summary_large_image","twitter_misc":{"Est. reading time":"4 minutes"},"schema":{"@context":"https:\/\/schema.org","@graph":[{"@type":"WebPage","@id":"https:\/\/investorsforum.lt\/en\/visi-pasiulymai\/2017-m-teikti-pasiulymai\/","url":"https:\/\/investorsforum.lt\/en\/visi-pasiulymai\/2017-m-teikti-pasiulymai\/","name":"Proposals 2017 - Investors Forum","isPartOf":{"@id":"https:\/\/investorsforum.lt\/#website"},"datePublished":"2017-07-25T12:12:05+00:00","dateModified":"2018-10-05T13:24:15+00:00","breadcrumb":{"@id":"https:\/\/investorsforum.lt\/en\/visi-pasiulymai\/2017-m-teikti-pasiulymai\/#breadcrumb"},"inLanguage":"en-EN","potentialAction":[{"@type":"ReadAction","target":["https:\/\/investorsforum.lt\/en\/visi-pasiulymai\/2017-m-teikti-pasiulymai\/"]}]},{"@type":"BreadcrumbList","@id":"https:\/\/investorsforum.lt\/en\/visi-pasiulymai\/2017-m-teikti-pasiulymai\/#breadcrumb","itemListElement":[{"@type":"ListItem","position":1,"name":"Home","item":"https:\/\/investorsforum.lt\/"},{"@type":"ListItem","position":2,"name":"Investors&#8217; Forum Proposals","item":"https:\/\/investorsforum.lt\/en\/visi-pasiulymai\/"},{"@type":"ListItem","position":3,"name":"Proposals 2017"}]},{"@type":"WebSite","@id":"https:\/\/investorsforum.lt\/#website","url":"https:\/\/investorsforum.lt\/","name":"Investors Forum","description":"Asociacija Investors&#039; Forum","potentialAction":[{"@type":"SearchAction","target":{"@type":"EntryPoint","urlTemplate":"https:\/\/investorsforum.lt\/?s={search_term_string}"},"query-input":{"@type":"PropertyValueSpecification","valueRequired":true,"valueName":"search_term_string"}}],"inLanguage":"en-EN"}]}},"_links":{"self":[{"href":"https:\/\/investorsforum.lt\/en\/wp-json\/wp\/v2\/pages\/2680","targetHints":{"allow":["GET"]}}],"collection":[{"href":"https:\/\/investorsforum.lt\/en\/wp-json\/wp\/v2\/pages"}],"about":[{"href":"https:\/\/investorsforum.lt\/en\/wp-json\/wp\/v2\/types\/page"}],"author":[{"embeddable":true,"href":"https:\/\/investorsforum.lt\/en\/wp-json\/wp\/v2\/users\/2"}],"replies":[{"embeddable":true,"href":"https:\/\/investorsforum.lt\/en\/wp-json\/wp\/v2\/comments?post=2680"}],"version-history":[{"count":81,"href":"https:\/\/investorsforum.lt\/en\/wp-json\/wp\/v2\/pages\/2680\/revisions"}],"predecessor-version":[{"id":3799,"href":"https:\/\/investorsforum.lt\/en\/wp-json\/wp\/v2\/pages\/2680\/revisions\/3799"}],"up":[{"embeddable":true,"href":"https:\/\/investorsforum.lt\/en\/wp-json\/wp\/v2\/pages\/1449"}],"wp:attachment":[{"href":"https:\/\/investorsforum.lt\/en\/wp-json\/wp\/v2\/media?parent=2680"}],"curies":[{"name":"wp","href":"https:\/\/api.w.org\/{rel}","templated":true}]}}