{"id":3104,"date":"2018-01-15T15:12:46","date_gmt":"2018-01-15T15:12:46","guid":{"rendered":"http:\/\/investorsforum.lt\/?page_id=3104"},"modified":"2018-12-19T14:49:30","modified_gmt":"2018-12-19T14:49:30","slug":"investors-forum-pasiulymai-2018","status":"publish","type":"page","link":"https:\/\/investorsforum.lt\/en\/visi-pasiulymai\/investors-forum-pasiulymai-2018\/","title":{"rendered":"Proposals 2018"},"content":{"rendered":"<p><strong><span style=\"color: #2b9866;\">2018 m. gruod\u017eio 4 d.<br \/>\n<\/span><\/strong><span style=\"color: #000000;\">Lietuvos Respublikos Seimui<\/span><br \/>\n<a href=\"http:\/\/investorsforum.lt\/wp-content\/uploads\/2018\/12\/20181204-IF-del-soc-iniciatyvu-istatymo.pdf\" target=\"_blank\" rel=\"noopener\">D\u0117l Lietuvos Respublikos darbdavi\u0173 socialini\u0173 iniciatyv\u0173 skatinimo \u012fstatymo projekto<\/a><\/p>\n<p><strong><span style=\"color: #2b9866;\">2018 m. gruod\u017eio 4 d.<br \/>\n<\/span><\/strong><span style=\"color: #000000;\">Lietuvos Respublikos \u016akio ministerijai\u00a0<\/span><br \/>\n<a href=\"http:\/\/investorsforum.lt\/wp-content\/uploads\/2018\/12\/20181204-IF-RA\u0160TAS-D\u0116L-VERSLO-PASLAUG\u0172-CENTR\u0172.pdf\" target=\"_blank\" rel=\"noopener\">Investuotoj\u0173 forumo Verslo paslaug\u0173 centr\u0173 darbo grup\u0117s investicin\u0117s aplinkos gerinimo pasi\u016blymai<\/a><\/p>\n<p><strong><span style=\"color: #2b9866;\">2018 m. gruod\u017eio 4 d.<br \/>\n<\/span><\/strong>LR Seimo Pirmininkui<br \/>\nLR Seimo Ekonomikos komitetui<br \/>\nLR Seimo Aplinkos apsaugos komitetui<br \/>\nLR Seimo frakcijai\u00a0\u201eTvarka ir teisingumas&#8221;<br \/>\nLR Seimo Liberal\u0173 s\u0105j\u016bd\u017eio frakcijai<br \/>\nLR Seimo Lenk\u0173 rinkim\u0173 akcijos &#8211; Krik\u0161\u010dioni\u0161k\u0173 seim\u0173 s\u0105jungos frakcijai<br \/>\nLR Seimo Lietuvos socialdemokrat\u0173 darbo frakcijai<br \/>\nLR Seimo Lietuvos socialdemokrat\u0173 partijos frakcijai<br \/>\nLR Seimo Lietuvos valstie\u010di\u0173 ir \u017eali\u0173j\u0173 partijos frakcijai<br \/>\nLR Seimo Mi\u0161riai nari\u0173 grupei<br \/>\nLR Seimo T\u0117vyn\u0117s s\u0105jungos &#8211; Lietuvos krik\u0161\u010dioni\u0173 demokrat\u0173 frakcijai<br \/>\nKopija: J. E. Lietuvos Respublikos Prezidentei Daliai Grybauskaitei<br \/>\nLR Ministrui Pirmininkui Sauliui Skverneliui<br \/>\n<a href=\"http:\/\/investorsforum.lt\/wp-content\/uploads\/2018\/12\/20181204-Prasymas-inicijuoti-parlamentine-atlieku-tvarkymo-sistemos-kontrole.pdf\" target=\"_blank\" rel=\"noopener\">Pra\u0161ymas inicijuoti parlamentin\u0119 atliek\u0173 tvarkymo sistemos kontrol\u0119<\/a><\/p>\n<p><strong><span style=\"color: #2b9866;\">2018 m. lapkri\u010dio 30 d.<br \/>\n<\/span><\/strong>Lietuvos Respublikos \u016akio ministerijai\u00a0<br \/>\n<a href=\"http:\/\/investorsforum.lt\/wp-content\/uploads\/2018\/12\/20181130-IF-RA\u0160TAS-D\u0116L-MTEP-LENGVAT\u0172.pdf\" target=\"_blank\" rel=\"noopener\">D\u0117l MTEP lengvat\u0173 taikymo<\/a><\/p>\n<p><strong><span style=\"color: #2b9866;\">2018 m. lapkri\u010dio 16 d.<br \/>\n<\/span><\/strong>Lietuvos Respublikos \u016akio ministerijai\u00a0<br \/>\n<a href=\"http:\/\/investorsforum.lt\/wp-content\/uploads\/2018\/11\/20181116-IF-ra\u0161tas-d\u0117l-Lietuvos-Respublikos-ma\u017emenin\u0117s-prekybos-\u012fmoni\u0173-nes\u0105\u017eining\u0173-veiksm\u0173-draudimo-\u012fstatymo.pdf\" target=\"_blank\" rel=\"noopener\">D\u0117l Lietuvos Respublikos ma\u017emenin\u0117s prekybos \u012fmoni\u0173 nes\u0105\u017eining\u0173 veiksm\u0173 draudimo \u012fstatymo Nr. XI-626 3, 4, 5, 8, 9, 12 straipsni\u0173 pakeitimo ir \u012fstatymo papildymo 9(1), 9(2) straipsniais \u012fstatymo projekto<\/a><\/p>\n<p><strong><span style=\"color: #2b9866;\">2018 m. spalio\u00a015 d.<br \/>\n<\/span><\/strong>Lietuvos Respublikos \u016akio ministerijai\u00a0<br \/>\n<a href=\"http:\/\/investorsforum.lt\/wp-content\/uploads\/2018\/10\/20181015-IF-RA%C5%A0TAS-D%C4%96L-PREKYBOS-CENTR%C5%B2-KONKURENCIJOS-DIDINIMO-PLANO.pdf\" target=\"_blank\" rel=\"noopener\">D\u0117l Lietuvos Respublikos Vyriausyb\u0117s 2018 m. rugs\u0117jo 26 d. pasitarimo protokole Nr. 43<\/a><br \/>\n<a href=\"http:\/\/investorsforum.lt\/wp-content\/uploads\/2018\/10\/20181015-IF-RA%C5%A0TAS-D%C4%96L-PREKYBOS-CENTR%C5%B2-KONKURENCIJOS-DIDINIMO-PLANO.pdf\" target=\"_blank\" rel=\"noopener\">nurodyt\u0173 pavedim\u0173 \u016akio ministerijai \u012fgyvendinimo<\/a><strong><span style=\"color: #2b9866;\"><br \/>\n<\/span><\/strong><\/p>\n<p><strong><span style=\"color: #2b9866;\">2018 m. spalio\u00a012 d.<br \/>\n<\/span><\/strong>Lietuvos Respublikos Sveikatos apsaugos ministerijai\u00a0<br \/>\nKopija: Lietuvos Respublikos Vyriausybei<br \/>\nLietuvos Respublikos \u016akio ministerijai<br \/>\nLietuvos Respublikos Aplinkos apsaugos ministerijai<br \/>\nLietuvos Respublikos \u017dem\u0117s \u016bkio ministerijai<br \/>\nLietuvos Respublikos \u017dem\u0117s \u016bkio r\u016bmams<br \/>\nLietuvos vie\u0161bu\u010di\u0173 ir restoran\u0173 asociacijai<br \/>\nLietuvos pramoninink\u0173 konfederacijai<br \/>\nLietuvos pramon\u0117s ir amat\u0173 r\u016bmams<strong><span style=\"color: #2b9866;\"><br \/>\n<\/span><\/strong><a href=\"http:\/\/investorsforum.lt\/wp-content\/uploads\/2018\/10\/20181012-IF-RA%C5%A0TAS-D%C4%96L-HIGIENOS-NORMOS-IR-KVAP%C5%B2-KONTROL%C4%96S.pdf\" target=\"_blank\" rel=\"noopener\">D\u0117l higienos normos HN 121:2010 &#8220;Kvapo koncentracijos ribin\u0117 vert\u0117 gyvenamosios aplinkos<\/a><br \/>\n<a href=\"http:\/\/investorsforum.lt\/wp-content\/uploads\/2018\/10\/20181012-IF-RA%C5%A0TAS-D%C4%96L-HIGIENOS-NORMOS-IR-KVAP%C5%B2-KONTROL%C4%96S.pdf\" target=\"_blank\" rel=\"noopener\">ore&#8221; ir \u201cKvap\u0173 kontrol\u0117s gyvenamosios aplinkos ore taisykli\u0173 patvirtinimo&#8221; pakeitimo<\/a><br \/>\nprojekt\u0173 <strong><span style=\"color: #2b9866;\"><br \/>\n<\/span><\/strong><\/p>\n<p><strong><span style=\"color: #2b9866;\">2018 m. spalio 4 d.<\/span><br \/>\n<\/strong>Lietuvos Respublikos Vyriausybei<br \/>\nLietuvos Respublikos Susisiekimo ministerijai<br \/>\nKopija:\u00a0Lietuvos Respublikos \u016akio ministerijai<br \/>\n<a href=\"http:\/\/investorsforum.lt\/wp-content\/uploads\/2018\/10\/20181003-IF-RA\u0160TAS-D\u0116L-VALSTYB\u0116S-INFORMACINI\u0172-I\u0160TEKLI\u0172-STRATEGIJOS-IR-ATVIR\u0172-DUOMEN\u0172-POLITIKOS.pdf\" target=\"_blank\" rel=\"noopener\">D\u0117l valstyb\u0117s informacini\u0173 i\u0161tekli\u0173 strategijos ir atvir\u0173 duomen\u0173 politikos<\/a><\/p>\n<p><strong><span style=\"color: #339966;\"><span style=\"color: #2b9866;\">2018 m. rugs\u0117jo 27 d.<\/span><\/span><span style=\"color: #339966;\"><br \/>\n<\/span><\/strong>LR Ministrui Pirmininkui Sauliui Skverneliui<br \/>\nLR kra\u0161to apsaugos ministrui Raimundui Karobliui<br \/>\nLR \u016bkio ministrui Virginijui Sinkevi\u010diui<br \/>\nKopija: Lietuvos Respublikos finans\u0173 ministerijai<br \/>\nLietuvos Respublikos susisiekimo ministerijai<br \/>\nLietuvos Respblikos vidaus reikal\u0173 ministerijai<br \/>\n<a href=\"http:\/\/investorsforum.lt\/wp-content\/uploads\/2018\/10\/20180927-RA\u0160TAS-D\u0116L-VALSTYB\u0116S-INFORMACINI\u0172-I\u0160TEKLI\u0172-VALDYMO-\u012eSTATYMO-NR.-XI-1807-1-2-5-IR-6-STRAIPSNI\u0172-PAKEITIMO-IR-\u012eSTATYMO-PAPILDYMO-432-IR-433-STRAIPSNIAIS-\u012eSTATYMO-PRO.pdf\" target=\"_blank\" rel=\"noopener\">Ra\u0161tas d\u0117l valstyb\u0117s informacini\u0173 i\u0161tekli\u0173 valdymo \u012fstatymo nr. xi-1807 1 2 5 ir 6 straipsni\u0173 pakeitimo ir \u012fstatymo papildymo 43(2) ir 43(3) straipsniais \u012fstatymo projekto nr. 18-9700<\/a><\/p>\n<p><strong><span style=\"color: #339966;\"><span style=\"color: #2b9866;\">2018 m. rugs\u0117jo 20 d.<\/span><\/span><\/strong><br \/>\nLietuvos Respublikos Sveikatos apsaugos ministerijai<br \/>\n<a href=\"http:\/\/investorsforum.lt\/wp-content\/uploads\/2018\/10\/20180920-IF-d\u0117l-dalyvavimo-SAM-darbo-grup\u0117se.pdf\" target=\"_blank\" rel=\"noopener\">D\u0117l Investuotoj\u0173 Forumo atstov\u0173 dalyvavimo Lietuvos Respublikos Sveikatos apsaugos ministerijos darbo grup\u0117se<\/a><\/p>\n<p><strong><span style=\"color: #339966;\"><span style=\"color: #2b9866;\">2018 m. rugs\u0117jo 19 d.<br \/>\n<\/span><\/span><\/strong><span style=\"color: #333333;\">Lietuvos Respublikos Seimui<br \/>\n<a href=\"http:\/\/investorsforum.lt\/wp-content\/uploads\/2018\/10\/20180919-IF-pasi\u016blymai-d\u0117l-lobistin\u0117s-veiklos.pdf\" target=\"_blank\" rel=\"noopener\">D\u0117l Lietuvos Respublikos Lobistin\u0117s veiklos \u012fstatymo nr. VIII-1749 pakeitimo \u012fstatymo projekto<\/a><\/span><\/p>\n<p><strong><span style=\"color: #339966;\"><span style=\"color: #2b9866;\">2018 m. rugs\u0117jo 5 d.<br \/>\n<\/span><\/span><\/strong>Lietuvos Respublikos Finans\u0173 ministerijai<br \/>\n<a href=\"http:\/\/investorsforum.lt\/wp-content\/uploads\/2018\/10\/20180905-IF-pasiulymai-del-paramos-gaveju.pdf\" target=\"_blank\" rel=\"noopener\">D\u0117l asmen\u0173, turin\u010di\u0173 teis\u0119 gauti param\u0105, teisinio reglamentavimo tobulinimo<\/a><\/p>\n<p><span style=\"color: #2b9866;\"><strong>2018 <span style=\"color: #2b9950;\">rugpj\u016b\u010dio<\/span> 31 d.\u00a0<br \/>\n<\/strong><span style=\"color: #000000;\">Lietuvos Respublikos Sveikatos apsaugos ministerijai<\/span><br \/>\n<span style=\"color: #000000;\">Kopija:\u00a0<\/span><span style=\"color: #000000;\">Lietuvos Respublikos Vyriausyb\u0117s kanceliarijai<\/span><br \/>\n<span style=\"color: #000000;\">Lietuvos Respublikos \u016akio ministerijai<\/span><br \/>\n<span style=\"color: #000000;\">Lietuvos Respublikos Finans\u0173 ministerijai<\/span><br \/>\n<span style=\"color: #000000;\">Lietuvos Respublikos Teisingumo ministerijai<\/span><br \/>\n<span style=\"color: #000000;\">Lietuvos Respublikos Vidaus reikal\u0173 ministerijai<\/span><br \/>\n<span style=\"color: #000000;\">Europos teis\u0117s departamentui prie Lietuvos Respublikos Teisingumo ministerijos<br \/>\n<\/span><a href=\"http:\/\/investorsforum.lt\/wp-content\/uploads\/2018\/10\/20180831-IF-pasi\u016blymai-d\u0117l-tabako-kontrol\u0117s-\u012fstatymo.pdf\" target=\"_blank\" rel=\"noopener\">D\u0117l Lietuvos Respublikos tabako, tabako gamini\u0173 ir su jais susijusi\u0173 gamini\u0173 kontrol\u0117s \u012fstatymo Nr. I-1143 2, 6, 82, 83, 87, 9, 93, 910, 911, 11, 16, 17, 18, 19 ir 26 straipsni\u0173 pakeitimo ir \u012fstatymo papildymo 151 straipsniu \u012fstatymo projekto<\/a><\/span><\/p>\n<p><span style=\"color: #2b9950;\"><strong>2018 rugpj\u016b\u010dio 28d.<\/strong><\/span><br \/>\n<span style=\"color: #000000;\">Lietuvos Respublikos Sveikatos ministerijai\u00a0<\/span><br \/>\n<a href=\"http:\/\/investorsforum.lt\/wp-content\/uploads\/2018\/10\/20180828-IF-pasi\u016blymai-d\u0117l-sveikatos-draudimo-\u012fstatymo.pdf\" target=\"_blank\" rel=\"noopener\">Investuotoj\u0173 Forumo pasi\u016blymai d\u0117l Sveikatos draudimo \u012fstatymo 26 straipsnio<\/a><\/p>\n<p><span style=\"color: #2b9950;\"><strong>2018 m. rugpj\u016b\u010dio 16 d.<\/strong><\/span><br \/>\n<span style=\"color: #000000;\">Lietuvos Respublikos finans\u0173 ministerijai<\/span><br \/>\n<a href=\"http:\/\/investorsforum.lt\/wp-content\/uploads\/2018\/10\/20180816-IF-del-palukanu.pdf\" target=\"_blank\" rel=\"noopener\">Pasi\u016blymas d\u0117l Lietuvos Respublikos pelno mokes\u010dio \u012fstatymo projekto d\u0117l pal\u016bkan\u0173 atskaitymo pakeitimo ir patikslinimo<\/a><\/p>\n<p><span style=\"color: #2b9866;\"><strong>2018 rugpj\u016b\u010dio 14d.<\/strong><br \/>\n<span style=\"color: #000000;\">Lietuvos Respublikos Teisingumo ministerijai\u00a0<\/span><br \/>\n<a href=\"http:\/\/investorsforum.lt\/wp-content\/uploads\/2018\/10\/20180814-IF-pasi\u016blymai-d\u0117l-lobistin\u0117s-veiklos.pdf\" target=\"_blank\" rel=\"noopener\">D\u0117l Lietuvos Respublikos Lobistin\u0117s veiklos \u012fstatymo nr. VIII-1749 pakeitimo \u012fstatymo projekto<\/a><\/span><\/p>\n<p><span style=\"color: #2b9950;\"><strong>2018 m. rugpj\u016b\u010dio 13 d.<\/strong><\/span><br \/>\n<span style=\"color: #000000;\">Lietuvos Respublikos sveikatos apsaugos ministerijai<\/span><br \/>\n<span style=\"color: #000000;\">Lietuvos Respublikos \u016bkio ministerijai<\/span><br \/>\n<span style=\"color: #000000;\">Lietuvos Respublikos Vyriausybei<\/span><br \/>\n<a href=\"http:\/\/investorsforum.lt\/wp-content\/uploads\/2018\/10\/20180813_IF_rastas_SAM_del_brangiau_kainuojanciu_paslaugu_Isakymo_projekto_.pdf\" target=\"_blank\" rel=\"noopener\">D\u0117l pastab\u0173 ir pasi\u016blym\u0173 \u012esakymo projektui<\/a><\/p>\n<p><strong><span style=\"color: #339854;\">2018 m. liepos 27 d.<\/span><\/strong><br \/>\nLietuvos Respublikos Teisingumo ministerijai<br \/>\n<a href=\"http:\/\/investorsforum.lt\/wp-content\/uploads\/2018\/10\/20180727-IF-ra\u0161tas-d\u0117l-prane\u0161\u0117j\u0173-apsaugos.pdf\" target=\"_blank\" rel=\"noopener\">D\u0117l \u201catlyginimo prane\u0161\u0117jams u\u017e verting\u0105 informacij\u0105 tvarkos apra\u0161o, kompensavimo prane\u0161\u0117jams u\u017e patiriam\u0105 neigiam\u0105 poveik\u012f ar galimus padarinius d\u0117l pateikto prane\u0161imo tvarkos apra\u0161o ir vidini\u0173 informacijos apie pa\u017eeidimus teikimo kanal\u0173 \u012fdiegimo ir j\u0173 funkcionavimo u\u017etikrinimo tvarkos apra\u0161o patvirtinimo&#8221; projekto<\/a><\/p>\n<p><span style=\"color: #339854;\"><strong>2018 m. bir\u017eelio 29 d.<br \/>\n<\/strong><\/span><span style=\"color: #333333;\">Jos Ekscelencijai Daliai Grybauskaitei\u00a0<br \/>\n<\/span><a href=\"http:\/\/investorsforum.lt\/wp-content\/uploads\/2018\/10\/20180629_Kreipimasis_i_Prezidente_del-veto__su-pasiulymais.pdf\" target=\"_blank\" rel=\"noopener\">Asociacijos \u201eInvestors\u2018 Forum\u201c kreipimasis d\u0117l sveikatos apsaugos reformos projekt\u0173 vetavimo<\/a><\/p>\n<p><strong><span style=\"color: #339854;\">2018 m. bir\u017eelio 27 d.<\/span><\/strong><br \/>\nLietuvos Respublikos Kult\u016bros ministerijai<br \/>\n<a href=\"http:\/\/investorsforum.lt\/wp-content\/uploads\/2018\/10\/20180627-IF-ra\u0161tas-d\u0117l-Kult\u016bros-ministerijos-darbo-grup\u0117s-nario-delegavimo.pdf\" target=\"_blank\" rel=\"noopener\">D\u0117l darbo grup\u0117s d\u0117l integralios kult\u016bros paveldo apsaugos politikos modelio projekto<\/a><\/p>\n<p><strong><span style=\"color: #339854;\">2018 m. bir\u017eelio 25 d.<\/span><\/strong><br \/>\nLietuvos Respublikos Finans\u0173 ministerijai<br \/>\n<a href=\"http:\/\/investorsforum.lt\/wp-content\/uploads\/2018\/10\/20180625-IF-pasi\u016blymai-del-akcizo.pdf\" target=\"_blank\" rel=\"noopener\">D\u0117l tarybos direktyvos, i\u0161 dalies kei\u010dian\u010dios direktyv\u0105 92\/83\/EEB d\u0117l akcizo mokes\u010dio alkoholiui ir alkoholiniams g\u0117rimams strukt\u016br\u0173 suderinimo (dok.com(2018)334 final)<\/a><\/p>\n<p><strong><span style=\"color: #339854;\">2018 m. bir\u017eelio 20 d.<\/span><br \/>\n<\/strong>Lietuvos Respublikos Finans\u0173 ministerijai \u00a0<br \/>\n<a href=\"http:\/\/investorsforum.lt\/wp-content\/uploads\/2018\/10\/20180620-IF-pasiulymai-FM-D\u0117l-PMI-pakeitimo-projekto.pdf\" target=\"_blank\" rel=\"noopener\">D\u0117l pelno mokes\u010dio \u012fstatymo nr. ix-675 2, 5, 17, 30 straipsni\u0173, 3 pried\u0117lio pakeitimo ir \u012fstatymo papildymo 30<sup>1<\/sup> straipsniu \u012fstatymo projekto<\/a><\/p>\n<p><span style=\"color: #339854;\"><strong>2018 m. bir\u017eelio 11 d.<\/strong><\/span><br \/>\nLR Seimo Sveikatos reikal\u0173 komiteto pirmininkei<br \/>\nLR Seimo Sveikatos reikal\u0173 komiteto pirminink\u0117s pavaduotojui<br \/>\n<a href=\"http:\/\/investorsforum.lt\/wp-content\/uploads\/2018\/10\/20180611-IF-pastabos-SRK-del-teises-aktu-projektu-del-ASPI-veiklos-ir-tinklo.pdf\" target=\"_blank\" rel=\"noopener\">D\u0117l pastab\u0173 teis\u0117s akt\u0173 projektams<\/a><\/p>\n<p><span style=\"color: #339854;\"><strong>2018 m. bir\u017eelio 11<\/strong> <strong>d.<\/strong><br \/>\n<span style=\"color: #000000;\">Jos Ekscelencijai Daliai Grybauskaitei<br \/>\nLietuvos Respublikos Prezident\u0117s patar\u0117joms<br \/>\nLietuvos Respublikos Ministrui Pirmininkui<br \/>\nLietuvos Respublikos Vyriausyb\u0117s kancleriui<br \/>\nLietuvos Respublikos konkurencijos tarybos pirmininkui<br \/>\nLR Seimo Sveikatos reikal\u0173 komiteto pirmininkei<br \/>\n<a href=\"http:\/\/investorsforum.lt\/wp-content\/uploads\/2018\/10\/20180611-Asociaciju-Kreipimasis-d\u0117l-Sveikatos-sistemos.pdf\" target=\"_blank\" rel=\"noopener\">D\u0117l teis\u0117s akt\u0173 projekt\u0173, kuriais siekiama \u012fvykdyti gydymo \u012fstaig\u0173 veiklos pertvark\u0105<\/a><br \/>\n<\/span><\/span><\/p>\n<p><span style=\"font-size: 1rem;\"><span style=\"color: #359866;\"><strong>2018 m. gegu\u017e\u0117s 24 d.<\/strong><\/span><br \/>\n<\/span>Lietuvos Respublikos \u016akio viceministrui Elijui \u010civiliui\u00a0<br \/>\n<a href=\"http:\/\/investorsforum.lt\/wp-content\/uploads\/2018\/10\/20180524-IF-registr\u0173-ir-informacini\u0173-sistem\u0173-problematikos-pristatymas.pdf\" target=\"_blank\" rel=\"noopener\">Valstyb\u0117s registr\u0173 ir informacini\u0173 sistem\u0173 problematika<\/a><\/p>\n<p><span style=\"color: #359866;\"><strong>2018 m. gegu\u017e\u0117s 16 d.<\/strong><\/span><br \/>\nLietuvos Respublikos Finans\u0173 ministerijai\u00a0<br \/>\nKopija: Lietuvos Bankui<br \/>\n<a href=\"http:\/\/investorsforum.lt\/wp-content\/uploads\/2018\/10\/20180516-IF-pasiulymas-FM-D\u0117l-pal\u016bkan\u0173-i\u0161-vie\u0161ai-platinam\u0173-obligacij\u0173-apmokestinimo.pdf\" target=\"_blank\" rel=\"noopener\">D\u0117l pal\u016bkan\u0173 i\u0161 vie\u0161ai platinam\u0173 obligacij\u0173 apmokestinimo<\/a><\/p>\n<p><span style=\"color: #359866;\"><strong>2018 m.\u00a0gegu\u017e\u0117s 11 d.<\/strong><\/span><br \/>\nLietuvos Respublikos Finans\u0173 ministerijai\u00a0<br \/>\nLietuvos Respublikos Socialin\u0117s apsaugos ir darbo ministerijai<br \/>\n<a href=\"http:\/\/investorsforum.lt\/wp-content\/uploads\/2018\/10\/20180511-IF-pasiulymai-FM-d\u0117l-teis\u0117s-akt\u0173-projekt\u0173.pdf\" target=\"_blank\" rel=\"noopener\">D\u0117l strukt\u016brini\u0173 reform\u0173<\/a><\/p>\n<p><strong><span style=\"color: #359866;\">2018 gegu\u017e\u0117s\u00a0<\/span><span style=\"color: #339966;\">2d.\u00a0<\/span><\/strong><br \/>\nLR Finans\u0173 ministerijai\u00a0<br \/>\nLR Socialin\u0117s apsaugos ir darbo ministerijai<br \/>\n<a href=\"http:\/\/investorsforum.lt\/wp-content\/uploads\/2018\/10\/20180502-IF-ra\u0161tas-FINMIN-SOCMIN-d\u0117l-mokes\u010di\u0173-ir-pensij\u0173-reformos.pdf\" target=\"_blank\" rel=\"noopener\">D\u0117l mokes\u010di\u0173 sistemos reformos ir kaupiamosios pensij\u0173 sistemos planuojam\u0173 pakeitim\u0173 gairi\u0173<\/a><\/p>\n<p><strong><a href=\"http:\/\/investorsforum.lt\/wp-content\/uploads\/2018\/12\/2018-03-19-_Investors_Forum_Investicin\u0117s_aplinkos_gerinimo_pasi\u016blymai.pdf\">100 investicin\u0117s aplinkos gerinimo pasi\u016blym\u0173<\/a><\/strong><\/p>\n","protected":false},"excerpt":{"rendered":"<p>2018 m. gruod\u017eio 4 d. Lietuvos Respublikos Seimui D\u0117l Lietuvos Respublikos darbdavi\u0173 socialini\u0173 iniciatyv\u0173 skatinimo \u012fstatymo projekto 2018 m. gruod\u017eio 4 d. Lietuvos Respublikos \u016akio ministerijai\u00a0 Investuotoj\u0173 forumo Verslo paslaug\u0173 centr\u0173 darbo grup\u0117s investicin\u0117s aplinkos gerinimo pasi\u016blymai 2018 m. gruod\u017eio 4 d. LR Seimo Pirmininkui LR Seimo Ekonomikos komitetui LR Seimo Aplinkos apsaugos komitetui LR<\/p>\n<div class=\"more-link\"><a href=\"https:\/\/investorsforum.lt\/en\/visi-pasiulymai\/investors-forum-pasiulymai-2018\/\">Read more<\/a><\/div>\n","protected":false},"author":2,"featured_media":0,"parent":1449,"menu_order":0,"comment_status":"closed","ping_status":"closed","template":"","meta":{"_acf_changed":false,"footnotes":""},"class_list":["post-3104","page","type-page","status-publish","hentry"],"translation":{"provider":"WPGlobus","version":"3.0.2","language":"en","enabled_languages":["lt","en"],"languages":{"lt":{"title":true,"content":true,"excerpt":false},"en":{"title":true,"content":false,"excerpt":false}}},"acf":[],"yoast_head":"<!-- This site is optimized with the Yoast SEO plugin v26.9 - https:\/\/yoast.com\/product\/yoast-seo-wordpress\/ -->\n<title>Proposals 2018 - Investors Forum<\/title>\n<meta name=\"robots\" content=\"index, follow, max-snippet:-1, max-image-preview:large, max-video-preview:-1\" \/>\n<link rel=\"canonical\" href=\"https:\/\/investorsforum.lt\/visi-pasiulymai\/investors-forum-pasiulymai-2018\/\" \/>\n<meta property=\"og:locale\" content=\"en_US\" \/>\n<meta property=\"og:type\" content=\"article\" \/>\n<meta property=\"og:title\" content=\"Proposals 2018 - Investors Forum\" \/>\n<meta property=\"og:url\" content=\"https:\/\/investorsforum.lt\/visi-pasiulymai\/investors-forum-pasiulymai-2018\/\" \/>\n<meta property=\"og:site_name\" content=\"Investors Forum\" \/>\n<meta property=\"article:modified_time\" content=\"2018-12-19T14:49:30+00:00\" \/>\n<meta name=\"twitter:card\" content=\"summary_large_image\" \/>\n<meta name=\"twitter:label1\" content=\"Est. reading time\" \/>\n\t<meta name=\"twitter:data1\" content=\"5 minutes\" \/>\n<script type=\"application\/ld+json\" class=\"yoast-schema-graph\">{\"@context\":\"https:\/\/schema.org\",\"@graph\":[{\"@type\":\"WebPage\",\"@id\":\"https:\/\/investorsforum.lt\/visi-pasiulymai\/investors-forum-pasiulymai-2018\/\",\"url\":\"https:\/\/investorsforum.lt\/visi-pasiulymai\/investors-forum-pasiulymai-2018\/\",\"name\":\"Proposals 2018 - Investors Forum\",\"isPartOf\":{\"@id\":\"https:\/\/investorsforum.lt\/#website\"},\"datePublished\":\"2018-01-15T15:12:46+00:00\",\"dateModified\":\"2018-12-19T14:49:30+00:00\",\"breadcrumb\":{\"@id\":\"https:\/\/investorsforum.lt\/visi-pasiulymai\/investors-forum-pasiulymai-2018\/#breadcrumb\"},\"inLanguage\":\"en-EN\",\"potentialAction\":[{\"@type\":\"ReadAction\",\"target\":[\"https:\/\/investorsforum.lt\/visi-pasiulymai\/investors-forum-pasiulymai-2018\/\"]}]},{\"@type\":\"BreadcrumbList\",\"@id\":\"https:\/\/investorsforum.lt\/visi-pasiulymai\/investors-forum-pasiulymai-2018\/#breadcrumb\",\"itemListElement\":[{\"@type\":\"ListItem\",\"position\":1,\"name\":\"Home\",\"item\":\"https:\/\/investorsforum.lt\/\"},{\"@type\":\"ListItem\",\"position\":2,\"name\":\"Investors&#8217; Forum Proposals\",\"item\":\"https:\/\/investorsforum.lt\/en\/visi-pasiulymai\/\"},{\"@type\":\"ListItem\",\"position\":3,\"name\":\"Investors&#8217; Forum pasi\u016blymai 2018\"}]},{\"@type\":\"WebSite\",\"@id\":\"https:\/\/investorsforum.lt\/#website\",\"url\":\"https:\/\/investorsforum.lt\/\",\"name\":\"Investors Forum\",\"description\":\"Asociacija Investors&#039; Forum\",\"potentialAction\":[{\"@type\":\"SearchAction\",\"target\":{\"@type\":\"EntryPoint\",\"urlTemplate\":\"https:\/\/investorsforum.lt\/?s={search_term_string}\"},\"query-input\":{\"@type\":\"PropertyValueSpecification\",\"valueRequired\":true,\"valueName\":\"search_term_string\"}}],\"inLanguage\":\"en-EN\"}]}<\/script>\n<!-- \/ Yoast SEO plugin. -->","yoast_head_json":{"title":"Proposals 2018 - Investors Forum","robots":{"index":"index","follow":"follow","max-snippet":"max-snippet:-1","max-image-preview":"max-image-preview:large","max-video-preview":"max-video-preview:-1"},"canonical":"https:\/\/investorsforum.lt\/visi-pasiulymai\/investors-forum-pasiulymai-2018\/","og_locale":"en_US","og_type":"article","og_title":"Proposals 2018 - Investors Forum","og_url":"https:\/\/investorsforum.lt\/visi-pasiulymai\/investors-forum-pasiulymai-2018\/","og_site_name":"Investors Forum","article_modified_time":"2018-12-19T14:49:30+00:00","twitter_card":"summary_large_image","twitter_misc":{"Est. reading time":"5 minutes"},"schema":{"@context":"https:\/\/schema.org","@graph":[{"@type":"WebPage","@id":"https:\/\/investorsforum.lt\/visi-pasiulymai\/investors-forum-pasiulymai-2018\/","url":"https:\/\/investorsforum.lt\/visi-pasiulymai\/investors-forum-pasiulymai-2018\/","name":"Proposals 2018 - Investors Forum","isPartOf":{"@id":"https:\/\/investorsforum.lt\/#website"},"datePublished":"2018-01-15T15:12:46+00:00","dateModified":"2018-12-19T14:49:30+00:00","breadcrumb":{"@id":"https:\/\/investorsforum.lt\/visi-pasiulymai\/investors-forum-pasiulymai-2018\/#breadcrumb"},"inLanguage":"en-EN","potentialAction":[{"@type":"ReadAction","target":["https:\/\/investorsforum.lt\/visi-pasiulymai\/investors-forum-pasiulymai-2018\/"]}]},{"@type":"BreadcrumbList","@id":"https:\/\/investorsforum.lt\/visi-pasiulymai\/investors-forum-pasiulymai-2018\/#breadcrumb","itemListElement":[{"@type":"ListItem","position":1,"name":"Home","item":"https:\/\/investorsforum.lt\/"},{"@type":"ListItem","position":2,"name":"Investors&#8217; Forum Proposals","item":"https:\/\/investorsforum.lt\/en\/visi-pasiulymai\/"},{"@type":"ListItem","position":3,"name":"Investors&#8217; Forum pasi\u016blymai 2018"}]},{"@type":"WebSite","@id":"https:\/\/investorsforum.lt\/#website","url":"https:\/\/investorsforum.lt\/","name":"Investors Forum","description":"Asociacija Investors&#039; Forum","potentialAction":[{"@type":"SearchAction","target":{"@type":"EntryPoint","urlTemplate":"https:\/\/investorsforum.lt\/?s={search_term_string}"},"query-input":{"@type":"PropertyValueSpecification","valueRequired":true,"valueName":"search_term_string"}}],"inLanguage":"en-EN"}]}},"_links":{"self":[{"href":"https:\/\/investorsforum.lt\/en\/wp-json\/wp\/v2\/pages\/3104","targetHints":{"allow":["GET"]}}],"collection":[{"href":"https:\/\/investorsforum.lt\/en\/wp-json\/wp\/v2\/pages"}],"about":[{"href":"https:\/\/investorsforum.lt\/en\/wp-json\/wp\/v2\/types\/page"}],"author":[{"embeddable":true,"href":"https:\/\/investorsforum.lt\/en\/wp-json\/wp\/v2\/users\/2"}],"replies":[{"embeddable":true,"href":"https:\/\/investorsforum.lt\/en\/wp-json\/wp\/v2\/comments?post=3104"}],"version-history":[{"count":73,"href":"https:\/\/investorsforum.lt\/en\/wp-json\/wp\/v2\/pages\/3104\/revisions"}],"predecessor-version":[{"id":4140,"href":"https:\/\/investorsforum.lt\/en\/wp-json\/wp\/v2\/pages\/3104\/revisions\/4140"}],"up":[{"embeddable":true,"href":"https:\/\/investorsforum.lt\/en\/wp-json\/wp\/v2\/pages\/1449"}],"wp:attachment":[{"href":"https:\/\/investorsforum.lt\/en\/wp-json\/wp\/v2\/media?parent=3104"}],"curies":[{"name":"wp","href":"https:\/\/api.w.org\/{rel}","templated":true}]}}