{"id":3522,"date":"2021-09-28T14:00:41","date_gmt":"2021-09-28T14:00:41","guid":{"rendered":"http:\/\/investorsforum.lt\/?page_id=3522"},"modified":"2023-12-06T15:05:55","modified_gmt":"2023-12-06T15:05:55","slug":"nacionalinis-tvarumo-atsakingumo-indeksas","status":"publish","type":"page","link":"https:\/\/investorsforum.lt\/en\/nacionalinis-tvarumo-atsakingumo-indeksas\/","title":{"rendered":"Nacionalinis tvarumo ir atsakingumo indeksas"},"content":{"rendered":"<p style=\"text-align: justify;\"><img loading=\"lazy\" decoding=\"async\" class=\"alignnone wp-image-6750 size-large\" src=\"http:\/\/investorsforum.lt\/wp-content\/uploads\/2023\/11\/TAI-1024x1024.png\" alt=\"\" width=\"1024\" height=\"1024\" srcset=\"https:\/\/investorsforum.lt\/wp-content\/uploads\/2023\/11\/TAI-1024x1024.png 1024w, https:\/\/investorsforum.lt\/wp-content\/uploads\/2023\/11\/TAI-300x300.png 300w, https:\/\/investorsforum.lt\/wp-content\/uploads\/2023\/11\/TAI-150x150.png 150w, https:\/\/investorsforum.lt\/wp-content\/uploads\/2023\/11\/TAI-768x768.png 768w, https:\/\/investorsforum.lt\/wp-content\/uploads\/2023\/11\/TAI.png 1080w\" sizes=\"auto, (max-width: 1024px) 100vw, 1024px\" \/><\/p>\n<p style=\"text-align: justify;\"><strong>\u012emon\u0117ms \u2013 naujas \u012frankis, pad\u0117siantis \u012fvertinti savo tvarum\u0105 ir pasirengti naujiems reikalavimams<\/strong><\/p>\n<p style=\"text-align: justify;\">Lietuvoje veikian\u010dioms organizacijoms pristatytas Socialin\u0117s apsaugos ir darbo ministerijos inicijuotas \u012frankis &#8211; nacionalinis Tvarumo ir atsakingumo indeksas (TAI). \u0160is instrumentas pad\u0117s \u012fmon\u0117ms ir organizacijoms \u012fvertinti savo pasiekimus tvarumo ir socialin\u0117s atsakomyb\u0117s srityje. Indekso autoriai tikisi, kad TAI pad\u0117s skleisti ger\u0105j\u0105 verslo praktik\u0105 bei galimyb\u0119 gauti verting\u0173 \u012f\u017evalg\u0173 tvarumo integracijos bei valdymo tema.<\/p>\n<p style=\"text-align: justify;\"><strong>Vis svarbesnis socialinis aspektas<\/strong><\/p>\n<p style=\"text-align: justify;\">Socialin\u0117s apsaugos ir darbo ministr\u0117 Monika Navickien\u0117 pabr\u0117\u017e\u0117, kad \u012fmoni\u0173 veikloje tampa vis svarbesnis socialinis aspektas \u2013 ne tik tai, kiek jos generuoja pelno, bet ir koki\u0105 naud\u0105 ne\u0161a bendruomen\u0117ms bei visuomenei. Naujojo \u012frankio atsiradimas bei naudojimas pad\u0117s \u012fmon\u0117ms \u012fvertinti socialin\u012f savo veiklos aspekt\u0105.<br \/>\n\u201eNorime \u012fmon\u0117ms suteikti \u012frank\u012f, leid\u017eiant\u012f \u012fvertinti savo pa\u017eang\u0105 esmin\u0117se socialin\u0117s atsakomyb\u0117s srityse ir pad\u0117ti nustatyti j\u0173 augimo gaires. \u0160iuo indeksu taip pat tikim\u0117s atliepti visuomen\u0117s l\u016bkes\u010dius verslui, nes 9 i\u0161 10 respondent\u0173 \u012fvardija, kad ypa\u010d svarbu, jog \u012fmon\u0117s veikt\u0173 ne tik siekdamos pelno, bet ir paisydamos socialin\u0117s atsakomyb\u0117s princip\u0173, bendradarbiaut\u0173 su bendruomen\u0117mis\u201c, \u2013 sako M. Navickien\u0117.<\/p>\n<p style=\"text-align: justify;\"><strong>Tvarumas padeda konkuruoti<\/strong><\/p>\n<p style=\"text-align: justify;\">Kaip teigia indekso administrator\u0117, stambiausius ir aktyviausius investuotojus \u012f Lietuvos ekonomik\u0105 vienijan\u010dios organizacijos \u201eInvestors\u2018 Forum\u201c vykdomoji direktor\u0117 R\u016bta Skyrien\u0117, globaliojoje aplinkoje veikiantis Lietuvos verslas privalo sau kelti vis auk\u0161tesnius reikalavimus bei neatsilikti nuo pasaulio tendencij\u0173.<br \/>\n\u201eTik laiko klausimas, kada \u012f tvarumo reikalavimus prival\u0117s atsi\u017evelgti absoliuti dauguma \u012fmoni\u0173. Mano patarimas verslininkams \u2013 net jei poky\u010diai j\u016bs\u0173 \u012fmoni\u0173 tiesiogiai dar nelie\u010dia, prad\u0117kite jiems ruo\u0161tis nedelsdami. Girdime, kad u\u017esienio partneriai ir u\u017esakovai vis da\u017eniau atsi\u017evelgia \u012f Lietuvos \u012fmoni\u0173 pasiekimus ir vertinimus tvarumo srityje, pra\u0161o atitinkam\u0173 sertifikat\u0173. Taigi d\u0117mes\u012f tvarumo valdymui, poveiki\u0173 ma\u017einimui ir pasirengim\u0105 informacijos atskleidimui maty\u010diau kaip galimyb\u0119 pl\u0117trai ir konkurencin\u012f prana\u0161um\u0105, padedant\u012f i\u0161skirti ir nusipirkti biliet\u0105 \u012f ateit\u012f. Laim\u0117s tie, kurie nelauks paskutin\u0117s minut\u0117s\u201c, \u2013 teigia R. Skyrien\u0117.<\/p>\n<p style=\"text-align: justify;\"><strong>Suteiks \u012f\u017evalg\u0173, kaip pl\u0117toti tvari\u0105 veikl\u0105<\/strong><\/p>\n<p style=\"text-align: justify;\">Tvarumo ir verslo atsakomyb\u0117s eksperto Donato Kuro, TAI klausimynas yra atnaujintas atsi\u017evelgiant aktualiausius Europos S\u0105jungos teis\u0117s reikalavimus ir kintant\u012f tvarumo kontekst\u0105.<br \/>\n\u201eAtnaujinant klausimyn\u0105 pirmiausiai atsi\u017evelgta \u012f Europos tvarumo atskaitomyb\u0117s standartus (ETAS, angl. ESRS). Tad \u012fmon\u0117ms, kurios tur\u0117s atskleisti su tvarumu susijusi\u0105 informacij\u0105, bet dar n\u0117ra susipa\u017einusios su min\u0117tais standartais, indekso klausimai pad\u0117s susipa\u017einti su didele dalimi tem\u0173. Klausimyno pildymas gali b\u016bti pirmuoju \u017eingsniu rengiantis duomen\u0173 teikimui\u201c, \u2013 teigia D. Kuras.<\/p>\n<p style=\"text-align: justify;\">Pasak eksperto, Tvarumo ir atsakingumo indekso klausimynas apima kelias pagrindines temas. Tai \u2013 tvarumo valdymas, poveikis aplinkai, socialinis poveikis (darbo aplinkos bei bendruomen\u0117s temos) ir veiklos etika ir poveikis vartotojams.<\/p>\n<p style=\"text-align: justify;\">Apskai\u010diuojant \u012fmon\u0117s indeks\u0105 naudojami skirtingi klausim\u0173 bei tem\u0173 koeficientai, susieti su \u012fmon\u0117s darbuotoj\u0173 skai\u010diumi ir veiklos poveikio aplinkai mastu. Organizacij\u0173 veikla vertinama baziniu ir ekspertiniu lygmeniu. Baziniu indekso variantu bus galima nemokamai naudotis bet kuriuo metu. Tiesiog pateikus informacij\u0105 ir u\u017epild\u017eius klausimyn\u0105, sistema nemokamai \u012fvertins organizacijos atstovo pateikus atsakymus ir pateiks palyginim\u0105 su pana\u0161iomis pagal darbuotoj\u0173 skai\u010di\u0173 ir veiklos poveik\u012f aplinkai \u012fmon\u0117mis.<\/p>\n<p style=\"text-align: justify;\">Ekspertinis vertinimas vyks kart\u0105 per metus, kov\u0105-gegu\u017e\u0119. Vertinim\u0105 atliekantys ekspertai ne tik per\u017ei\u016br\u0117s \u012fmoni\u0173 pateiktus atsakymus, bet ir \u012fvertins pateikt\u0105 informacij\u0105, teiginius pagrind\u017eian\u010dius \u012frodymus bei gal\u0117s koreguoti sistemos automati\u0161kai paskai\u010diuot\u0105 bal\u0105.<\/p>\n<p style=\"text-align: justify;\">\u201eBe to, ekspertinis vertinimas suteiks galimyb\u0119 gauti ekspert\u0173 \u012f\u017evalgas d\u0117l tvarumo srities valdymo \u012fmon\u0117je. Tai vertinga tiek besirengian\u010dioms teikti duomenis \u012fmon\u0117ms, tiek ir toms, kurios po direktyvos apimtimi dar nepatenka, ta\u010diau greitu metu gali sulaukti ar jau sulaukia u\u017esakov\u0173, partneri\u0173 klausim\u0173 d\u0117l savo atitikimo tvarumo reikalavimams\u201c, \u2013 teigia indekso administrator\u0117, \u201eInvestors\u2018 Forum\u201c vykdomoji direktor\u0117 R. Skyrien\u0117.<\/p>\n<p style=\"text-align: justify;\"><strong>TAI visuomenei pristatytas \u0161iandien ISM Vadybos ir ekonomikos universitete<\/strong><\/p>\n<p style=\"text-align: justify;\">ISM prezidentas Dalius Misi\u016bnas teig\u0117, kad universiteto bendruomen\u0117 supranta \u0161io \u012frankio naud\u0105 ir socialin\u0117s atsakomyb\u0117s temos svarb\u0105 verslui.<\/p>\n<p style=\"text-align: justify;\">\u201eTvarumo ir atsakomyb\u0117s tema mes keliame daugyb\u0119 klausim\u0173 ir diskusij\u0173, kvie\u010diame geriausius u\u017esienio lektorius, be to, turime net dvi programas, skirtas \u012f tvarum\u0105 besigilinantiems studentams: magistrant\u016broje \u2013 Verslo tvarumo vadyb\u0105, o vadov\u0173 magistrant\u016broje \u2013 Verslo vystymo ir tvarumo modul\u012f. Beje, \u0161iame modulyje \u0161iuo metu studijuoja ir Nacionalinio tvarumo ir atsakingumo indekso vienas i\u0161 k\u016br\u0117j\u0173 ir iniciatori\u0173, tvarumo ir atsakomyb\u0117s ekspertas \u2013 Donatas Kuras,\u201c \u2013 teig\u0117 D. Misi\u016bnas.<\/p>\n<p style=\"text-align: justify;\">Informacija parengta, bendradarbiaujant su Lietuvos Respublikos socialin\u0117s apsaugos ir darbo ministerija, \u012fgyvendinant projekt\u0105 \u201e\u012emoni\u0173 socialin\u0117s atsakomyb\u0117s skatinimas\u201c, projekto kodas Nr. 08.5.1-ESFA-V-423-02-0001. Projektas finansuojamas i\u0161 Europos socialinio fondo l\u0117\u0161\u0173.<\/p>\n<p><img loading=\"lazy\" decoding=\"async\" class=\"alignnone wp-image-6736\" src=\"http:\/\/investorsforum.lt\/wp-content\/uploads\/2023\/10\/logo-1024x335.png\" alt=\"\" width=\"223\" height=\"73\" srcset=\"https:\/\/investorsforum.lt\/wp-content\/uploads\/2023\/10\/logo-1024x335.png 1024w, https:\/\/investorsforum.lt\/wp-content\/uploads\/2023\/10\/logo-300x98.png 300w, https:\/\/investorsforum.lt\/wp-content\/uploads\/2023\/10\/logo-768x252.png 768w, https:\/\/investorsforum.lt\/wp-content\/uploads\/2023\/10\/logo.png 1508w\" sizes=\"auto, (max-width: 223px) 100vw, 223px\" \/><\/p>\n","protected":false},"excerpt":{"rendered":"<p>\u012emon\u0117ms \u2013 naujas \u012frankis, pad\u0117siantis \u012fvertinti savo tvarum\u0105 ir pasirengti naujiems reikalavimams Lietuvoje veikian\u010dioms organizacijoms pristatytas Socialin\u0117s apsaugos ir darbo ministerijos inicijuotas \u012frankis &#8211; nacionalinis Tvarumo ir atsakingumo indeksas (TAI). \u0160is instrumentas pad\u0117s \u012fmon\u0117ms ir organizacijoms \u012fvertinti savo pasiekimus tvarumo ir socialin\u0117s atsakomyb\u0117s srityje. Indekso autoriai tikisi, kad TAI pad\u0117s skleisti ger\u0105j\u0105 verslo praktik\u0105 bei<\/p>\n<div class=\"more-link\"><a href=\"https:\/\/investorsforum.lt\/en\/nacionalinis-tvarumo-atsakingumo-indeksas\/\">Read more<\/a><\/div>\n","protected":false},"author":4,"featured_media":6750,"parent":0,"menu_order":0,"comment_status":"closed","ping_status":"closed","template":"","meta":{"_acf_changed":false,"footnotes":""},"class_list":["post-3522","page","type-page","status-publish","has-post-thumbnail","hentry"],"translation":{"provider":"WPGlobus","version":"3.0.2","language":"en","enabled_languages":["lt","en"],"languages":{"lt":{"title":true,"content":true,"excerpt":false},"en":{"title":false,"content":false,"excerpt":false}}},"acf":[],"yoast_head":"<!-- This site is optimized with the Yoast SEO plugin v26.9 - https:\/\/yoast.com\/product\/yoast-seo-wordpress\/ -->\n<title>Nacionalinis tvarumo ir atsakingumo indeksas - Investors Forum<\/title>\n<meta name=\"robots\" content=\"index, follow, max-snippet:-1, max-image-preview:large, max-video-preview:-1\" \/>\n<link rel=\"canonical\" href=\"https:\/\/investorsforum.lt\/nacionalinis-tvarumo-atsakingumo-indeksas\/\" \/>\n<meta property=\"og:locale\" content=\"en_US\" \/>\n<meta property=\"og:type\" content=\"article\" \/>\n<meta property=\"og:title\" content=\"Nacionalinis tvarumo ir atsakingumo indeksas - Investors Forum\" \/>\n<meta property=\"og:url\" content=\"https:\/\/investorsforum.lt\/nacionalinis-tvarumo-atsakingumo-indeksas\/\" \/>\n<meta property=\"og:site_name\" content=\"Investors Forum\" \/>\n<meta property=\"article:modified_time\" content=\"2023-12-06T15:05:55+00:00\" \/>\n<meta property=\"og:image\" content=\"https:\/\/investorsforum.lt\/wp-content\/uploads\/2023\/11\/TAI.png\" \/>\n\t<meta property=\"og:image:width\" content=\"1080\" \/>\n\t<meta property=\"og:image:height\" content=\"1080\" \/>\n\t<meta property=\"og:image:type\" content=\"image\/png\" \/>\n<meta name=\"twitter:card\" content=\"summary_large_image\" \/>\n<meta name=\"twitter:label1\" content=\"Est. reading time\" \/>\n\t<meta name=\"twitter:data1\" content=\"4 minutes\" \/>\n<script type=\"application\/ld+json\" class=\"yoast-schema-graph\">{\"@context\":\"https:\/\/schema.org\",\"@graph\":[{\"@type\":\"WebPage\",\"@id\":\"https:\/\/investorsforum.lt\/nacionalinis-tvarumo-atsakingumo-indeksas\/\",\"url\":\"https:\/\/investorsforum.lt\/nacionalinis-tvarumo-atsakingumo-indeksas\/\",\"name\":\"Nacionalinis tvarumo ir atsakingumo indeksas - Investors Forum\",\"isPartOf\":{\"@id\":\"https:\/\/investorsforum.lt\/#website\"},\"primaryImageOfPage\":{\"@id\":\"https:\/\/investorsforum.lt\/nacionalinis-tvarumo-atsakingumo-indeksas\/#primaryimage\"},\"image\":{\"@id\":\"https:\/\/investorsforum.lt\/nacionalinis-tvarumo-atsakingumo-indeksas\/#primaryimage\"},\"thumbnailUrl\":\"https:\/\/investorsforum.lt\/wp-content\/uploads\/2023\/11\/TAI.png\",\"datePublished\":\"2021-09-28T14:00:41+00:00\",\"dateModified\":\"2023-12-06T15:05:55+00:00\",\"breadcrumb\":{\"@id\":\"https:\/\/investorsforum.lt\/nacionalinis-tvarumo-atsakingumo-indeksas\/#breadcrumb\"},\"inLanguage\":\"en-EN\",\"potentialAction\":[{\"@type\":\"ReadAction\",\"target\":[\"https:\/\/investorsforum.lt\/nacionalinis-tvarumo-atsakingumo-indeksas\/\"]}]},{\"@type\":\"ImageObject\",\"inLanguage\":\"en-EN\",\"@id\":\"https:\/\/investorsforum.lt\/nacionalinis-tvarumo-atsakingumo-indeksas\/#primaryimage\",\"url\":\"https:\/\/investorsforum.lt\/wp-content\/uploads\/2023\/11\/TAI.png\",\"contentUrl\":\"https:\/\/investorsforum.lt\/wp-content\/uploads\/2023\/11\/TAI.png\",\"width\":1080,\"height\":1080},{\"@type\":\"BreadcrumbList\",\"@id\":\"https:\/\/investorsforum.lt\/nacionalinis-tvarumo-atsakingumo-indeksas\/#breadcrumb\",\"itemListElement\":[{\"@type\":\"ListItem\",\"position\":1,\"name\":\"Home\",\"item\":\"https:\/\/investorsforum.lt\/\"},{\"@type\":\"ListItem\",\"position\":2,\"name\":\"Nacionalinis tvarumo ir atsakingumo indeksas\"}]},{\"@type\":\"WebSite\",\"@id\":\"https:\/\/investorsforum.lt\/#website\",\"url\":\"https:\/\/investorsforum.lt\/\",\"name\":\"Investors Forum\",\"description\":\"Asociacija Investors&#039; Forum\",\"potentialAction\":[{\"@type\":\"SearchAction\",\"target\":{\"@type\":\"EntryPoint\",\"urlTemplate\":\"https:\/\/investorsforum.lt\/?s={search_term_string}\"},\"query-input\":{\"@type\":\"PropertyValueSpecification\",\"valueRequired\":true,\"valueName\":\"search_term_string\"}}],\"inLanguage\":\"en-EN\"}]}<\/script>\n<!-- \/ Yoast SEO plugin. -->","yoast_head_json":{"title":"Nacionalinis tvarumo ir atsakingumo indeksas - Investors Forum","robots":{"index":"index","follow":"follow","max-snippet":"max-snippet:-1","max-image-preview":"max-image-preview:large","max-video-preview":"max-video-preview:-1"},"canonical":"https:\/\/investorsforum.lt\/nacionalinis-tvarumo-atsakingumo-indeksas\/","og_locale":"en_US","og_type":"article","og_title":"Nacionalinis tvarumo ir atsakingumo indeksas - Investors Forum","og_url":"https:\/\/investorsforum.lt\/nacionalinis-tvarumo-atsakingumo-indeksas\/","og_site_name":"Investors Forum","article_modified_time":"2023-12-06T15:05:55+00:00","og_image":[{"width":1080,"height":1080,"url":"https:\/\/investorsforum.lt\/wp-content\/uploads\/2023\/11\/TAI.png","type":"image\/png"}],"twitter_card":"summary_large_image","twitter_misc":{"Est. reading time":"4 minutes"},"schema":{"@context":"https:\/\/schema.org","@graph":[{"@type":"WebPage","@id":"https:\/\/investorsforum.lt\/nacionalinis-tvarumo-atsakingumo-indeksas\/","url":"https:\/\/investorsforum.lt\/nacionalinis-tvarumo-atsakingumo-indeksas\/","name":"Nacionalinis tvarumo ir atsakingumo indeksas - Investors Forum","isPartOf":{"@id":"https:\/\/investorsforum.lt\/#website"},"primaryImageOfPage":{"@id":"https:\/\/investorsforum.lt\/nacionalinis-tvarumo-atsakingumo-indeksas\/#primaryimage"},"image":{"@id":"https:\/\/investorsforum.lt\/nacionalinis-tvarumo-atsakingumo-indeksas\/#primaryimage"},"thumbnailUrl":"https:\/\/investorsforum.lt\/wp-content\/uploads\/2023\/11\/TAI.png","datePublished":"2021-09-28T14:00:41+00:00","dateModified":"2023-12-06T15:05:55+00:00","breadcrumb":{"@id":"https:\/\/investorsforum.lt\/nacionalinis-tvarumo-atsakingumo-indeksas\/#breadcrumb"},"inLanguage":"en-EN","potentialAction":[{"@type":"ReadAction","target":["https:\/\/investorsforum.lt\/nacionalinis-tvarumo-atsakingumo-indeksas\/"]}]},{"@type":"ImageObject","inLanguage":"en-EN","@id":"https:\/\/investorsforum.lt\/nacionalinis-tvarumo-atsakingumo-indeksas\/#primaryimage","url":"https:\/\/investorsforum.lt\/wp-content\/uploads\/2023\/11\/TAI.png","contentUrl":"https:\/\/investorsforum.lt\/wp-content\/uploads\/2023\/11\/TAI.png","width":1080,"height":1080},{"@type":"BreadcrumbList","@id":"https:\/\/investorsforum.lt\/nacionalinis-tvarumo-atsakingumo-indeksas\/#breadcrumb","itemListElement":[{"@type":"ListItem","position":1,"name":"Home","item":"https:\/\/investorsforum.lt\/"},{"@type":"ListItem","position":2,"name":"Nacionalinis tvarumo ir atsakingumo indeksas"}]},{"@type":"WebSite","@id":"https:\/\/investorsforum.lt\/#website","url":"https:\/\/investorsforum.lt\/","name":"Investors Forum","description":"Asociacija Investors&#039; Forum","potentialAction":[{"@type":"SearchAction","target":{"@type":"EntryPoint","urlTemplate":"https:\/\/investorsforum.lt\/?s={search_term_string}"},"query-input":{"@type":"PropertyValueSpecification","valueRequired":true,"valueName":"search_term_string"}}],"inLanguage":"en-EN"}]}},"_links":{"self":[{"href":"https:\/\/investorsforum.lt\/en\/wp-json\/wp\/v2\/pages\/3522","targetHints":{"allow":["GET"]}}],"collection":[{"href":"https:\/\/investorsforum.lt\/en\/wp-json\/wp\/v2\/pages"}],"about":[{"href":"https:\/\/investorsforum.lt\/en\/wp-json\/wp\/v2\/types\/page"}],"author":[{"embeddable":true,"href":"https:\/\/investorsforum.lt\/en\/wp-json\/wp\/v2\/users\/4"}],"replies":[{"embeddable":true,"href":"https:\/\/investorsforum.lt\/en\/wp-json\/wp\/v2\/comments?post=3522"}],"version-history":[{"count":26,"href":"https:\/\/investorsforum.lt\/en\/wp-json\/wp\/v2\/pages\/3522\/revisions"}],"predecessor-version":[{"id":8247,"href":"https:\/\/investorsforum.lt\/en\/wp-json\/wp\/v2\/pages\/3522\/revisions\/8247"}],"wp:featuredmedia":[{"embeddable":true,"href":"https:\/\/investorsforum.lt\/en\/wp-json\/wp\/v2\/media\/6750"}],"wp:attachment":[{"href":"https:\/\/investorsforum.lt\/en\/wp-json\/wp\/v2\/media?parent=3522"}],"curies":[{"name":"wp","href":"https:\/\/api.w.org\/{rel}","templated":true}]}}