{"id":4158,"date":"2019-01-11T13:35:24","date_gmt":"2019-01-11T13:35:24","guid":{"rendered":"http:\/\/investorsforum.lt\/?page_id=4158"},"modified":"2021-12-17T13:13:57","modified_gmt":"2021-12-17T13:13:57","slug":"pasiulymai2021","status":"publish","type":"page","link":"https:\/\/investorsforum.lt\/en\/visi-pasiulymai\/pasiulymai2021\/","title":{"rendered":"New proposals"},"content":{"rendered":"<p><span style=\"color: #3366ff;\"><span style=\"color: #1576fb;\"><strong>2021 December 1<\/strong><\/span><\/span><br \/>\nTo the Government of the Republic of Lithuania<br \/>\n<a href=\"http:\/\/investorsforum.lt\/wp-content\/uploads\/2021\/12\/21-219VK_LRS-D\u0117l-Loterij\u0173-ir-lo\u0161im\u0173-mokes\u010dio-\u012fstatymo-Nr.-IX-326-4-5-6....pdf\">Letter from LVK, IF and GDL regarding the Law on Lotteries and Gambling Tax No. IX-326 Article 4, 5, 6 and the title of the third section of the draft law amending the title no. XIVP-941 (3) (LT)<\/a><\/p>\n<p><span style=\"color: #3366ff;\"><span style=\"color: #1576fb;\"><strong>2021 November 29<\/strong><\/span><\/span><br \/>\nTo the Seimas of the Republic of Lithuania<br \/>\nTo the Speaker of the Seimas of the Republic of Lithuania Viktorija \u010cmilyte-Nielsen<br \/>\nTo the Chairman of the Culture Committee of the Seimas of the Republic of Lithuania Vytautas Juozapaitis<br \/>\nTo the Chairman of the Human Rights Committee of the Seimas of the Republic of Lithuania Tomas Vytautas Raskevi\u010dius<br \/>\n<a href=\"http:\/\/investorsforum.lt\/wp-content\/uploads\/2021\/12\/D\u0117l-vie\u0161\u0173j\u0173-asmen\u0173-sampratos.pdf\">The concept of public persons and the legal status of public persons<\/a><\/p>\n<p><span style=\"color: #3366ff;\"><span style=\"color: #1576fb;\"><strong>2021 November 19<\/strong><\/span><\/span><br \/>\nMinistry of Finance of the Republic of Lithuania<br \/>\n<a href=\"http:\/\/investorsforum.lt\/wp-content\/uploads\/2021\/12\/IF-ra\u0161tas-d\u0117l-mokes\u010di\u0173-administravimo-\u012fstatymo-projekto-20211119.pdf\">Proposal on the draft amendment to the Law on Tax Administration of the Republic of Lithuania<\/a><\/p>\n<p><span style=\"color: #3366ff;\"><span style=\"color: #1576fb;\"><strong>2021 November 11<\/strong><\/span><\/span><br \/>\nMinistry of Finance of the Republic of Lithuania<br \/>\n<a href=\"http:\/\/investorsforum.lt\/wp-content\/uploads\/2021\/12\/IF-ra\u0161tas-d\u0117l-pelno-mokes\u010dio-\u012fstatymo-55-straipsnio-20211111.pdf\">Proposal to amend the provisions of Article 55 of the Law on Corporate Tax of the Republic of Lithuania<\/a><\/p>\n<p><span style=\"color: #3366ff;\"><span style=\"color: #1576fb;\"><strong>2021 November 9<\/strong><\/span><\/span><br \/>\nAiste Gedvilien\u0117, Chairwoman of the Environmental Protection Committee<br \/>\nAidas Gedvilas, Vice-Chair of the Environment Committee<br \/>\nKazys Starkevich, Chairman of the Economic Committee<br \/>\nDeputy of the Economic Committee Gediminas Paluckas<br \/>\n<a href=\"http:\/\/investorsforum.lt\/wp-content\/uploads\/2021\/11\/IF-ra\u0161tas-d\u0117l-atsinaujinan\u010di\u0173-i\u0161tekli\u0173-20211109.pdf\">Regarding the amendment of the Law on Renewable Energy of the Republic of Lithuania (LT)<\/a><\/p>\n<p><span style=\"color: #3366ff;\"><span style=\"color: #1576fb;\"><strong>2021 September 24<\/strong><\/span><\/span><br \/>\nTo the Government of the Republic of Lithuania<br \/>\nTo the Ministry of the Interior of the Republic of Lithuania<br \/>\n<a href=\"https:\/\/investorsforum.lt\/wp-content\/uploads\/2021\/10\/2021-09-02-IF-ir-LPK-ra%c5%a1tas-d%c4%97l-NKL-l%c4%97%c5%a1%c5%b3-skyrimo-didel%c4%97ms-%c4%afmon%c4%97ms4453035.24454371.1.pdf\">Letter from the Business Council on Improving Migration Processes<\/a><\/p>\n<p><span style=\"color: #3366ff;\"><span style=\"color: #1576fb;\"><strong>2021 September 17<\/strong><\/span><\/span><br \/>\nMinister of Finance of the Republic of Lithuania Gintara Skaiste,<br \/>\nR\u016bta Bilk\u0161tyte, Deputy Minister of Finance of the Republic of Lithuania, Head of the Interinstitutional Working Group on the Review of Tax Incentives<br \/>\n<a href=\"https:\/\/investorsforum.lt\/wp-content\/uploads\/2021\/10\/Del-mokestiniu-lengvatu-perziuros-tarpinstitucines-darbo-grupes-teiktinu-sprendimu-LR-Vyriausybei.pdf\">Letter from the Lithuanian Business Council on the Decisions to be Provided by the Inter-institutional Working Group on the Review of Tax Incentives (LT)<\/a><\/p>\n<p><span style=\"color: #3366ff;\"><span style=\"color: #1576fb;\"><strong>2021 September 16<\/strong><\/span><\/span><br \/>\nChancellery of the Government of the Republic of Lithuania<br \/>\nMinistry of Economy and Innovation of the Republic of Lithuania<br \/>\nMinistry of Environment of the Republic of Lithuania<br \/>\nMinistry of Finance of the Republic of Lithuania<br \/>\n<a href=\"https:\/\/investorsforum.lt\/wp-content\/uploads\/2021\/10\/2021-09-02-IF-ir-LPK-ra%c5%a1tas-d%c4%97l-NKL-l%c4%97%c5%a1%c5%b3-skyrimo-didel%c4%97ms-%c4%afmon%c4%97ms4453035.24454371.1.pdf\">Letter from the Investor Forum and the Lithuanian Confederation of Industrialists on the allocation of New Generation Lithuania funds to large companies (LT)<\/a><\/p>\n<p><span style=\"color: #3366ff;\"><span style=\"color: #1576fb;\"><strong>2021 September 13<\/strong><\/span><\/span><br \/>\nTo the Minister of Transport and Communications of the Republic of Lithuania Marius Skuodis<br \/>\n<a href=\"http:\/\/investorsforum.lt\/wp-content\/uploads\/2021\/09\/IF-ra\u0161tas-d\u0117l-bazini\u0173-oro-linij\u0173-20210913.pdf\">Regarding on the Establishment of Lithuanian Basic Airlines and Priority Flight Directions (LT)<\/a><\/p>\n<p><span style=\"color: #3366ff;\"><span style=\"color: #1576fb;\"><strong>2021 September 8<\/strong><\/span><\/span><br \/>\nTo the Government of the Republic of Lithuania<br \/>\n<a href=\"http:\/\/investorsforum.lt\/wp-content\/uploads\/2021\/09\/D\u0117l-privalomojo-periodinio-darbuotoj\u0173-testavimo-gamybos-\u012fmon\u0117se.pdf\">Regarding the Mandatory Periodic Testing of Employees in Manufacturing Companies (LT)<\/a><\/p>\n<p><span style=\"color: #3366ff;\"><span style=\"color: #1576fb;\"><strong>2021 September 8<\/strong><\/span><\/span><br \/>\nTo the Speaker of the Seimas of the Republic of Lithuania V. \u010cmilyte-Nielsen in 2021 September 8<br \/>\nTo the Board of the Seimas of the Republic of Lithuania<br \/>\n<a href=\"http:\/\/investorsforum.lt\/wp-content\/uploads\/2021\/09\/IF-ra\u0161tas-d\u0117l-tabako-kontrol\u0117s-20210908.pdf\">Proposals on the Law of the Republic of Lithuania on the Control of Tobacco, Tobacco Products and Related Products (LT)<\/a><\/p>\n<p><span style=\"color: #3366ff;\"><span style=\"color: #1576fb;\"><strong>2021 September 6<\/strong><\/span><\/span><br \/>\nMinistry of Justice of the Republic of Lithuania<br \/>\n<a href=\"http:\/\/investorsforum.lt\/wp-content\/uploads\/2021\/09\/IF-d\u0117l-privalomo-notarinio-patvirtinimo-20210906.pdf\">Proposals of the Investors&#8217; Forum on Legal Acts Establishing Mandatory Notarization (LT)<\/a><\/p>\n<p><span style=\"color: #3366ff;\"><span style=\"color: #1576fb;\"><strong>2021 September 1\u00a0<\/strong><\/span><\/span><br \/>\nTo the Ministry of Health of the Republic of Lithuania<br \/>\n<a href=\"http:\/\/investorsforum.lt\/wp-content\/uploads\/2021\/09\/IF-D\u0116L-DIENOS-CHIRURGIJOS-PASLAUG\u0172-APRA\u0160O-PROJEKTO-20210901.pdf\">For the Draft Description of Day Surgery Services (LT)<\/a><\/p>\n<p><span style=\"color: #3366ff;\"><strong>2021 August 19<\/strong><\/span><br \/>\nTo the Minister of Education, Science and Sports of the Republic of Lithuania Jurgita \u0160iug\u017edinien\u0117<br \/>\n<a href=\"http:\/\/investorsforum.lt\/wp-content\/uploads\/2021\/08\/D\u0116L-BENDRADARBIAVIMO-FORMATO-SIEKIANT-POKY\u010cI\u0172-\u0160VIETIMO-SISTEMOJE.pdf\">On the Format of Cooperation for Change in The Education System (LT)<\/a><\/p>\n<p><strong><span style=\"color: #2b9866;\"><span style=\"color: #3366ff;\">August 3, 2021<\/span><br \/>\n<\/span><\/strong>Ministry of Finance of the Republic of Lithuania<br \/>\nTo the Economic Committee of the Seimas of the Republic of Lithuania<br \/>\nTo the Budget and Finance Committee of the Seimas of the Republic of Lithuania<br \/>\n<a href=\"http:\/\/investorsforum.lt\/wp-content\/uploads\/2021\/08\/Del-automobiliu-apmokestinimo.pdf\" target=\"_blank\" rel=\"noopener noreferrer\">Regarding Car Taxation (LT)<\/a><\/p>\n<p><strong><span style=\"color: #2b9866;\"><span style=\"color: #3366ff;\">July 13, 2021<\/span><br \/>\n<\/span><\/strong>Ministry of Finance of the Republic of Lithuania<br \/>\n<a href=\"http:\/\/investorsforum.lt\/wp-content\/uploads\/2021\/07\/Asociacij\u0173-ra\u0161tas-d\u0117l-Vyriausyb\u0117s-nutarimo-projekt\u0173_loterij\u0173-apmokestini....pdf\" target=\"_blank\" rel=\"noopener noreferrer\">Regarding the Draft Government Resolution (LT)<\/a><\/p>\n<p><strong><span style=\"color: #2b9866;\"><span style=\"color: #3366ff;\">July 12, 2021<\/span><br \/>\n<\/span><\/strong>To the Seimas of the Republic of Lithuania<br \/>\n<a href=\"http:\/\/investorsforum.lt\/wp-content\/uploads\/2021\/07\/IF-ra\u0161tas-d\u0117l-akciz\u0173-20210712.pdf\" target=\"_blank\" rel=\"noopener noreferrer\">On Excise Duties of the Republic of Lithuania on The Law on Excise Duties of the Republic of Lithuania (LT)<\/a><\/p>\n<p><strong><span style=\"color: #2b9866;\"><span style=\"color: #3366ff;\">July 5, 2021<\/span><br \/>\n<\/span><\/strong>Ministers of Economy and Innovation of the Republic of Lithuania<br \/>\n<a href=\"http:\/\/investorsforum.lt\/wp-content\/uploads\/2021\/07\/D\u0117l-nusikalstam\u0173-veik\u0173-dekriminalizavimo.pdf\" target=\"_blank\" rel=\"noopener noreferrer\">Decriminalization of Criminal Offenses (LT)<\/a><\/p>\n<p><strong><span style=\"color: #2b9866;\"><span style=\"color: #3366ff;\">June 4, 2021<\/span><br \/>\n<\/span><\/strong>To the members of the Essembley of Elders of the Seimas of the Republic of Lithuania<br \/>\n<a href=\"http:\/\/investorsforum.lt\/wp-content\/uploads\/2021\/06\/IF-ra\u0161tas-d\u0117l-Investicij\u0173-sutar\u010di\u0173-20210604.pdf\" target=\"_blank\" rel=\"noopener noreferrer\">Regarding the Seimas 2021 Agendas for Spring Part-sessions (LT)<\/a><\/p>\n<p><strong><span style=\"color: #2b9866;\"><span style=\"color: #3366ff;\">May 21, 2021<\/span><br \/>\n<\/span><\/strong>To the Speaker of the Seimas of the Republic of Lithuania<br \/>\n<a href=\"http:\/\/investorsforum.lt\/wp-content\/uploads\/2021\/06\/IF-ra\u0161tas-d\u0117l-Investicij\u0173-sutar\u010di\u0173-20210521.pdf\" target=\"_blank\" rel=\"noopener noreferrer\">Regarding the Seimas 2021 Agendas for Spring Part-sessions (LT)<\/a><\/p>\n<p><strong><span style=\"color: #2b9866;\"><span style=\"color: #3366ff;\">May 11, 2021<\/span><br \/>\n<\/span><\/strong>Seimas of the Republic of Lithuania<br \/>\nCommittee on Foreign Affairs<br \/>\n<a href=\"http:\/\/investorsforum.lt\/wp-content\/uploads\/2021\/05\/IF-ra\u0161tas-d\u0117l-Investicij\u0173-sutar\u010di\u0173-20210511.pdf\" target=\"_blank\" rel=\"noopener noreferrer\">Ratification of the Agreement on the Termination of Bilateral Investment Treaties between the Member States of the European Union (LT)<\/a><\/p>\n<p><strong><span style=\"color: #2b9866;\"><span style=\"color: #3366ff;\">May 7, 2021<\/span><br \/>\n<\/span><\/strong>To the Ministry of Energy of the Republic of Lithuania<br \/>\n<a href=\"http:\/\/investorsforum.lt\/wp-content\/uploads\/2021\/05\/IF-ra\u0161tas-d\u0117l-atsinaujinan\u010dios-energetikos-20210507.pdf\" target=\"_blank\" rel=\"noopener noreferrer\">Regarding the draft resolution of the Government of the Republic of Lithuania No. 21-241001, providing comments and suggestions related to the promotion of renewable wind energy (LT)<\/a><\/p>\n<p><strong><span style=\"color: #2b9866;\"><span style=\"color: #3366ff;\">April 26, 2021<\/span><br \/>\n<\/span><\/strong>To the Government of the Republic of Lithuania<br \/>\n<a href=\"http:\/\/investorsforum.lt\/wp-content\/uploads\/2021\/05\/IF-ra\u0161tas-d\u0117l-RRF-plano-20210426.pdf\" target=\"_blank\" rel=\"noopener noreferrer\">For the period 2021-2026. Lithuanian Economic Recovery and Resilience Building Plan (LT)<\/a><\/p>\n<p><strong><span style=\"color: #2b9866;\"><span style=\"color: #3366ff;\">April 23, 2021<\/span><br \/>\n<\/span><\/strong>To the Government of the Republic of Lithuania<br \/>\n<a href=\"http:\/\/investorsforum.lt\/wp-content\/uploads\/2021\/05\/IF-ra\u0161tas-d\u0117l-karantino-ribojim\u0173-20210423.pdf\" target=\"_blank\" rel=\"noopener noreferrer\">Proposals for 2020 November 4 Resolution no. 1226 \u201cOn the Announcement of Quarantine in the Territory of the Republic of Lithuania\u201d (with subsequent amendments) (LT)<\/a><\/p>\n<p><strong><span style=\"color: #2b9866;\"><span style=\"color: #3366ff;\">April 21, 2021<\/span><br \/>\n<\/span><\/strong>To the Office of the Government of the Republic of Lithuania<br \/>\nCoordinating Commission for the Reduction of the Shadow Economy<br \/>\n<a href=\"http:\/\/investorsforum.lt\/wp-content\/uploads\/2021\/05\/20210421-Baltoji-banga-\u0160e\u0161\u0117lin\u0117s-ekonomikos-ma\u017einimo-komisijai.pdf\" target=\"_blank\" rel=\"noopener noreferrer\">Addressing the situation in the catering and dental services sectors (LT)<\/a><\/p>\n<p><strong><span style=\"color: #2b9866;\"><span style=\"color: #3366ff;\">April 8, 2021<\/span><br \/>\n<\/span><\/strong>To the Ministry of Health of the Republic of Lithuania<br \/>\n<a href=\"http:\/\/investorsforum.lt\/wp-content\/uploads\/2021\/04\/IF-ra\u0161tas-d\u0117l-u\u017esienie\u010di\u0173-\u0161eimos-nari\u0173-skiepijimo-20210408.pdf\" target=\"_blank\" rel=\"noopener noreferrer\">Due to the unforeseen possibility to vaccinate covid vaccine for family members of foreigners who are not working <\/a><a href=\"http:\/\/investorsforum.lt\/wp-content\/uploads\/2021\/04\/IF-ra\u0161tas-d\u0117l-u\u017esienie\u010di\u0173-\u0161eimos-nari\u0173-skiepijimo-20210408.pdf\" target=\"_blank\" rel=\"noopener noreferrer\">highly qualified<\/a><a href=\"http:\/\/investorsforum.lt\/wp-content\/uploads\/2021\/04\/IF-ra\u0161tas-d\u0117l-u\u017esienie\u010di\u0173-\u0161eimos-nari\u0173-skiepijimo-20210408.pdf\" target=\"_blank\" rel=\"noopener noreferrer\"> jobs (LT)<\/a><\/p>\n<p><strong><span style=\"color: #2b9866;\"><span style=\"color: #3366ff;\">March 12, 2021<\/span><br \/>\n<\/span><\/strong>State-owned Property Bank<br \/>\n<a href=\"http:\/\/investorsforum.lt\/wp-content\/uploads\/2021\/03\/Del-teises-klinikos.pdf\" target=\"_blank\" rel=\"noopener noreferrer\">Regarding the Public Institution Vilnius University Law Clinic (LT)<\/a><\/p>\n<p><strong><span style=\"color: #2b9866;\"><span style=\"color: #3366ff;\">March 8, 2021<\/span><br \/>\n<\/span><\/strong>The Government of the Republic of Lithuania<br \/>\n<a href=\"http:\/\/investorsforum.lt\/wp-content\/uploads\/2021\/03\/IF-ra\u0161tas-d\u0117l-Vyriausyb\u0117s-priemoni\u0173-plano-20210308.pdf\" target=\"_blank\" rel=\"noopener noreferrer\">Investors&#8217; Forum proposals for the implementation plan of the Government program (LT)<\/a><\/p>\n<p><strong><span style=\"color: #2b9866;\"><span style=\"color: #3366ff;\">February 24, 2021<br \/>\n<\/span><\/span><\/strong>Vilnius City Municipality<br \/>\n<a href=\"http:\/\/investorsforum.lt\/wp-content\/uploads\/2021\/02\/IF-ra\u0161tas-d\u0117l-infrastrukt\u016bros-mokes\u010dio-20210224.pdf\" target=\"_blank\" rel=\"noopener noreferrer\">Request on the rate of the municipal infrastructure development fee (LT)<\/a><\/p>\n<p><strong><span style=\"color: #2b9866;\"><span style=\"color: #3366ff;\">February 10, 2021<br \/>\n<\/span><\/span><\/strong>To Gabrielius Landsbergis, Minister of Foreign Affairs of the Republic of Lithuania<br \/>\nCc:<br \/>\nThe Government of the Republic of Lithuania<br \/>\nThe Minister of Economy and Innovation of the Republic of Lithuania<br \/>\nTo the Presidency of the Republic of Lithuania<br \/>\n<a href=\"http:\/\/investorsforum.lt\/wp-content\/uploads\/2021\/02\/Verslo-Taryba_deL_l-Susitarimo-deL_l-investicijuL-apsaugos-sutarcL_iuL-nutraukimo-2021-02-12.pdf\" target=\"_blank\" rel=\"noopener noreferrer\">Ratification of the Agreement on the Termination of Bilateral Investment Treaties between the Member States of the European Union (LT)<\/a><\/p>\n<p><strong><span style=\"color: #2b9866;\"><span style=\"color: #3366ff;\">February 1, 2021<\/span><br \/>\n<\/span><\/strong>To the Government of the Republic of Lithuania<br \/>\nMinistry of Transport and Communications of the Republic of Lithuania<br \/>\nTo the Ministry of the Interior of the Republic of Lithuania<br \/>\nTo the Ministry of Finance of the Republic of Lithuania<br \/>\nTo the Ministry of National Defense of the Republic of Lithuania<br \/>\nCc:<br \/>\nTo the Office of the President of the Republic of Lithuania<br \/>\nCommunications Regulatory Authority of the Republic of Lithuania<br \/>\n<a href=\"http:\/\/investorsforum.lt\/wp-content\/uploads\/2021\/02\/Ra\u0161tas-d\u0117l-VKRT-steigimo-modelio_20210201.pdf\" target=\"_blank\" rel=\"noopener noreferrer\">The model for the establishment of a public critical communication network<\/a> (LT)<\/p>\n<p><strong><span style=\"color: #2b9866;\"><span style=\"color: #3366ff;\">January 8, 2021<\/span><br \/>\n<\/span><\/strong>Members of the Seimas of the Republic of Lithuania<br \/>\nTo the Social Affairs and Labor Committee of the Seimas of the Republic of Lithuania<br \/>\nTripartite Council of the Republic of Lithuania<br \/>\n<a href=\"http:\/\/investorsforum.lt\/wp-content\/uploads\/2021\/01\/IF-LPK-LVK-LDK-\u017d\u016aR-LPPAR-d\u0117l-U\u017eimtumo-\u012fstatymo-ir-garantij\u0173-darbuotojams....pdf\" target=\"_blank\" rel=\"noopener noreferrer\">Regarding the employment law of the Republic of Lithuania no. XII-2470 Law Amending Articles 35 and 41 and Guarantees of the Republic of Lithuania in the Event of the Insolvency of Their Employer and Law on Long-Term Employment Benefits no. XII-2604 Draft Laws Amending Articles 1, 2, 10, 11, 12, 13, 15, 19, Title III of Chapter III and Supplementing the Law with Article 91 (LT)<\/a><\/p>\n<p><strong><span style=\"color: #2b9866;\"><span style=\"color: #3366ff;\">January 6, 2021<\/span><br \/>\n<\/span><\/strong>To the Government of the Republic of Lithuania<br \/>\nMinistry of Transport and Communications of the Republic of Lithuania<br \/>\nTo the Ministry of the Interior of the Republic of Lithuania<br \/>\n<a href=\"http:\/\/investorsforum.lt\/wp-content\/uploads\/2021\/01\/Ra\u0161tas-d\u0117l-ankstesn\u0117s-vyriausyb\u0117s-priimto-protokolinio-sprendimo-d\u0117l-vkrt_20210106.pdf\" target=\"_blank\" rel=\"noopener noreferrer\">Due to the protocol decision taken by the previous Government to Reserve Part of the 5G Frequencies (LT)<\/a><\/p>\n<p>&nbsp;<\/p>\n","protected":false},"excerpt":{"rendered":"<p>2021 December 1 To the Government of the Republic of Lithuania Letter from LVK, IF and GDL regarding the Law on Lotteries and Gambling Tax No. IX-326 Article 4, 5, 6 and the title of the third section of the draft law amending the title no. XIVP-941 (3) (LT) 2021 November 29 To the Seimas<\/p>\n<div class=\"more-link\"><a href=\"https:\/\/investorsforum.lt\/en\/visi-pasiulymai\/pasiulymai2021\/\">Read more<\/a><\/div>\n","protected":false},"author":8,"featured_media":0,"parent":1449,"menu_order":0,"comment_status":"closed","ping_status":"closed","template":"","meta":{"_acf_changed":false,"footnotes":""},"class_list":["post-4158","page","type-page","status-publish","hentry"],"translation":{"provider":"WPGlobus","version":"3.0.2","language":"en","enabled_languages":["lt","en"],"languages":{"lt":{"title":true,"content":true,"excerpt":false},"en":{"title":true,"content":true,"excerpt":false}}},"acf":[],"yoast_head":"<!-- This site is optimized with the Yoast SEO plugin v26.9 - https:\/\/yoast.com\/product\/yoast-seo-wordpress\/ -->\n<title>New proposals - Investors Forum<\/title>\n<meta name=\"robots\" content=\"index, follow, max-snippet:-1, max-image-preview:large, max-video-preview:-1\" \/>\n<link rel=\"canonical\" href=\"https:\/\/investorsforum.lt\/en\/visi-pasiulymai\/pasiulymai2021\/\" \/>\n<meta property=\"og:locale\" content=\"en_US\" \/>\n<meta property=\"og:type\" content=\"article\" \/>\n<meta property=\"og:title\" content=\"New proposals - Investors Forum\" \/>\n<meta property=\"og:url\" content=\"https:\/\/investorsforum.lt\/en\/visi-pasiulymai\/pasiulymai2021\/\" \/>\n<meta property=\"og:site_name\" content=\"Investors Forum\" \/>\n<meta property=\"article:modified_time\" content=\"2021-12-17T13:13:57+00:00\" \/>\n<meta name=\"twitter:card\" content=\"summary_large_image\" \/>\n<meta name=\"twitter:label1\" content=\"Est. reading time\" \/>\n\t<meta name=\"twitter:data1\" content=\"11 minutes\" \/>\n<script type=\"application\/ld+json\" class=\"yoast-schema-graph\">{\"@context\":\"https:\/\/schema.org\",\"@graph\":[{\"@type\":\"WebPage\",\"@id\":\"https:\/\/investorsforum.lt\/en\/visi-pasiulymai\/pasiulymai2021\/\",\"url\":\"https:\/\/investorsforum.lt\/en\/visi-pasiulymai\/pasiulymai2021\/\",\"name\":\"New proposals - Investors Forum\",\"isPartOf\":{\"@id\":\"https:\/\/investorsforum.lt\/#website\"},\"datePublished\":\"2019-01-11T13:35:24+00:00\",\"dateModified\":\"2021-12-17T13:13:57+00:00\",\"breadcrumb\":{\"@id\":\"https:\/\/investorsforum.lt\/en\/visi-pasiulymai\/pasiulymai2021\/#breadcrumb\"},\"inLanguage\":\"en-EN\",\"potentialAction\":[{\"@type\":\"ReadAction\",\"target\":[\"https:\/\/investorsforum.lt\/en\/visi-pasiulymai\/pasiulymai2021\/\"]}]},{\"@type\":\"BreadcrumbList\",\"@id\":\"https:\/\/investorsforum.lt\/en\/visi-pasiulymai\/pasiulymai2021\/#breadcrumb\",\"itemListElement\":[{\"@type\":\"ListItem\",\"position\":1,\"name\":\"Home\",\"item\":\"https:\/\/investorsforum.lt\/\"},{\"@type\":\"ListItem\",\"position\":2,\"name\":\"Investors&#8217; Forum Proposals\",\"item\":\"https:\/\/investorsforum.lt\/en\/visi-pasiulymai\/\"},{\"@type\":\"ListItem\",\"position\":3,\"name\":\"New proposals\"}]},{\"@type\":\"WebSite\",\"@id\":\"https:\/\/investorsforum.lt\/#website\",\"url\":\"https:\/\/investorsforum.lt\/\",\"name\":\"Investors Forum\",\"description\":\"Asociacija Investors&#039; Forum\",\"potentialAction\":[{\"@type\":\"SearchAction\",\"target\":{\"@type\":\"EntryPoint\",\"urlTemplate\":\"https:\/\/investorsforum.lt\/?s={search_term_string}\"},\"query-input\":{\"@type\":\"PropertyValueSpecification\",\"valueRequired\":true,\"valueName\":\"search_term_string\"}}],\"inLanguage\":\"en-EN\"}]}<\/script>\n<!-- \/ Yoast SEO plugin. -->","yoast_head_json":{"title":"New proposals - Investors Forum","robots":{"index":"index","follow":"follow","max-snippet":"max-snippet:-1","max-image-preview":"max-image-preview:large","max-video-preview":"max-video-preview:-1"},"canonical":"https:\/\/investorsforum.lt\/en\/visi-pasiulymai\/pasiulymai2021\/","og_locale":"en_US","og_type":"article","og_title":"New proposals - Investors Forum","og_url":"https:\/\/investorsforum.lt\/en\/visi-pasiulymai\/pasiulymai2021\/","og_site_name":"Investors Forum","article_modified_time":"2021-12-17T13:13:57+00:00","twitter_card":"summary_large_image","twitter_misc":{"Est. reading time":"11 minutes"},"schema":{"@context":"https:\/\/schema.org","@graph":[{"@type":"WebPage","@id":"https:\/\/investorsforum.lt\/en\/visi-pasiulymai\/pasiulymai2021\/","url":"https:\/\/investorsforum.lt\/en\/visi-pasiulymai\/pasiulymai2021\/","name":"New proposals - Investors Forum","isPartOf":{"@id":"https:\/\/investorsforum.lt\/#website"},"datePublished":"2019-01-11T13:35:24+00:00","dateModified":"2021-12-17T13:13:57+00:00","breadcrumb":{"@id":"https:\/\/investorsforum.lt\/en\/visi-pasiulymai\/pasiulymai2021\/#breadcrumb"},"inLanguage":"en-EN","potentialAction":[{"@type":"ReadAction","target":["https:\/\/investorsforum.lt\/en\/visi-pasiulymai\/pasiulymai2021\/"]}]},{"@type":"BreadcrumbList","@id":"https:\/\/investorsforum.lt\/en\/visi-pasiulymai\/pasiulymai2021\/#breadcrumb","itemListElement":[{"@type":"ListItem","position":1,"name":"Home","item":"https:\/\/investorsforum.lt\/"},{"@type":"ListItem","position":2,"name":"Investors&#8217; Forum Proposals","item":"https:\/\/investorsforum.lt\/en\/visi-pasiulymai\/"},{"@type":"ListItem","position":3,"name":"New proposals"}]},{"@type":"WebSite","@id":"https:\/\/investorsforum.lt\/#website","url":"https:\/\/investorsforum.lt\/","name":"Investors Forum","description":"Asociacija Investors&#039; Forum","potentialAction":[{"@type":"SearchAction","target":{"@type":"EntryPoint","urlTemplate":"https:\/\/investorsforum.lt\/?s={search_term_string}"},"query-input":{"@type":"PropertyValueSpecification","valueRequired":true,"valueName":"search_term_string"}}],"inLanguage":"en-EN"}]}},"_links":{"self":[{"href":"https:\/\/investorsforum.lt\/en\/wp-json\/wp\/v2\/pages\/4158","targetHints":{"allow":["GET"]}}],"collection":[{"href":"https:\/\/investorsforum.lt\/en\/wp-json\/wp\/v2\/pages"}],"about":[{"href":"https:\/\/investorsforum.lt\/en\/wp-json\/wp\/v2\/types\/page"}],"author":[{"embeddable":true,"href":"https:\/\/investorsforum.lt\/en\/wp-json\/wp\/v2\/users\/8"}],"replies":[{"embeddable":true,"href":"https:\/\/investorsforum.lt\/en\/wp-json\/wp\/v2\/comments?post=4158"}],"version-history":[{"count":202,"href":"https:\/\/investorsforum.lt\/en\/wp-json\/wp\/v2\/pages\/4158\/revisions"}],"predecessor-version":[{"id":7119,"href":"https:\/\/investorsforum.lt\/en\/wp-json\/wp\/v2\/pages\/4158\/revisions\/7119"}],"up":[{"embeddable":true,"href":"https:\/\/investorsforum.lt\/en\/wp-json\/wp\/v2\/pages\/1449"}],"wp:attachment":[{"href":"https:\/\/investorsforum.lt\/en\/wp-json\/wp\/v2\/media?parent=4158"}],"curies":[{"name":"wp","href":"https:\/\/api.w.org\/{rel}","templated":true}]}}