{"id":4174,"date":"2019-01-15T14:00:23","date_gmt":"2019-01-15T14:00:23","guid":{"rendered":"http:\/\/investorsforum.lt\/?page_id=4174"},"modified":"2019-01-16T18:40:03","modified_gmt":"2019-01-16T18:40:03","slug":"sustainable-europe","status":"publish","type":"page","link":"https:\/\/investorsforum.lt\/en\/apie-mus\/sustainable-europe\/","title":{"rendered":"Sustainable Europe"},"content":{"rendered":"<p style=\"text-align: justify;\">Increasing euroscepticism, stronger authority of populists, BREXIT, migrants\u2019 crisis and fierce discussions about the reforms of European Union &#8211; this is the face that the old continent has now as it\u2019s waiting for the 2019 European Parliament election.<\/p>\n<p style=\"text-align: justify;\">How the reforms, made by European Union, will change government\u2019s actions and economy? What will European Parliament be capable of in the upcoming tenure? How does the election impact our own country? These and many more questions arise in society whilst another part of country&#8217;s citizens lack knowledge of the importance of participating in election and the impact that the results will make to their daily lives.<\/p>\n<p style=\"text-align: justify;\">Raising these issues, we see the need to increase Lithuanian citizens awareness regarding EP elections through non-partisan knowledge and interaction based activities.<\/p>\n<p style=\"text-align: justify;\">The project has 4 stages:<\/p>\n<p style=\"text-align: justify;\">Stage 1. Our Europe<br \/>\n(Active communication in media and social media)<\/p>\n<p style=\"text-align: justify;\">Stage 2. Sustainable dialogue between business community and MEPs.<br \/>\n(Includes 5 discussions in regions: Kaunas, Panev\u0117\u017eys, Alytus, Klaip\u0117da, \u0160iauliai)<\/p>\n<p style=\"text-align: justify;\">Stage 3. Promotion of business community\u2019s participation in EU Parliament elections.<br \/>\n(Includes 2 discussion in Vilnius with business community)<\/p>\n<p style=\"text-align: justify;\">Stage 4. Final discussion about EU Parliament election results. <br \/>\n(Discussion session during Baltic Investors Forum 2019)<\/p>\n<p style=\"text-align: justify;\">The length of the project is 7 months. \u00a0We kindly encourage you to support this action by registering <a href=\"https:\/\/www.sikartabalsuosiu.eu\/?recruiter_id=104924\">here<\/a>.<\/p>\n<p style=\"text-align: justify;\">This action co-financed by European Union.<\/p>\n<p><img loading=\"lazy\" decoding=\"async\" class=\"alignnone size-large wp-image-4184\" style=\"text-align: justify; font-size: 1rem;\" src=\"http:\/\/investorsforum.lt\/wp-content\/uploads\/2019\/01\/co-financed-1024x293.png\" alt=\"\" width=\"1024\" height=\"293\" srcset=\"https:\/\/investorsforum.lt\/wp-content\/uploads\/2019\/01\/co-financed-1024x293.png 1024w, https:\/\/investorsforum.lt\/wp-content\/uploads\/2019\/01\/co-financed-300x86.png 300w, https:\/\/investorsforum.lt\/wp-content\/uploads\/2019\/01\/co-financed-768x220.png 768w, https:\/\/investorsforum.lt\/wp-content\/uploads\/2019\/01\/co-financed.png 1246w\" sizes=\"auto, (max-width: 1024px) 100vw, 1024px\" \/><\/p>\n","protected":false},"excerpt":{"rendered":"<p>Increasing euroscepticism, stronger authority of populists, BREXIT, migrants\u2019 crisis and fierce discussions about the reforms of European Union &#8211; this is the face that the old continent has now as it\u2019s waiting for the 2019 European Parliament election. How the reforms, made by European Union, will change government\u2019s actions and economy? What will European Parliament<\/p>\n<div class=\"more-link\"><a href=\"https:\/\/investorsforum.lt\/en\/apie-mus\/sustainable-europe\/\">Read more<\/a><\/div>\n","protected":false},"author":8,"featured_media":0,"parent":1405,"menu_order":0,"comment_status":"closed","ping_status":"closed","template":"","meta":{"_acf_changed":false,"footnotes":""},"class_list":["post-4174","page","type-page","status-publish","hentry"],"translation":{"provider":"WPGlobus","version":"3.0.2","language":"en","enabled_languages":["lt","en"],"languages":{"lt":{"title":true,"content":true,"excerpt":false},"en":{"title":true,"content":true,"excerpt":false}}},"acf":[],"yoast_head":"<!-- This site is optimized with the Yoast SEO plugin v26.9 - https:\/\/yoast.com\/product\/yoast-seo-wordpress\/ -->\n<title>Sustainable Europe - Investors Forum<\/title>\n<meta name=\"robots\" content=\"index, follow, max-snippet:-1, max-image-preview:large, max-video-preview:-1\" \/>\n<link rel=\"canonical\" href=\"https:\/\/investorsforum.lt\/apie-mus\/sustainable-europe\/\" \/>\n<meta property=\"og:locale\" content=\"en_US\" \/>\n<meta property=\"og:type\" content=\"article\" \/>\n<meta property=\"og:title\" content=\"Sustainable Europe - Investors Forum\" \/>\n<meta property=\"og:url\" content=\"https:\/\/investorsforum.lt\/apie-mus\/sustainable-europe\/\" \/>\n<meta property=\"og:site_name\" content=\"Investors Forum\" \/>\n<meta property=\"article:modified_time\" content=\"2019-01-16T18:40:03+00:00\" \/>\n<meta property=\"og:image\" content=\"https:\/\/investorsforum.lt\/wp-content\/uploads\/2019\/01\/co-financed.png\" \/>\n\t<meta property=\"og:image:width\" content=\"1246\" \/>\n\t<meta property=\"og:image:height\" content=\"357\" \/>\n\t<meta property=\"og:image:type\" content=\"image\/png\" \/>\n<meta name=\"twitter:card\" content=\"summary_large_image\" \/>\n<meta name=\"twitter:label1\" content=\"Est. reading time\" \/>\n\t<meta name=\"twitter:data1\" content=\"2 minutes\" \/>\n<script type=\"application\/ld+json\" class=\"yoast-schema-graph\">{\"@context\":\"https:\/\/schema.org\",\"@graph\":[{\"@type\":\"WebPage\",\"@id\":\"https:\/\/investorsforum.lt\/apie-mus\/sustainable-europe\/\",\"url\":\"https:\/\/investorsforum.lt\/apie-mus\/sustainable-europe\/\",\"name\":\"Sustainable Europe - Investors Forum\",\"isPartOf\":{\"@id\":\"https:\/\/investorsforum.lt\/#website\"},\"primaryImageOfPage\":{\"@id\":\"https:\/\/investorsforum.lt\/apie-mus\/sustainable-europe\/#primaryimage\"},\"image\":{\"@id\":\"https:\/\/investorsforum.lt\/apie-mus\/sustainable-europe\/#primaryimage\"},\"thumbnailUrl\":\"http:\/\/investorsforum.lt\/wp-content\/uploads\/2019\/01\/co-financed-1024x293.png\",\"datePublished\":\"2019-01-15T14:00:23+00:00\",\"dateModified\":\"2019-01-16T18:40:03+00:00\",\"breadcrumb\":{\"@id\":\"https:\/\/investorsforum.lt\/apie-mus\/sustainable-europe\/#breadcrumb\"},\"inLanguage\":\"en-EN\",\"potentialAction\":[{\"@type\":\"ReadAction\",\"target\":[\"https:\/\/investorsforum.lt\/apie-mus\/sustainable-europe\/\"]}]},{\"@type\":\"ImageObject\",\"inLanguage\":\"en-EN\",\"@id\":\"https:\/\/investorsforum.lt\/apie-mus\/sustainable-europe\/#primaryimage\",\"url\":\"http:\/\/investorsforum.lt\/wp-content\/uploads\/2019\/01\/co-financed-1024x293.png\",\"contentUrl\":\"http:\/\/investorsforum.lt\/wp-content\/uploads\/2019\/01\/co-financed-1024x293.png\"},{\"@type\":\"BreadcrumbList\",\"@id\":\"https:\/\/investorsforum.lt\/apie-mus\/sustainable-europe\/#breadcrumb\",\"itemListElement\":[{\"@type\":\"ListItem\",\"position\":1,\"name\":\"Home\",\"item\":\"https:\/\/investorsforum.lt\/\"},{\"@type\":\"ListItem\",\"position\":2,\"name\":\"Apie mus\",\"item\":\"https:\/\/investorsforum.lt\/apie-mus\/\"},{\"@type\":\"ListItem\",\"position\":3,\"name\":\"Sustainable Europe\"}]},{\"@type\":\"WebSite\",\"@id\":\"https:\/\/investorsforum.lt\/#website\",\"url\":\"https:\/\/investorsforum.lt\/\",\"name\":\"Investors Forum\",\"description\":\"Asociacija Investors&#039; Forum\",\"potentialAction\":[{\"@type\":\"SearchAction\",\"target\":{\"@type\":\"EntryPoint\",\"urlTemplate\":\"https:\/\/investorsforum.lt\/?s={search_term_string}\"},\"query-input\":{\"@type\":\"PropertyValueSpecification\",\"valueRequired\":true,\"valueName\":\"search_term_string\"}}],\"inLanguage\":\"en-EN\"}]}<\/script>\n<!-- \/ Yoast SEO plugin. -->","yoast_head_json":{"title":"Sustainable Europe - Investors Forum","robots":{"index":"index","follow":"follow","max-snippet":"max-snippet:-1","max-image-preview":"max-image-preview:large","max-video-preview":"max-video-preview:-1"},"canonical":"https:\/\/investorsforum.lt\/apie-mus\/sustainable-europe\/","og_locale":"en_US","og_type":"article","og_title":"Sustainable Europe - Investors Forum","og_url":"https:\/\/investorsforum.lt\/apie-mus\/sustainable-europe\/","og_site_name":"Investors Forum","article_modified_time":"2019-01-16T18:40:03+00:00","og_image":[{"width":1246,"height":357,"url":"https:\/\/investorsforum.lt\/wp-content\/uploads\/2019\/01\/co-financed.png","type":"image\/png"}],"twitter_card":"summary_large_image","twitter_misc":{"Est. reading time":"2 minutes"},"schema":{"@context":"https:\/\/schema.org","@graph":[{"@type":"WebPage","@id":"https:\/\/investorsforum.lt\/apie-mus\/sustainable-europe\/","url":"https:\/\/investorsforum.lt\/apie-mus\/sustainable-europe\/","name":"Sustainable Europe - Investors Forum","isPartOf":{"@id":"https:\/\/investorsforum.lt\/#website"},"primaryImageOfPage":{"@id":"https:\/\/investorsforum.lt\/apie-mus\/sustainable-europe\/#primaryimage"},"image":{"@id":"https:\/\/investorsforum.lt\/apie-mus\/sustainable-europe\/#primaryimage"},"thumbnailUrl":"http:\/\/investorsforum.lt\/wp-content\/uploads\/2019\/01\/co-financed-1024x293.png","datePublished":"2019-01-15T14:00:23+00:00","dateModified":"2019-01-16T18:40:03+00:00","breadcrumb":{"@id":"https:\/\/investorsforum.lt\/apie-mus\/sustainable-europe\/#breadcrumb"},"inLanguage":"en-EN","potentialAction":[{"@type":"ReadAction","target":["https:\/\/investorsforum.lt\/apie-mus\/sustainable-europe\/"]}]},{"@type":"ImageObject","inLanguage":"en-EN","@id":"https:\/\/investorsforum.lt\/apie-mus\/sustainable-europe\/#primaryimage","url":"http:\/\/investorsforum.lt\/wp-content\/uploads\/2019\/01\/co-financed-1024x293.png","contentUrl":"http:\/\/investorsforum.lt\/wp-content\/uploads\/2019\/01\/co-financed-1024x293.png"},{"@type":"BreadcrumbList","@id":"https:\/\/investorsforum.lt\/apie-mus\/sustainable-europe\/#breadcrumb","itemListElement":[{"@type":"ListItem","position":1,"name":"Home","item":"https:\/\/investorsforum.lt\/"},{"@type":"ListItem","position":2,"name":"Apie mus","item":"https:\/\/investorsforum.lt\/apie-mus\/"},{"@type":"ListItem","position":3,"name":"Sustainable Europe"}]},{"@type":"WebSite","@id":"https:\/\/investorsforum.lt\/#website","url":"https:\/\/investorsforum.lt\/","name":"Investors Forum","description":"Asociacija Investors&#039; Forum","potentialAction":[{"@type":"SearchAction","target":{"@type":"EntryPoint","urlTemplate":"https:\/\/investorsforum.lt\/?s={search_term_string}"},"query-input":{"@type":"PropertyValueSpecification","valueRequired":true,"valueName":"search_term_string"}}],"inLanguage":"en-EN"}]}},"_links":{"self":[{"href":"https:\/\/investorsforum.lt\/en\/wp-json\/wp\/v2\/pages\/4174","targetHints":{"allow":["GET"]}}],"collection":[{"href":"https:\/\/investorsforum.lt\/en\/wp-json\/wp\/v2\/pages"}],"about":[{"href":"https:\/\/investorsforum.lt\/en\/wp-json\/wp\/v2\/types\/page"}],"author":[{"embeddable":true,"href":"https:\/\/investorsforum.lt\/en\/wp-json\/wp\/v2\/users\/8"}],"replies":[{"embeddable":true,"href":"https:\/\/investorsforum.lt\/en\/wp-json\/wp\/v2\/comments?post=4174"}],"version-history":[{"count":13,"href":"https:\/\/investorsforum.lt\/en\/wp-json\/wp\/v2\/pages\/4174\/revisions"}],"predecessor-version":[{"id":4193,"href":"https:\/\/investorsforum.lt\/en\/wp-json\/wp\/v2\/pages\/4174\/revisions\/4193"}],"up":[{"embeddable":true,"href":"https:\/\/investorsforum.lt\/en\/wp-json\/wp\/v2\/pages\/1405"}],"wp:attachment":[{"href":"https:\/\/investorsforum.lt\/en\/wp-json\/wp\/v2\/media?parent=4174"}],"curies":[{"name":"wp","href":"https:\/\/api.w.org\/{rel}","templated":true}]}}