{"id":4287,"date":"2020-02-21T13:02:30","date_gmt":"2020-02-21T13:02:30","guid":{"rendered":"http:\/\/investorsforum.lt\/?page_id=4287"},"modified":"2020-02-21T15:02:34","modified_gmt":"2020-02-21T15:02:34","slug":"testas","status":"publish","type":"page","link":"https:\/\/investorsforum.lt\/en\/testas\/","title":{"rendered":"Testas"},"content":{"rendered":"<p>2030 m. Gegu\u017e\u0117&#8230;<\/p>\n<p>BNS prane\u0161a:<\/p>\n<p style=\"text-align: justify;\">tekstas paprastas tekstas paprastas tekstas paprastas tekstas paprastas tekstas paprastas tekstas paprastas tekstas paprastas tekstas paprastas tekstas paprastas tekstas paprastas tekstas paprastas tekstas paprastas<\/p>\n<ul>\n<li>Statistikos departamentas prane\u0161a. Tiesiogini\u0173 u\u017esienio investicij\u0173 per capita rodikliu Lietuva pirmauja Europos S\u0105jungoje. Tiesiogini\u0173 u\u017esienio investicij\u0173 pritraukimas jau du de\u0161imtme\u010dius yra Lietuvos prioritetas. Tai dav\u0117 vaisius \u2013 \u012f Lietuv\u0105 per 20 met\u0173 sugr\u012f\u017eo vir\u0161 300 000 emigrant\u0173, i\u0161vykusi\u0173 ie\u0161koti geresni\u0173 darb\u0173 2008 \u2013 2012 met\u0173 ekonomin\u0117s kriz\u0117s metu.<\/li>\n<li>\u0160iandien \u012fvyko jau 21- osios Tolerancijos eityn\u0117s centrin\u0117mis Vilniaus gatv\u0117mis. Vilnius sulauk\u0117 vir\u0161 milijono sve\u010di\u0173 i\u0161 u\u017esienio, kurie nor\u0117jo pasid\u017eiaugti spalvinga ir gausia eisena. Vilnius tapo tikra Europos tolerancijos sostine&#8230;<\/li>\n<li>Lietuvos korupcijos suvokimo indeksas per 20 metu pager\u0117jo 2 kartus. Lietuva priart\u0117jo prie Skandinavi\u0161kojo korupcijos suvokimo indekso ir yra nusprendusi dar per de\u0161imtmet\u012f tapti viena i\u0161 pasaulini\u0173 lyderi\u0173 pagal \u0161\u012f rodikl\u012f.<\/li>\n<li>Vilniaus universitetas jau keleri metai reitinguojamas tarp geriausi\u0173 50 universitet\u0173 Europoje. Atvirumas u\u017esienio profes\u016brai bei studentams leido tapti lyderiu. \u0160iuo metu VU studijuoja vir\u0161 4000 student\u0173 i\u0161 u\u017esienio.<\/li>\n<li>Nepaisant to, kad Lietuvoje jau vir\u0161 10 met\u0173 veikia atomin\u0117 elektrin\u0117, Lietuva pirmauja ne tik saul\u0117s baterij\u0173 gamyba vienam gyventojui, bet ir saul\u0117s energijos panaudojimu nam\u0173 \u016bkyje.<\/li>\n<li>Kas ryt\u0105 skaitydami Lietuvos spaud\u0105 gyventojai gauna toki\u0105 doz\u0119 teigiamos informacijos, kad gerov\u0117s valstyb\u0117s koncepcija tapo realybe.<\/li>\n<li>\u0160iandien Vilniaus auto centre parduotas jau milijoninis velomobilis.<\/li>\n<li>\u0160iandien Vilniaus Kalvarij\u0173 ekologinis turgus at\u0161vent\u0117 de\u0161imtmet\u012f.<\/li>\n<li>Lietuvos menininkai pilnai integravosi \u012f u\u017esienio (Europos, Azijos, JAV) rinkas bei galerijas. \u0160iandien New York\u2018 o modernaus meno muziejuje atidaroma Andriaus Zakarausko paroda, dar prie\u0161 atidarym\u0105 i\u0161liaupsinta \u017einiasklaidos. Andrius Zakarauskas \u2013 fig\u016brin\u0117s tapybos atstovas, baig\u0117 Lietuvos dail\u0117s akademij\u0105 2005 metais ir jau dalyvavo vir\u0161 30 tarptautini\u0173 autorini\u0173 parod\u0173.<\/li>\n<li>Dar prie\u0161 dvide\u0161imt met\u0173 gars\u0117j\u0119 tik kaip \u201enaktiniai graffiti pie\u0161\u0117jai\u201c jaunieji Lietuvos menininkai jau tapo pasaulinio garso bei lygio gatv\u0117s meno k\u016brejais. D\u0117l ilgos sovietin\u0117s okupacijos, \u0161ios srities menas atsiliko nuo pasaulini\u0173 tendencij\u0173, ta\u010diau Lietuvos dail\u0117s akademijos iniciatyvos d\u0117ka, gatv\u0117s menas Lietuvoje suklest\u0117jo. Lietuvoje taip pat atsirado nauj\u0173 sri\u010di\u0173 specialist\u0173 &#8211; 3D grafikos, animacijos, lazeriu, ir pan. D\u0117l to ir d\u0117l dar keletos prie\u017e\u0105s\u010di\u0173, Lietuva pirmauja pasaulyje reklamin\u0117s produkcijos gamybos srityje. \u010cia ne tik kuriami\u00a0 reklaminiai klipai, bet ir kuriama kita produkcija, kuri tiekiama \u012f visas pasaulio \u0161alis.<\/li>\n<li>Vilniaus \u201eKino pavasaris\u201c stojo \u012f vien\u0105 eil\u0119 su kitais europiniais kin\u0173 festivaliais kaip Kan\u0173 ir Berlyno. Jame stipriai padaug\u0117jo lietuvi\u0161kos kino produkcijos. Lietuvi\u0161ko kino k\u016br\u0117j\u0173 produkcijos daug\u0117ja ir pasaulio kino festivaliuose. Lietuviai i\u0161 didel\u0117s meil\u0117s istorijai, geriausiai Europoje specializuojasi istorini\u0173 film\u0173 bei serial\u0173 k\u016brime.<\/li>\n<li>Ram\u016bnas Cic\u0117nas gavo Oskar\u0105 u\u017e \u017dygimanto Augusto vaidmen\u012f filme apie jo ir Barboros Radvilait\u0117s meil\u0117s istorij\u0105, kuris buvo filmuotas Lietuvoje. J\u012f re\u017eisavo prie\u0161 dvide\u0161imtmet\u012f garsaus \u201e\u017died\u0173 Valdovo\u201c ir kit\u0173 populiari\u0173 film\u0173 re\u017eisierius seras Peter Robert Jackson.<\/li>\n<li>Lietuviai, kas gan \u012fprasta \u0161iaur\u0117s \u0161alyse, i\u0161vyst\u0117 puiki\u0105 sunkiosios roko muzikos rink\u0105. Jau dvide\u0161imt met\u0173 vykstantis festivalis \u201eVelnio akmuo\u201c tapo vienu kokybi\u0161kiausiu roko bei metalo muzikos festivaliu Europoje. Lietuvi\u0161k\u0173 grupi\u0173 i\u0161skirtinumas \u2013 sunkios muzikos derinimas su tradicin\u0117mis folkloro dainomis.<\/li>\n<li>Europ\u0105 u\u017ekariauja lietuvi\u0161ki istoriniai bei fantastiniai komiksai. Obelixa, kaip Europos komiks\u0173 simbol\u012f, kei\u010dia kunigaik\u0161tis Gediminas.<\/li>\n<li>Lietuvos ba\u017eny\u010dios tapo jaunimo traukos centrais bei tapo svarbiu veik\u0117ju kovoje su narkomanija. Ba\u017eny\u010diose vyksta atviros diskusijos \u012fvairiomis temomis, kurios svarbios formuojant jauno \u017emogaus asmenyb\u0119. Ba\u017eny\u010diose vyksta roko ir kitos populiarios muzikos koncertai. Ba\u017eny\u010dia suteikia nemokamai (tik u\u017e komunalinius patarnavimus privalu u\u017esimok\u0117ti) gyvenam\u0105sias patalpas studentams, kuri\u0173 materialin\u0117 pad\u0117tis yra sunkesn\u0117. U\u017e tok\u012f nekilnojam\u0105j\u012f turt\u0105 ba\u017eny\u010dia neturi mok\u0117ti turto mokes\u010dio. Savo finansines audituotas ataskaitas visos Lietuvos ba\u017eny\u010dios skelbia internete.<\/li>\n<li>Statistikos departamentas informuoja. Lietuvoje vidutini\u0161kai viena \u0161eima turi 3 vaikus.<\/li>\n<\/ul>\n<p>Visa tai gali \u012fvykti&#8230;<\/p>\n<p>B\u016bkim atviri naujai min\u010diai, naujoms id\u0117joms, kitokiam po\u017ei\u016briui. B\u016bkim k\u016brybingi ir dr\u0105s\u016bs.<\/p>\n<p>R\u016bta Skyrien\u0117<\/p>\n","protected":false},"excerpt":{"rendered":"<p>2030 m. Gegu\u017e\u0117&#8230; BNS prane\u0161a: tekstas paprastas tekstas paprastas tekstas paprastas tekstas paprastas tekstas paprastas tekstas paprastas tekstas paprastas tekstas paprastas tekstas paprastas tekstas paprastas tekstas paprastas tekstas paprastas Statistikos departamentas prane\u0161a. Tiesiogini\u0173 u\u017esienio investicij\u0173 per capita rodikliu Lietuva pirmauja Europos S\u0105jungoje. Tiesiogini\u0173 u\u017esienio investicij\u0173 pritraukimas jau du de\u0161imtme\u010dius yra Lietuvos prioritetas. Tai dav\u0117 vaisius<\/p>\n<div class=\"more-link\"><a href=\"https:\/\/investorsforum.lt\/en\/testas\/\">Read more<\/a><\/div>\n","protected":false},"author":8,"featured_media":0,"parent":0,"menu_order":0,"comment_status":"closed","ping_status":"closed","template":"template-custom.php","meta":{"_acf_changed":false,"footnotes":""},"class_list":["post-4287","page","type-page","status-publish","hentry"],"translation":{"provider":"WPGlobus","version":"3.0.2","language":"en","enabled_languages":["lt","en"],"languages":{"lt":{"title":true,"content":true,"excerpt":false},"en":{"title":false,"content":false,"excerpt":false}}},"acf":[],"yoast_head":"<!-- This site is optimized with the Yoast SEO plugin v26.9 - https:\/\/yoast.com\/product\/yoast-seo-wordpress\/ -->\n<title>Testas - Investors Forum<\/title>\n<meta name=\"robots\" content=\"index, follow, max-snippet:-1, max-image-preview:large, max-video-preview:-1\" \/>\n<link rel=\"canonical\" href=\"https:\/\/investorsforum.lt\/testas\/\" \/>\n<meta property=\"og:locale\" content=\"en_US\" \/>\n<meta property=\"og:type\" content=\"article\" \/>\n<meta property=\"og:title\" content=\"Testas - Investors Forum\" \/>\n<meta property=\"og:url\" content=\"https:\/\/investorsforum.lt\/testas\/\" \/>\n<meta property=\"og:site_name\" content=\"Investors Forum\" \/>\n<meta property=\"article:modified_time\" content=\"2020-02-21T15:02:34+00:00\" \/>\n<meta name=\"twitter:card\" content=\"summary_large_image\" \/>\n<meta name=\"twitter:label1\" content=\"Est. reading time\" \/>\n\t<meta name=\"twitter:data1\" content=\"3 minutes\" \/>\n<script type=\"application\/ld+json\" class=\"yoast-schema-graph\">{\"@context\":\"https:\/\/schema.org\",\"@graph\":[{\"@type\":\"WebPage\",\"@id\":\"https:\/\/investorsforum.lt\/testas\/\",\"url\":\"https:\/\/investorsforum.lt\/testas\/\",\"name\":\"Testas - Investors Forum\",\"isPartOf\":{\"@id\":\"https:\/\/investorsforum.lt\/#website\"},\"datePublished\":\"2020-02-21T13:02:30+00:00\",\"dateModified\":\"2020-02-21T15:02:34+00:00\",\"breadcrumb\":{\"@id\":\"https:\/\/investorsforum.lt\/testas\/#breadcrumb\"},\"inLanguage\":\"en-EN\",\"potentialAction\":[{\"@type\":\"ReadAction\",\"target\":[\"https:\/\/investorsforum.lt\/testas\/\"]}]},{\"@type\":\"BreadcrumbList\",\"@id\":\"https:\/\/investorsforum.lt\/testas\/#breadcrumb\",\"itemListElement\":[{\"@type\":\"ListItem\",\"position\":1,\"name\":\"Home\",\"item\":\"https:\/\/investorsforum.lt\/\"},{\"@type\":\"ListItem\",\"position\":2,\"name\":\"Testas\"}]},{\"@type\":\"WebSite\",\"@id\":\"https:\/\/investorsforum.lt\/#website\",\"url\":\"https:\/\/investorsforum.lt\/\",\"name\":\"Investors Forum\",\"description\":\"Asociacija Investors&#039; Forum\",\"potentialAction\":[{\"@type\":\"SearchAction\",\"target\":{\"@type\":\"EntryPoint\",\"urlTemplate\":\"https:\/\/investorsforum.lt\/?s={search_term_string}\"},\"query-input\":{\"@type\":\"PropertyValueSpecification\",\"valueRequired\":true,\"valueName\":\"search_term_string\"}}],\"inLanguage\":\"en-EN\"}]}<\/script>\n<!-- \/ Yoast SEO plugin. -->","yoast_head_json":{"title":"Testas - Investors Forum","robots":{"index":"index","follow":"follow","max-snippet":"max-snippet:-1","max-image-preview":"max-image-preview:large","max-video-preview":"max-video-preview:-1"},"canonical":"https:\/\/investorsforum.lt\/testas\/","og_locale":"en_US","og_type":"article","og_title":"Testas - Investors Forum","og_url":"https:\/\/investorsforum.lt\/testas\/","og_site_name":"Investors Forum","article_modified_time":"2020-02-21T15:02:34+00:00","twitter_card":"summary_large_image","twitter_misc":{"Est. reading time":"3 minutes"},"schema":{"@context":"https:\/\/schema.org","@graph":[{"@type":"WebPage","@id":"https:\/\/investorsforum.lt\/testas\/","url":"https:\/\/investorsforum.lt\/testas\/","name":"Testas - Investors Forum","isPartOf":{"@id":"https:\/\/investorsforum.lt\/#website"},"datePublished":"2020-02-21T13:02:30+00:00","dateModified":"2020-02-21T15:02:34+00:00","breadcrumb":{"@id":"https:\/\/investorsforum.lt\/testas\/#breadcrumb"},"inLanguage":"en-EN","potentialAction":[{"@type":"ReadAction","target":["https:\/\/investorsforum.lt\/testas\/"]}]},{"@type":"BreadcrumbList","@id":"https:\/\/investorsforum.lt\/testas\/#breadcrumb","itemListElement":[{"@type":"ListItem","position":1,"name":"Home","item":"https:\/\/investorsforum.lt\/"},{"@type":"ListItem","position":2,"name":"Testas"}]},{"@type":"WebSite","@id":"https:\/\/investorsforum.lt\/#website","url":"https:\/\/investorsforum.lt\/","name":"Investors Forum","description":"Asociacija Investors&#039; Forum","potentialAction":[{"@type":"SearchAction","target":{"@type":"EntryPoint","urlTemplate":"https:\/\/investorsforum.lt\/?s={search_term_string}"},"query-input":{"@type":"PropertyValueSpecification","valueRequired":true,"valueName":"search_term_string"}}],"inLanguage":"en-EN"}]}},"_links":{"self":[{"href":"https:\/\/investorsforum.lt\/en\/wp-json\/wp\/v2\/pages\/4287","targetHints":{"allow":["GET"]}}],"collection":[{"href":"https:\/\/investorsforum.lt\/en\/wp-json\/wp\/v2\/pages"}],"about":[{"href":"https:\/\/investorsforum.lt\/en\/wp-json\/wp\/v2\/types\/page"}],"author":[{"embeddable":true,"href":"https:\/\/investorsforum.lt\/en\/wp-json\/wp\/v2\/users\/8"}],"replies":[{"embeddable":true,"href":"https:\/\/investorsforum.lt\/en\/wp-json\/wp\/v2\/comments?post=4287"}],"version-history":[{"count":8,"href":"https:\/\/investorsforum.lt\/en\/wp-json\/wp\/v2\/pages\/4287\/revisions"}],"predecessor-version":[{"id":4935,"href":"https:\/\/investorsforum.lt\/en\/wp-json\/wp\/v2\/pages\/4287\/revisions\/4935"}],"wp:attachment":[{"href":"https:\/\/investorsforum.lt\/en\/wp-json\/wp\/v2\/media?parent=4287"}],"curies":[{"name":"wp","href":"https:\/\/api.w.org\/{rel}","templated":true}]}}