{"id":4744,"date":"2020-01-17T12:40:49","date_gmt":"2020-01-17T12:40:49","guid":{"rendered":"http:\/\/investorsforum.lt\/?page_id=4744"},"modified":"2021-10-05T12:02:47","modified_gmt":"2021-10-05T12:02:47","slug":"new-proposals","status":"publish","type":"page","link":"https:\/\/investorsforum.lt\/en\/visi-pasiulymai\/new-proposals\/","title":{"rendered":"Proposals issued in 2019"},"content":{"rendered":"<p><strong><span style=\"color: #2b9866;\">December 18, 2019<br \/>\n<\/span><\/strong>To the President of the Republic of Lithuania<br \/>\n<a href=\"http:\/\/investorsforum.lt\/wp-content\/uploads\/2021\/10\/IF-ra\u0161tas-d\u0117l-bank\u0173-pelno-mokes\u010dio_20191218.pdf\" target=\"_blank\" rel=\"noopener\">Regarding Bank Income Tax<\/a><\/p>\n<p><strong><span style=\"color: #2b9866;\">December 5, 2019<br \/>\n<\/span><\/strong>Office of the President of the Republic of Lithuania<br \/>\nOffice of the Government\u00a0of the Republic of Lithuania<br \/>\nMinistry of Health of The Republic of Lithuania<br \/>\nNational Health Insurance Fund<br \/>\nCompetition Council of the Republic of Lithuania<br \/>\n<a href=\"https:\/\/investorsforum.lt\/wp-content\/uploads\/2019\/12\/20191205-IF-ra%c5%a1tas_d%c4%97l-sutar%c4%8di%c5%b3-tarp-TLK-ir-ASPI.pdf\" target=\"_blank\" rel=\"noopener\">Regarding the Improvements for Contracting Between health care institutions and National Health Insurance Fund<\/a><\/p>\n<p><strong><span style=\"color: #2b9866;\">December 2, 2019<br \/>\n<\/span><\/strong>Office of the Government\u00a0of the Republic of Lithuania<br \/>\nChief Legal Adviser to the President\u00a0of the Republic of Lithuania<br \/>\nCompetition Council of the Republic of Lithuania<br \/>\n<a href=\"https:\/\/investorsforum.lt\/wp-content\/uploads\/2019\/12\/20191202-Verslo-organizacij%c5%b3-ra%c5%a1tas-d%c4%97l-Nutarimo-projekto-Nr.-19-126423.pdf\" target=\"_blank\" rel=\"noopener\">Business associations address in regards to project no.19-126423 (LT)<\/a><\/p>\n<p><strong><span style=\"color: #2b9866;\">November 29, 2019<br \/>\n<\/span><\/strong>Ministry of Finance of the Republic of Lithuania<br \/>\n<a href=\"https:\/\/investorsforum.lt\/wp-content\/uploads\/2019\/11\/20191129-IF-pasiulymas-d%c4%97l-pelno-mokes%c4%8dio-%c4%afstatymo-projekto.pdf\" target=\"_blank\" rel=\"noopener\">Regarding the Changes\u00a0 in Profit Tax<\/a>\u00a0(LT)<\/p>\n<p><strong><span style=\"color: #2b9866;\">October 31, 2019<br \/>\n<\/span><\/strong>Tax Inspectorate under the\u00a0 Ministry of Finance of the Republic of Lithuania<br \/>\n<a href=\"https:\/\/investorsforum.lt\/wp-content\/uploads\/2019\/11\/20191031-IF-ra%c5%a1tas-d%c4%97l-%c4%afpareigojan%c4%8di%c5%b3-sprendim%c5%b3.pdf\" target=\"_blank\" rel=\"noopener\">Regarding the Changes\u00a0 in Tax Inspectorate Commandment No. VA-105 <\/a>\u00a0(LT)<\/p>\n<p><strong><span style=\"color: #2b9866;\">October 11, 2019<br \/>\n<\/span><\/strong>Ministry of Finance of the Republic of Lithuania<br \/>\n<a href=\"http:\/\/investorsforum.lt\/wp-content\/uploads\/2019\/10\/20191011-IF-pasi\u016blymai-d\u0117l-moke\u010di\u0173-projekt\u0173.pdf\" target=\"_blank\" rel=\"noopener\">Regarding the Changes in Tax Law \u00a0(LT)<\/a><\/p>\n<p><strong><span style=\"color: #2b9866;\">October 08, 2019<br \/>\n<\/span><\/strong>Ministry of Health of The Republic of Lithuania<br \/>\n<a href=\"http:\/\/investorsforum.lt\/wp-content\/uploads\/2019\/10\/20191008-IF-ra\u0161tas-d\u0117l-higienos-normos.pdf\" target=\"_blank\" rel=\"noopener\">Regarding the Law on Hygiene Regulations\u00a0(LT)<\/a><\/p>\n<p><strong><span style=\"color: #2b9866;\">August 12, 2019<br \/>\n<\/span><\/strong>Ministry of the Economy and Innovation of the Republic of Lithuania<br \/>\n<a href=\"http:\/\/investorsforum.lt\/wp-content\/uploads\/2019\/08\/IF-ra\u0161tas-d\u0117l-Konkurencijos-\u012fstatymo-20190812.pdf\" target=\"_blank\" rel=\"noopener\">Regarding the Changes in the Competition Law\u00a0(LT)<\/a><\/p>\n<p><strong><span style=\"color: #2b9866;\">August 5, 2019<br \/>\n<\/span><\/strong>Ministry of the Economy and Innovation of the Republic of Lithuania<br \/>\n<a href=\"http:\/\/investorsforum.lt\/wp-content\/uploads\/2019\/08\/IF-ra\u0161tas-d\u0117l-Tabako-kontrol\u0117s-\u012fstatymo-20190805.pdf\" target=\"_blank\" rel=\"noopener\">Regarding the Law on Tobacco Quality Control\u00a0(LT)<\/a><\/p>\n<p><strong><span style=\"color: #2b9866;\">July 9, 2019<br \/>\n<\/span><\/strong>Government of the Republic of Lithuania<br \/>\n<a href=\"http:\/\/investorsforum.lt\/wp-content\/uploads\/2019\/07\/Del_darbuotoju_is_treciuju_saliu_IF_LPK_LPPARA-1.pdf\" target=\"_blank\" rel=\"noopener\">Regarding the Employees From the Third World Countries\u00a0(LT)<\/a><\/p>\n<p><strong style=\"font-size: 1rem;\"><span style=\"color: #2b9866;\">July 1, 2019<br \/>\n<\/span><\/strong>Government of the Republic of Lithuania<br \/>\nMinistry of Health of The Republic of Lithuania<br \/>\nMinistry of Finance of the Republic of Lithuania<br \/>\n<a href=\"http:\/\/investorsforum.lt\/wp-content\/uploads\/2019\/07\/Asociacij\u0173-ra\u0161tas-d\u0117l-LPT-ir-NTAKD-sujungimo_2019-07-011-1.pdf\" target=\"_blank\" rel=\"noopener\">Regarding the Initiative of the Ministry of Health to Reorganize the Gambling Service Under the Ministry of Finance\u00a0(LT)<\/a><\/p>\n<p><strong><span style=\"color: #2b9866;\">May 15, 2019<br \/>\n<\/span><\/strong>Ministry of Energy of the Republic of Lithuania<br \/>\n<a href=\"http:\/\/investorsforum.lt\/wp-content\/uploads\/2019\/05\/20190514-IF-ra\u0161tas-d\u0117l-NECP.pdf\" target=\"_blank\" rel=\"noopener\">THE 2018-12-14 DRAFT OF INTEGRATED NATIONAL ENERGY AND CLIMATE PLAN OF THE REPUBLIC OF LITHUANIA (LT)<\/a><br \/>\n<a href=\"http:\/\/investorsforum.lt\/wp-content\/uploads\/2019\/05\/20190514-IF-ra\u0161tas-d\u0117l-NECP-Priedas-1_LT.pdf\" target=\"_blank\" rel=\"noopener\">Appendix (LT)<\/a><br \/>\n<a href=\"http:\/\/investorsforum.lt\/wp-content\/uploads\/2019\/05\/20190514-IF-ra\u0161tas-d\u0117l-NECP-Priedas-2_ENG.pdf\" target=\"_blank\" rel=\"noopener\">Appendix (ENG)<\/a><\/p>\n<p><strong><span style=\"color: #2b9866;\">April 16, 2019<br \/>\n<\/span><\/strong>Ministry of Energy of the Republic of Lithuania<br \/>\n<a href=\"http:\/\/investorsforum.lt\/wp-content\/uploads\/2019\/04\/201904016-IF-ra%C5%A1tas-d%C4%97l-D%C4%96L-ELEKTROS-TINKL%C5%B2-APSAUGOS-TAISYKLI%C5%B2-KEITIMO-INICIAVIMO.pdf\" target=\"_blank\" rel=\"noopener\">Regarding the Initiation for Change of Laws for Electricity Networks&#8217; Protection (LT)<\/a><br \/>\n<a href=\"http:\/\/investorsforum.lt\/wp-content\/uploads\/2019\/04\/201904016-1-priedas_Investors-forum-rasto_lentele-2019-04-17.pdf\" target=\"_blank\" rel=\"noopener\">Appendix (LT)<\/a><\/p>\n<p><strong><span style=\"color: #2b9866;\">April 15, 2019<br \/>\n<\/span><\/strong>Ministry of Health of The Republic of Lithuania<br \/>\nNational Health Insurance Fund<br \/>\n<a href=\"http:\/\/investorsforum.lt\/wp-content\/uploads\/2019\/04\/20190415-Pastabos-ir-pasiulymai-Isakymo-V-668-pastabai_IF.pdf\" target=\"_blank\" rel=\"noopener\">Regarding the Minister&#8217;s of Health Project on Changing the Definition of Day Surgery (LT)<\/a><\/p>\n<p><strong><span style=\"color: #2b9866;\">April 9, 2019<\/span><\/strong><br \/>\nMinistry of Finance of the Republic of Lithuania<br \/>\n<a href=\"http:\/\/investorsforum.lt\/wp-content\/uploads\/2019\/04\/20190409-IF-ra%C5%A1tas-d%C4%97l-mokes%C4%8Di%C5%B3-administravimo-%C4%AFstatymo.pdf\" target=\"_blank\" rel=\"noopener\">Regarding the Administration of Taxes (LT)<\/a><\/p>\n<p><strong><span style=\"color: #2b9866;\">March 27, 2019<\/span><\/strong><br \/>\nGovernment of the Republic of Lithuania<br \/>\n<a href=\"http:\/\/investorsforum.lt\/wp-content\/uploads\/2019\/04\/2019IF-PASI\u016aLYMAI-VYRIAUSYBEI.pdf\" target=\"_blank\" rel=\"noopener\">Proposals Package for the Government of the Republic of Lithuania (LT)<\/a><\/p>\n<p><strong><span style=\"color: #2b9866;\">March 25, 2019<\/span><\/strong><br \/>\nGovernment of the Republic of Lithuania<br \/>\n<a href=\"http:\/\/investorsforum.lt\/wp-content\/uploads\/2019\/03\/20190325LRV-d\u0117l-farmacijos-\u012fstatymo-projekto-Nr.-XIIIP-1939.pdf\" target=\"_blank\" rel=\"noopener\">Regarding the Project of Pharmaceutical Law (LT)<\/a><\/p>\n<p><strong><span style=\"color: #2b9866;\">February 5, 2019<\/span><\/strong><br \/>\nMinistry of Finance of the Republic of Lithuania<br \/>\n<a href=\"http:\/\/investorsforum.lt\/wp-content\/uploads\/2019\/02\/20190205-IF-RA%C5%A0TAS-D%C4%96L-AKCIZ%C5%B2-%C4%AESTATYMO-PROJEKTO.pdf\" target=\"_blank\" rel=\"noopener\">Regarding the Law on Excise Duty Project (LT)<\/a><\/p>\n<p><strong><span style=\"color: #2b9866;\">January 24, 2019<\/span><\/strong><br \/>\nMinistry of Health of The Republic of Lithuania<br \/>\n<a href=\"http:\/\/investorsforum.lt\/wp-content\/uploads\/2019\/01\/20190124-IF-RA\u0160TAS-D\u0116L-HIGIENOS-NORMOS-IR-KVAP\u0172-KONTROL\u0116S.pdf\" target=\"_blank\" rel=\"noopener\">Regarding Law on Hygiene project (LT)<\/a><\/p>\n<p><strong><span style=\"color: #2b9866;\">January 11, 2019<br \/>\n<\/span><\/strong>State Tax Inspectorate<br \/>\nMinistry of Finance of the Republic of Lithuania<br \/>\n<a href=\"http:\/\/investorsforum.lt\/wp-content\/uploads\/2019\/01\/20190111-IF-RA\u0160TAS-D\u0116L-PATIKIMO-MOKES\u010cI\u0172-MOK\u0116TOJO-KRITERIJ\u0172.pdf\" target=\"_blank\" rel=\"noopener\">Regarding Reliable Taxpayer Criteria (LT)<\/a><\/p>\n<p><strong><span style=\"color: #2b9866;\">January 11, 2019<br \/>\n<\/span><\/strong>Ministry of Finance of the Republic of Lithuania<br \/>\n<a href=\"http:\/\/investorsforum.lt\/wp-content\/uploads\/2019\/01\/20190111-IF-pastabos-ir-pasi\u016blymai-d\u0117l-MA\u012e-pakeitimo-projekto.pdf\" target=\"_blank\" rel=\"noopener\">Regarding the Administration of Taxation Law (LT)<\/a><\/p>\n","protected":false},"excerpt":{"rendered":"<p>December 18, 2019 To the President of the Republic of Lithuania Regarding Bank Income Tax December 5, 2019 Office of the President of the Republic of Lithuania Office of the Government\u00a0of the Republic of Lithuania Ministry of Health of The Republic of Lithuania National Health Insurance Fund Competition Council of the Republic of Lithuania Regarding<\/p>\n<div class=\"more-link\"><a href=\"https:\/\/investorsforum.lt\/en\/visi-pasiulymai\/new-proposals\/\">Read more<\/a><\/div>\n","protected":false},"author":8,"featured_media":0,"parent":1449,"menu_order":0,"comment_status":"closed","ping_status":"closed","template":"","meta":{"_acf_changed":false,"footnotes":""},"class_list":["post-4744","page","type-page","status-publish","hentry"],"translation":{"provider":"WPGlobus","version":"3.0.2","language":"en","enabled_languages":["lt","en"],"languages":{"lt":{"title":true,"content":true,"excerpt":false},"en":{"title":true,"content":true,"excerpt":false}}},"acf":[],"yoast_head":"<!-- This site is optimized with the Yoast SEO plugin v26.9 - https:\/\/yoast.com\/product\/yoast-seo-wordpress\/ -->\n<title>Proposals issued in 2019 - Investors Forum<\/title>\n<meta name=\"robots\" content=\"index, follow, max-snippet:-1, max-image-preview:large, max-video-preview:-1\" \/>\n<link rel=\"canonical\" href=\"https:\/\/investorsforum.lt\/en\/visi-pasiulymai\/new-proposals\/\" \/>\n<meta property=\"og:locale\" content=\"en_US\" \/>\n<meta property=\"og:type\" content=\"article\" \/>\n<meta property=\"og:title\" content=\"Proposals issued in 2019 - Investors Forum\" \/>\n<meta property=\"og:url\" content=\"https:\/\/investorsforum.lt\/en\/visi-pasiulymai\/new-proposals\/\" \/>\n<meta property=\"og:site_name\" content=\"Investors Forum\" \/>\n<meta property=\"article:modified_time\" content=\"2021-10-05T12:02:47+00:00\" \/>\n<meta name=\"twitter:card\" content=\"summary_large_image\" \/>\n<meta name=\"twitter:label1\" content=\"Est. reading time\" \/>\n\t<meta name=\"twitter:data1\" content=\"5 minutes\" \/>\n<script type=\"application\/ld+json\" class=\"yoast-schema-graph\">{\"@context\":\"https:\/\/schema.org\",\"@graph\":[{\"@type\":\"WebPage\",\"@id\":\"https:\/\/investorsforum.lt\/en\/visi-pasiulymai\/new-proposals\/\",\"url\":\"https:\/\/investorsforum.lt\/en\/visi-pasiulymai\/new-proposals\/\",\"name\":\"Proposals issued in 2019 - Investors Forum\",\"isPartOf\":{\"@id\":\"https:\/\/investorsforum.lt\/#website\"},\"datePublished\":\"2020-01-17T12:40:49+00:00\",\"dateModified\":\"2021-10-05T12:02:47+00:00\",\"breadcrumb\":{\"@id\":\"https:\/\/investorsforum.lt\/en\/visi-pasiulymai\/new-proposals\/#breadcrumb\"},\"inLanguage\":\"en-EN\",\"potentialAction\":[{\"@type\":\"ReadAction\",\"target\":[\"https:\/\/investorsforum.lt\/en\/visi-pasiulymai\/new-proposals\/\"]}]},{\"@type\":\"BreadcrumbList\",\"@id\":\"https:\/\/investorsforum.lt\/en\/visi-pasiulymai\/new-proposals\/#breadcrumb\",\"itemListElement\":[{\"@type\":\"ListItem\",\"position\":1,\"name\":\"Home\",\"item\":\"https:\/\/investorsforum.lt\/\"},{\"@type\":\"ListItem\",\"position\":2,\"name\":\"Investors&#8217; Forum Proposals\",\"item\":\"https:\/\/investorsforum.lt\/en\/visi-pasiulymai\/\"},{\"@type\":\"ListItem\",\"position\":3,\"name\":\"Proposals issued in 2019\"}]},{\"@type\":\"WebSite\",\"@id\":\"https:\/\/investorsforum.lt\/#website\",\"url\":\"https:\/\/investorsforum.lt\/\",\"name\":\"Investors Forum\",\"description\":\"Asociacija Investors&#039; Forum\",\"potentialAction\":[{\"@type\":\"SearchAction\",\"target\":{\"@type\":\"EntryPoint\",\"urlTemplate\":\"https:\/\/investorsforum.lt\/?s={search_term_string}\"},\"query-input\":{\"@type\":\"PropertyValueSpecification\",\"valueRequired\":true,\"valueName\":\"search_term_string\"}}],\"inLanguage\":\"en-EN\"}]}<\/script>\n<!-- \/ Yoast SEO plugin. -->","yoast_head_json":{"title":"Proposals issued in 2019 - Investors Forum","robots":{"index":"index","follow":"follow","max-snippet":"max-snippet:-1","max-image-preview":"max-image-preview:large","max-video-preview":"max-video-preview:-1"},"canonical":"https:\/\/investorsforum.lt\/en\/visi-pasiulymai\/new-proposals\/","og_locale":"en_US","og_type":"article","og_title":"Proposals issued in 2019 - Investors Forum","og_url":"https:\/\/investorsforum.lt\/en\/visi-pasiulymai\/new-proposals\/","og_site_name":"Investors Forum","article_modified_time":"2021-10-05T12:02:47+00:00","twitter_card":"summary_large_image","twitter_misc":{"Est. reading time":"5 minutes"},"schema":{"@context":"https:\/\/schema.org","@graph":[{"@type":"WebPage","@id":"https:\/\/investorsforum.lt\/en\/visi-pasiulymai\/new-proposals\/","url":"https:\/\/investorsforum.lt\/en\/visi-pasiulymai\/new-proposals\/","name":"Proposals issued in 2019 - Investors Forum","isPartOf":{"@id":"https:\/\/investorsforum.lt\/#website"},"datePublished":"2020-01-17T12:40:49+00:00","dateModified":"2021-10-05T12:02:47+00:00","breadcrumb":{"@id":"https:\/\/investorsforum.lt\/en\/visi-pasiulymai\/new-proposals\/#breadcrumb"},"inLanguage":"en-EN","potentialAction":[{"@type":"ReadAction","target":["https:\/\/investorsforum.lt\/en\/visi-pasiulymai\/new-proposals\/"]}]},{"@type":"BreadcrumbList","@id":"https:\/\/investorsforum.lt\/en\/visi-pasiulymai\/new-proposals\/#breadcrumb","itemListElement":[{"@type":"ListItem","position":1,"name":"Home","item":"https:\/\/investorsforum.lt\/"},{"@type":"ListItem","position":2,"name":"Investors&#8217; Forum Proposals","item":"https:\/\/investorsforum.lt\/en\/visi-pasiulymai\/"},{"@type":"ListItem","position":3,"name":"Proposals issued in 2019"}]},{"@type":"WebSite","@id":"https:\/\/investorsforum.lt\/#website","url":"https:\/\/investorsforum.lt\/","name":"Investors Forum","description":"Asociacija Investors&#039; Forum","potentialAction":[{"@type":"SearchAction","target":{"@type":"EntryPoint","urlTemplate":"https:\/\/investorsforum.lt\/?s={search_term_string}"},"query-input":{"@type":"PropertyValueSpecification","valueRequired":true,"valueName":"search_term_string"}}],"inLanguage":"en-EN"}]}},"_links":{"self":[{"href":"https:\/\/investorsforum.lt\/en\/wp-json\/wp\/v2\/pages\/4744","targetHints":{"allow":["GET"]}}],"collection":[{"href":"https:\/\/investorsforum.lt\/en\/wp-json\/wp\/v2\/pages"}],"about":[{"href":"https:\/\/investorsforum.lt\/en\/wp-json\/wp\/v2\/types\/page"}],"author":[{"embeddable":true,"href":"https:\/\/investorsforum.lt\/en\/wp-json\/wp\/v2\/users\/8"}],"replies":[{"embeddable":true,"href":"https:\/\/investorsforum.lt\/en\/wp-json\/wp\/v2\/comments?post=4744"}],"version-history":[{"count":7,"href":"https:\/\/investorsforum.lt\/en\/wp-json\/wp\/v2\/pages\/4744\/revisions"}],"predecessor-version":[{"id":5074,"href":"https:\/\/investorsforum.lt\/en\/wp-json\/wp\/v2\/pages\/4744\/revisions\/5074"}],"up":[{"embeddable":true,"href":"https:\/\/investorsforum.lt\/en\/wp-json\/wp\/v2\/pages\/1449"}],"wp:attachment":[{"href":"https:\/\/investorsforum.lt\/en\/wp-json\/wp\/v2\/media?parent=4744"}],"curies":[{"name":"wp","href":"https:\/\/api.w.org\/{rel}","templated":true}]}}