{"id":5055,"date":"2020-04-29T09:49:49","date_gmt":"2020-04-29T09:49:49","guid":{"rendered":"http:\/\/investorsforum.lt\/?page_id=5055"},"modified":"2022-11-03T09:18:12","modified_gmt":"2022-11-03T09:18:12","slug":"pagalba","status":"publish","type":"page","link":"https:\/\/investorsforum.lt\/en\/pagalba\/","title":{"rendered":"\u0421\u043b\u0430\u0432\u0430 \u0423\u043a\u0440\u0430\u0438\u043d\u0435!"},"content":{"rendered":"<p style=\"text-align: justify;\"><span style=\"font-weight: 400;\"><img loading=\"lazy\" decoding=\"async\" class=\" wp-image-5999 alignleft\" src=\"http:\/\/investorsforum.lt\/wp-content\/uploads\/2022\/03\/IF-1024x1024.png\" alt=\"\" width=\"376\" height=\"376\" srcset=\"https:\/\/investorsforum.lt\/wp-content\/uploads\/2022\/03\/IF-1024x1024.png 1024w, https:\/\/investorsforum.lt\/wp-content\/uploads\/2022\/03\/IF-300x300.png 300w, https:\/\/investorsforum.lt\/wp-content\/uploads\/2022\/03\/IF-150x150.png 150w, https:\/\/investorsforum.lt\/wp-content\/uploads\/2022\/03\/IF-768x768.png 768w, https:\/\/investorsforum.lt\/wp-content\/uploads\/2022\/03\/IF-1536x1536.png 1536w, https:\/\/investorsforum.lt\/wp-content\/uploads\/2022\/03\/IF-2048x2048.png 2048w\" sizes=\"auto, (max-width: 376px) 100vw, 376px\" \/>Norime prad\u0117ti \u0161i\u0105 skilt\u012f nuo pad\u0117kos. Vis\u0173 pirma \u2013 Ukrainos tautai, rodan\u010diai ne\u012ftik\u0117tin\u0105 stipryb\u0119 jos, Europos ir viso laisvojo pasaulio istorijos l\u016b\u017eio ta\u0161ke. Kasdien, kaip ir visi mes, atid\u017eiai steb\u0117dami naujienas, dalyvaudami susitikimuose ir diskusijose d\u0117l pagalbos u\u017epultiems \u017emon\u0117ms, jau\u010diame ne tik pagarb\u0105, atjaut\u0105 ir solidarum\u0105 su u\u017epultos valstyb\u0117s gyventojais, bet ir begalin\u012f d\u0117kingum\u0105 u\u017e visam pasauliui pravertas akis ir pademonstruot\u0105 ry\u017et\u0105 visomis i\u0161gal\u0117mis ginti tai, k\u0105 visi taip branginame: laisv\u0119.<\/span><\/p>\n<p style=\"text-align: justify;\"><span style=\"font-weight: 400;\">Nuo\u0161ird\u017eiai d\u0117kojame ir \u201eInvestors\u2018 Forum\u201c nariams, u\u017e ne\u012fkainojam\u0105 pagalb\u0105 Ukrainai \u0161iuo lemiamu metu. D\u0117kojame visiems, kurie prisidedate teikdami pagalb\u0105 \u0161iai krizei \u012fveikti ir jos\u00a0 aukoms pad\u0117ti. Kvie\u010diu ir toliau visomis i\u0161gal\u0117mis remti Ukrainos taut\u0105. Tokia vienyb\u0117 ir solidarumas yra vienintelis ir pats geriausias b\u016bdas \u012fveikti \u0161\u012f did\u017eiausi\u0105 i\u0161\u0161\u016bk\u012f Europoje, su kokiu tenka susidurti nuo Antrojo Pasaulinio karo laik\u0173, ir darbais, bet ne \u017eod\u017eiais kurti geresn\u012f pasaul\u012f m\u016bs\u0173 ir ateities kartoms.<\/span><b>\u00a0<\/b><\/p>\n<p><strong>Likime vieningi. Likime stipr\u016bs. Likime su Ukrainos tauta.<\/strong><\/p>\n<p>Kvie\u010diame visus paremti iniciatyvas, kurios teikia pagalb\u0105 Ukrainai:<\/p>\n<ul>\n<li>V\u0161\u012e \u201eM\u0117lyna ir geltona\u201c\u2013 nevyriausybin\u0117 organizacija, nuo 2014 met\u0173, remianti Ukrainos ginkluot\u0105sias paj\u0117gas bei nuo karo nukent\u0117jusius civilius <a href=\"https:\/\/www.blue-yellow.lt\/\">Blue\/Yellow<\/a>.<\/li>\n<li>Pad\u0117kime \u012f Lietuv\u0105 atvykstantiems karo pab\u0117g\u0117liams.Jei turite laisv\u0105 but\u0105, nam\u0105 ar kambar\u012f &#8211; u\u017epildykite anket\u0105 ir suteikite b\u016bst\u0105 nuo karo siaubo b\u0117gantiems ukrainie\u010diams: <a href=\"https:\/\/stipruskartu.lt\/lt\/\">Stipr\u016bs kartu<\/a>.<\/li>\n<li>Jeigu norite prisid\u0117ti prie paramos pab\u0117g\u0117liams ir humanitarinei pagalbai \u2013 galite paaukoti pinigus iniciatyvai <a href=\"https:\/\/www.redcross.lt\/musu-sirdys-ir-rankos-ukrainai\">\u201eM\u016bs\u0173 rankos ir \u0161irdys Ukrainai\u201c spauskite \u010dia.\u00a0<\/a><\/li>\n<li>Savanori\u0173 pagalbos ie\u0161ko: <a href=\"https:\/\/docs.google.com\/forms\/d\/e\/1FAIpQLSf53cNCepvG568i7EQFJYcgrrLquiw8USFmoqDxhR4iboCn7w\/closedform\">Lietuvos Raudonasis Kry\u017eius. Spauskite \u010dia<\/a>.<\/li>\n<li><strong>\u201eMaisto bankas\u201c<\/strong> \u2013 daugiau su\u017einosite paspaud\u0119 <a href=\"https:\/\/www.maistobankas.lt\/savanorio-es-anketa\/\">\u010dia<\/a>.<\/li>\n<li>Lietuvos <a href=\"https:\/\/docs.google.com\/forms\/d\/e\/1FAIpQLSfuRfXPqaHOsUlNVemCSb-XVsJ6HJqkEYpVz4ILjV1pAH6-Nw\/viewform\">Caritas. Spauskite \u010dia.\u00a0<\/a><\/li>\n<li><a href=\"https:\/\/forms.office.com\/pages\/responsepage.aspx?id=Tystx8BkoUODSl3ew1TUJLimMCCa6YFAqAUeLZiEoEVURDZQTVM4QUpMS1FMOU9XRVFUMlVZN09SMCQlQCN0PWcu\">Maltos Ordino<\/a> Pagalbos Tarnyba. Registruokit\u0117s paspaud\u0119 <a href=\"https:\/\/forms.office.com\/pages\/responsepage.aspx?id=Tystx8BkoUODSl3ew1TUJLimMCCa6YFAqAUeLZiEoEVURDZQTVM4QUpMS1FMOU9XRVFUMlVZN09SMCQlQCN0PWcu\">\u010dia.\u00a0<\/a><\/li>\n<li>V\u0160\u012e Gyv\u016bn\u0173 gerov\u0117s iniciatyvos informuoja, jog taip pat ie\u0161ko \u017emoni\u0173, kurie, esant poreikiui, gal\u0117t\u0173 priimti suteikti <a href=\"https:\/\/docs.google.com\/forms\/d\/10PoRFATzNSKKWWL96mXAPCWt2YlVu5nBUhqpDZBila8\/viewform?ts=6217e0f7&amp;edit_requested=true\">laikin\u0105 prieglobst\u012f Ukrainos \u017emoni\u0173 gyv\u016bnams &#8211; \u010dia.<\/a><\/li>\n<\/ul>\n<p style=\"text-align: justify;\">Nuo\u0161ird\u017eiai d\u0117kojame ir \u201eInvestors\u2018 Forum\u201c nariams, u\u017e ne\u012fkainojam\u0105 pagalb\u0105 Ukrainai \u0161iuo lemiamu metu. D\u0117kojame VMG grupei, skyrusiai 100 t\u016bkst. eur\u0173 param\u0105 humanitarin\u0119 pagalb\u0105 Ukrainai teikian\u010diai Lietuvos raudonojo kry\u017eiaus draugijai. \u201eCircle K\u201c, skyrusiai 10 t\u016bkst. eur\u0173 Ukrainos \u201eSave the Children\u201c organizacijai ir teikian\u010diai nemokam\u0105 maitinim\u0105 pab\u0117g\u0117liams prie sienos su Lenkija. Taip pat Circkle K prane\u0161\u0117, kad traukiasi i\u0161 Rusijos. D\u0117kojame prekybos tinklams \u201eIki\u201c ir \u201eRimi\u201c, teikiantiems param\u0105 Ukrainai maisto prek\u0117mis, drabu\u017eiais ir kitais b\u016btinais daiktais. Asociacijos \u201eInvestors\u2018 Forum\u201c komandai, paskyrusiai biuro patalpas pab\u0117g\u0117liams apgyvendinti.<\/p>\n<p>D\u0117kojame in kitiems nariams:<\/p>\n<p><strong>DSV Lietuva<\/strong> skyr\u0117 keturis visureigius organizacijai Blue and Yellow.<\/p>\n<p><strong>UAB &#8220;Abovo\u2009red&#8221; <\/strong>skyr\u0117 5000 Eur.<\/p>\n<p><strong>EY Baltics:<\/strong><\/p>\n<p style=\"text-align: justify;\">&#8220;Mes esame prie\u0161 kar\u0105 ir solidarizuojam\u0117s su Ukrainos \u017emon\u0117mis, kurie susiduria su did\u017eiuliais agresijos sunkumais. EY Ukrainoje turi \u0161imtus koleg\u0173, kuri\u0173 \u0161eimoms si\u016blome pastog\u0119 ir darbo vietas. Kartu esame stipresni, ir m\u016bs\u0173 parama dabar yra gyvybi\u0161kai svarbi. Kvie\u010diame visus aukoti pastangas ir l\u0117\u0161as visokeriopai remti pab\u0117g\u0117lius, tod\u0117l EY Baltics skiria 100 000 eur\u0173 Raudonajam Kry\u017eiui remti ukrainie\u010di\u0173 \u0161eimas, b\u0117gan\u010dias nuo karo Ukrainoje. Parama bus skirta humanitarinei pagalbai, pirmajai psichosocialinei pagalbai ir pirmajai pagalbai teikti.&#8221;<\/p>\n<p><strong>Ellex Valiunas:<\/strong><\/p>\n<p style=\"text-align: justify;\">Advokat\u0173 kontora \u201eEllex Valiunas\u201c sukontaktavo su Ukrainoje veikian\u010di\u0173 advokat\u0173 kontor\u0173 ir pasi\u016bl\u0117 suteikti vietas dirbti savo biure ir pad\u0117ti \u012fsikurti. Taip pat Nacionaliniam savanori\u0173 koordinavimo centrui \u201eStipr\u016bs kartu\u201c neatlygintinai teikia vis\u0105 teisin\u0119 pagalb\u0105. Ellex biurai Baltijos \u0161alyse Ukrainai jau paaukojo 55 000 eur\u0173. Advokat\u0173 kontora papildomai skyr\u0117 20 t\u016bkst. eur\u0173.<\/p>\n<p><strong>BIT\u0116 Lietuva:<\/strong><\/p>\n<ul>\n<li>Nemokami skambu\u010diai ir \u017einut\u0117s Ukrainoje esantiems klientams\u200b<\/li>\n<li>Nemokami tarptautiniai skambu\u010diai \u012f ir i\u0161 Ukrainos\u200b<\/li>\n<li>10,000 Eur parama Lietuvos Raudonajam Kry\u017eiui\u200b<\/li>\n<li>30,000 SIM korteli\u0173 ir kartu ry\u0161io paslaugos karo pab\u0117g\u0117liams i\u0161 Ukrainos\u200b<\/li>\n<li>200 itin patvari\u0173 CAT telefon\u0173, skirt\u0173 Ukrainos kariuomenei\u200b<\/li>\n<li>Laikinai pakeistas tinklo pavadinimas i\u0161 BIT\u0116S \u012f\u00a0SlavaUkrain\u00a0<em>(liet. \u0160lov\u0117\u00a0Ukrainai)<\/em>\u200b<\/li>\n<li>Daugyb\u0117 ma\u017eesni\u0173 paramos iniciatyv\u0173 (\u017eenkleliai, v\u0117liavos darbuotojams ir pan.)<\/li>\n<li>Pavien\u0117 pagalba ukrainie\u010di\u0173 pab\u0117g\u0117li\u0173 \u0161eimoms \u2013 \u012franga, ry\u0161iu, pinigais.<\/li>\n<\/ul>\n<p><strong>JTI Baltics<\/strong>, kurie negali teikti paramos, bet gali teikti pagalb\u0105:<\/p>\n<p>\u0160iuo metu koordinuojame trij\u0173 Ukrainos koleg\u0173 (su \u0161eimomis ir augintiniais), \u012fsik\u016brusi\u0173 Kijeve, perk\u0117lim\u0105 i\u0161 Ukrainos \u012f Vilni\u0173. Situacija gana sklandi ir kei\u010diasi kasdien.<br \/>\nEsame pasireng\u0119 pad\u0117ti savo kolegoms visais \u012fmanomais b\u016bdais.<\/p>\n<p><strong>Telia lietuva:<\/strong><\/p>\n<p style=\"text-align: justify;\"><strong>12 nemokam\u0173 kanal\u0173 patikimai informacijai gauti<\/strong>. Nuo vasario 24 d. nemokamai \u012ftrauk\u0117me 12 tarptautini\u0173 \u017eini\u0173 bei informacini\u0173 kanal\u0173 visiems \u201eTelia TV\u201c \u017ei\u016brovams, nesvarbu, kok\u012f plan\u0105 jie yra pasirink\u0119. Taip padedame Lietuvos gyventojams gauti patikim\u0105, patikrint\u0105 ir ne\u0161ali\u0161k\u0105 informacij\u0105 i\u0161 viso pasaulio. Be papildom\u0173 mokes\u010di\u0173 rodome \u0161iuos TV kanalus: CNN, \u201eBBC World News\u201c, \u201eEuronews RU\u201c, \u201eEuronews ENG\u201c, \u201eCurrenttime\u201c, \u201eDeutsche Welle\u201c, RTL, \u201eDozd\u201c, \u201eSky News\u201c, \u201eFrance24 English\u201c, \u201eFrance24 Francais\u201c ir CNBC.<\/p>\n<p><strong>TV kanalas ukrainie\u010diams<\/strong>. Vasario 28 d. papildomai atidar\u0117me TV kanal\u0105, kuris karo pab\u0117geliams leis sekti naujienas gimtin\u0117je.<\/p>\n<p style=\"text-align: justify;\"><strong>Nemokamas ry\u0161ys su Ukraina<\/strong>. Vasario 24 d. \u012fjung\u0117me nemokam\u0105 ry\u0161\u012f su \u0161ia \u0161alimi ir joje esantiems klientams, turintiems abonentinius fiksuotojo ir mobiliojo ry\u0161io planus, \u012fskaitant ir i\u0161ankstinio \u201eE\u017eio\u201c bei \u201eExtra\u201c mok\u0117jimo paslaug\u0173 vartotojus. Kol kas planuojama, kad nemokamai bendrauti tarp Lietuvos ir Ukrainos operatoriaus klientai gal\u0117s vis\u0105 kovo m\u0117nes\u012f. Nemokami skambu\u010diai ir SMS galioja visiems \u201eTelia\u201c privatiems ir verslo klientams, tiek skambinant ar siun\u010diant SMS i\u0161 Lietuvos \u012f ukrainieti\u0161kus numerius, tiek Ukrainoje esantiems \u017emon\u0117ms \u2013 jie gali skambinti ar si\u0173sti \u017einutes \u0161alies viduje ir \u012f Lietuv\u0105.<\/p>\n<p style=\"text-align: justify;\"><strong>Neribotas SIM korteli\u0173 kiekis Ukrainos pab\u0117g\u0117liams, jau perduota pirmoji 1.000 SIM korteli\u0173 siunta<\/strong>. Ukrainos karo pab\u0117g\u0117liams, atvykstantiems \u012f Lietuv\u0105, \u201eTelia\u201c suteiks neribot\u0105 skai\u010di\u0173 i\u0161ankstinio mok\u0117jimo paslaugos \u201eE\u017eys\u201c SIM korteli\u0173 su ry\u0161io paslaugomis. \u201eTelia\u201c i\u0161ankstinio mok\u0117jimo kortel\u0117s \u201eE\u017eys\u201c jau tiekiamos \u012f pab\u0117g\u0117li\u0173 koordinavimo centrus Lietuvoje. Ukrainie\u010diai pab\u0117g\u0117liai jas taip pat gal\u0117s nemokamai pasiimti bet kuriame \u201eTelia\u201c salone.\u00a0 \u201eTelia\u201c i\u0161ankstinio mok\u0117jimo kortel\u0117s \u201eE\u017eys\u201c jau tiekiamos \u012f pab\u0117g\u0117li\u0173 koordinavimo centrus Lietuvoje. Ukrainie\u010diai pab\u0117g\u0117liai jas taip pat gal\u0117s nemokamai pasiimti bet kuriame \u201eTelia\u201c salone.<\/p>\n<p><strong>200 mobili\u0173j\u0173 \u012frengini\u0173<\/strong>. Skiriame telefonus, kurie bus naudojami nevyriausybini\u0173 organizacij\u0173 pad\u0117ti Ukrainos karo paveiktiems \u017emon\u0117ms.<\/p>\n<p style=\"text-align: justify;\"><strong>Trumpieji numeriai<\/strong>. Suteik\u0117me 100 proc. nuolaid\u0105 4 trumpiesiems numeriams, kuriais renkama parama humanitarinei pagalbai, pirmajai psichosocialinei pagalbai ir pirmajai pagalbai, kuri bus panaudota d\u0117l karo Ukrainoje nukent\u0117jusiems \u017emon\u0117ms. Tokie numeriai suteikia \u017emon\u0117ms galimyb\u0119 paprastai, greitai ir lengvai paaukoti l\u0117\u0161as paramai skambu\u010diu ar SMS \u017einute. U\u017e visas technines priemones, j\u0173 diegim\u0105, eksploatacij\u0105 ir l\u0117\u0161\u0173 surinkimo administravim\u0105 \u201eTelia\u201c joki\u0173 mokes\u010di\u0173 neims.<\/p>\n<p style=\"text-align: justify;\"><strong>Specialus paramos paketas Ukrainos bendrov\u0117ms, perkelian\u010dioms versl\u0105 \u012f Lietuv\u0105<\/strong>. Darbuotoj\u0173, \u012frangos ir paslaug\u0173 perk\u0117limas \u012f kit\u0105 \u0161al\u012f rei\u0161kia mil\u017eini\u0161kas neplanuotas i\u0161laidas. Prisid\u0117dami prie kvietimo ukrainie\u010di\u0173 verslams t\u0119sti veikl\u0105 i\u0161 Lietuvos, u\u017etikrinsime nemokam\u0105 svarbiausi\u0173 ry\u0161io ir IT paslaug\u0173 diegim\u0105 bei tiekim\u0105 iki pus\u0117s met\u0173. Nuo kovo 1 d. \u201eTelia\u201c Ukrainos verslams netaikys \u012frengimo, aktyvavimo ir administracini\u0173 mokes\u010di\u0173 visoms savo tiekiamoms telekomunikacij\u0173 paslaugoms, \u012fskaitant fiksuot\u0105 internet\u0105, telefonij\u0105 ir mobil\u0173j\u012f ry\u0161\u012f. Taip pat \u012f Lietuv\u0105 persikeliantys ukrainie\u010di\u0173 verslai iki pus\u0117s met\u0173 gal\u0117s nemok\u0117ti m\u0117nesini\u0173 paslaug\u0173 mokes\u010di\u0173 mobiliajam ry\u0161iui, mobiliajam internetui, \u201eMicrosoft 365\u201c paslaug\u0173 paketui, \u201eTelia Cloud\u201c debesijai ir skambu\u010di\u0173 centro paslaugoms. Atsi\u017evelgiant \u012f Ukrainos versl\u0173 poreik\u012f bendrauti su partneriais, likusiais Ukrainoje, ir kitose \u0161alyse, \u201eTelia\u201c sudarys galimyb\u0119 iki 6 m\u0117nesi\u0173 u\u017e tarptautinius skambu\u010dius mok\u0117ti didmenin\u0117mis kainomis. Be to, bendrov\u0117 neatlygintinai teiks konsultacijas IT infrastrukt\u016bros perk\u0117limo klausimais.<\/p>\n<p><strong>Kvie\u010diame darbuotojus prisid\u0117ti prie savanoriavimo iniciatyv\u0173<\/strong> \u2013 vidiniais kanalais pasidalinome informacija, kokioms organizacijoms reikia savanori\u0173 pagalbos ir kaip jie gali prisid\u0117ti. Kiekvienas Telia darbuotojas gal skirti iki 8 darbo valand\u0173 savo darbo metu \u00a0savanorystei.<\/p>\n<p><strong>LIDL:<\/strong><\/p>\n<p class=\"xmsonormal\" style=\"text-align: justify;\">Motinin\u0117 bendrov\u0117 \u201eSchwarz Group\u201c pab\u0117g\u0117liams i\u0161 Ukrainos per \u012fvairias nevyriausybines organizacijas jau yra skyrusi paramos u\u017e 3 milijonus eur\u0173, o vakar pri\u0117m\u0117 sprendim\u0105 padidinti \u0161ios paramos vert\u0119 iki 10 milijon\u0173 eur\u0173. K\u0105 tai rei\u0161kia? Tai yra keli \u0161imtai sunkve\u017eimi\u0173, piln\u0173 maisto, higienos priemoni\u0173, aprangos ir avalyn\u0117s, kit\u0173 b\u016btin\u0173 preki\u0173.<\/p>\n<p class=\"xmsonormal\" style=\"text-align: justify;\">Lietuvoje su nevyriausybin\u0117mis organizacijomis prad\u0117jome planuoti veiksmus dar prie\u0161 prasidedant karui. Esame susitelk\u0119 \u012f \u0161ias pagrindines sritis: pagalba maistu (konservai, u\u017epilami makaronai ir sriubos, vanduo ir pan.), higienos prek\u0117s (\u012fskaitant ir prekes vaikams) ir nemaisto produktai (pagalv\u0117s, striuk\u0117s, patalyn\u0117). \u0160iuo tikslu bendradarbiaujame su \u201eMaisto banku\u201c ir \u201eRaudonuoju kry\u017eiumi\u201c.<\/p>\n<p class=\"xmsonormal\" style=\"text-align: justify;\">Dar viena gera \u017einia \u2013 sand\u0117lyje tur\u0117jome daugiau kaip 2500 neparduot\u0173 automobilini\u0173 vaistin\u0117li\u0173. Negal\u0117jome j\u0173 parduoti, nes nuo \u0161i\u0173 met\u0173 pasikeit\u0117 reikalavimai komplektacijai. Tos vaistin\u0117l\u0117s jau yra \u201eRaudonojo kry\u017eiaus\u201c darbuotoj\u0173 rankose ir netrukus pasieks tuos, kam j\u0173 dabar ypatingai reikia.<\/p>\n<p class=\"xmsonormal\" style=\"text-align: justify;\">M\u016bs\u0173 personalo skyrius \u0161iuo metu intensyviai bendradarbiauja su institucijomis ir ruo\u0161iasi, kad prireikus gal\u0117tume \u012fdarbinti \u012f Lietuv\u0105 atvykusius ukrainie\u010dius tiek m\u016bs\u0173 parduotuv\u0117se, tiek Kauno logistikos centre.<\/p>\n<p style=\"text-align: justify;\">S\u0105ra\u0161\u0105 nuolat pildysime.<\/p>\n","protected":false},"excerpt":{"rendered":"<p>Norime prad\u0117ti \u0161i\u0105 skilt\u012f nuo pad\u0117kos. Vis\u0173 pirma \u2013 Ukrainos tautai, rodan\u010diai ne\u012ftik\u0117tin\u0105 stipryb\u0119 jos, Europos ir viso laisvojo pasaulio istorijos l\u016b\u017eio ta\u0161ke. Kasdien, kaip ir visi mes, atid\u017eiai steb\u0117dami naujienas, dalyvaudami susitikimuose ir diskusijose d\u0117l pagalbos u\u017epultiems \u017emon\u0117ms, jau\u010diame ne tik pagarb\u0105, atjaut\u0105 ir solidarum\u0105 su u\u017epultos valstyb\u0117s gyventojais, bet ir begalin\u012f d\u0117kingum\u0105 u\u017e<\/p>\n<div class=\"more-link\"><a href=\"https:\/\/investorsforum.lt\/en\/pagalba\/\">Read more<\/a><\/div>\n","protected":false},"author":8,"featured_media":0,"parent":0,"menu_order":0,"comment_status":"closed","ping_status":"closed","template":"","meta":{"_acf_changed":false,"footnotes":""},"class_list":["post-5055","page","type-page","status-publish","hentry"],"translation":{"provider":"WPGlobus","version":"3.0.2","language":"en","enabled_languages":["lt","en"],"languages":{"lt":{"title":true,"content":true,"excerpt":false},"en":{"title":false,"content":false,"excerpt":false}}},"acf":[],"yoast_head":"<!-- This site is optimized with the Yoast SEO plugin v26.9 - https:\/\/yoast.com\/product\/yoast-seo-wordpress\/ -->\n<title>\u0421\u043b\u0430\u0432\u0430 \u0423\u043a\u0440\u0430\u0438\u043d\u0435! - Investors Forum<\/title>\n<meta name=\"robots\" content=\"index, follow, max-snippet:-1, max-image-preview:large, max-video-preview:-1\" \/>\n<link rel=\"canonical\" href=\"https:\/\/investorsforum.lt\/en\/pagalba\/\" \/>\n<meta property=\"og:locale\" content=\"en_US\" \/>\n<meta property=\"og:type\" content=\"article\" \/>\n<meta property=\"og:title\" content=\"\u0421\u043b\u0430\u0432\u0430 \u0423\u043a\u0440\u0430\u0438\u043d\u0435! - Investors Forum\" \/>\n<meta property=\"og:url\" content=\"https:\/\/investorsforum.lt\/en\/pagalba\/\" \/>\n<meta property=\"og:site_name\" content=\"Investors Forum\" \/>\n<meta property=\"article:modified_time\" content=\"2022-11-03T09:18:12+00:00\" \/>\n<meta property=\"og:image\" content=\"https:\/\/investorsforum.lt\/wp-content\/uploads\/2022\/03\/IF.png\" \/>\n\t<meta property=\"og:image:width\" content=\"2380\" \/>\n\t<meta property=\"og:image:height\" content=\"2380\" \/>\n\t<meta property=\"og:image:type\" content=\"image\/png\" \/>\n<meta name=\"twitter:card\" content=\"summary_large_image\" \/>\n<meta name=\"twitter:label1\" content=\"Est. reading time\" \/>\n\t<meta name=\"twitter:data1\" content=\"7 minutes\" \/>\n<script type=\"application\/ld+json\" class=\"yoast-schema-graph\">{\"@context\":\"https:\/\/schema.org\",\"@graph\":[{\"@type\":\"WebPage\",\"@id\":\"https:\/\/investorsforum.lt\/en\/pagalba\/\",\"url\":\"https:\/\/investorsforum.lt\/en\/pagalba\/\",\"name\":\"\u0421\u043b\u0430\u0432\u0430 \u0423\u043a\u0440\u0430\u0438\u043d\u0435! - Investors Forum\",\"isPartOf\":{\"@id\":\"https:\/\/investorsforum.lt\/#website\"},\"primaryImageOfPage\":{\"@id\":\"https:\/\/investorsforum.lt\/en\/pagalba\/#primaryimage\"},\"image\":{\"@id\":\"https:\/\/investorsforum.lt\/en\/pagalba\/#primaryimage\"},\"thumbnailUrl\":\"http:\/\/investorsforum.lt\/wp-content\/uploads\/2022\/03\/IF-1024x1024.png\",\"datePublished\":\"2020-04-29T09:49:49+00:00\",\"dateModified\":\"2022-11-03T09:18:12+00:00\",\"breadcrumb\":{\"@id\":\"https:\/\/investorsforum.lt\/en\/pagalba\/#breadcrumb\"},\"inLanguage\":\"en-EN\",\"potentialAction\":[{\"@type\":\"ReadAction\",\"target\":[\"https:\/\/investorsforum.lt\/en\/pagalba\/\"]}]},{\"@type\":\"ImageObject\",\"inLanguage\":\"en-EN\",\"@id\":\"https:\/\/investorsforum.lt\/en\/pagalba\/#primaryimage\",\"url\":\"http:\/\/investorsforum.lt\/wp-content\/uploads\/2022\/03\/IF-1024x1024.png\",\"contentUrl\":\"http:\/\/investorsforum.lt\/wp-content\/uploads\/2022\/03\/IF-1024x1024.png\"},{\"@type\":\"BreadcrumbList\",\"@id\":\"https:\/\/investorsforum.lt\/en\/pagalba\/#breadcrumb\",\"itemListElement\":[{\"@type\":\"ListItem\",\"position\":1,\"name\":\"Home\",\"item\":\"https:\/\/investorsforum.lt\/\"},{\"@type\":\"ListItem\",\"position\":2,\"name\":\"\u0421\u043b\u0430\u0432\u0430 \u0423\u043a\u0440\u0430\u0438\u043d\u0435!\"}]},{\"@type\":\"WebSite\",\"@id\":\"https:\/\/investorsforum.lt\/#website\",\"url\":\"https:\/\/investorsforum.lt\/\",\"name\":\"Investors Forum\",\"description\":\"Asociacija Investors&#039; Forum\",\"potentialAction\":[{\"@type\":\"SearchAction\",\"target\":{\"@type\":\"EntryPoint\",\"urlTemplate\":\"https:\/\/investorsforum.lt\/?s={search_term_string}\"},\"query-input\":{\"@type\":\"PropertyValueSpecification\",\"valueRequired\":true,\"valueName\":\"search_term_string\"}}],\"inLanguage\":\"en-EN\"}]}<\/script>\n<!-- \/ Yoast SEO plugin. -->","yoast_head_json":{"title":"\u0421\u043b\u0430\u0432\u0430 \u0423\u043a\u0440\u0430\u0438\u043d\u0435! - Investors Forum","robots":{"index":"index","follow":"follow","max-snippet":"max-snippet:-1","max-image-preview":"max-image-preview:large","max-video-preview":"max-video-preview:-1"},"canonical":"https:\/\/investorsforum.lt\/en\/pagalba\/","og_locale":"en_US","og_type":"article","og_title":"\u0421\u043b\u0430\u0432\u0430 \u0423\u043a\u0440\u0430\u0438\u043d\u0435! - Investors Forum","og_url":"https:\/\/investorsforum.lt\/en\/pagalba\/","og_site_name":"Investors Forum","article_modified_time":"2022-11-03T09:18:12+00:00","og_image":[{"width":2380,"height":2380,"url":"https:\/\/investorsforum.lt\/wp-content\/uploads\/2022\/03\/IF.png","type":"image\/png"}],"twitter_card":"summary_large_image","twitter_misc":{"Est. reading time":"7 minutes"},"schema":{"@context":"https:\/\/schema.org","@graph":[{"@type":"WebPage","@id":"https:\/\/investorsforum.lt\/en\/pagalba\/","url":"https:\/\/investorsforum.lt\/en\/pagalba\/","name":"\u0421\u043b\u0430\u0432\u0430 \u0423\u043a\u0440\u0430\u0438\u043d\u0435! - Investors Forum","isPartOf":{"@id":"https:\/\/investorsforum.lt\/#website"},"primaryImageOfPage":{"@id":"https:\/\/investorsforum.lt\/en\/pagalba\/#primaryimage"},"image":{"@id":"https:\/\/investorsforum.lt\/en\/pagalba\/#primaryimage"},"thumbnailUrl":"http:\/\/investorsforum.lt\/wp-content\/uploads\/2022\/03\/IF-1024x1024.png","datePublished":"2020-04-29T09:49:49+00:00","dateModified":"2022-11-03T09:18:12+00:00","breadcrumb":{"@id":"https:\/\/investorsforum.lt\/en\/pagalba\/#breadcrumb"},"inLanguage":"en-EN","potentialAction":[{"@type":"ReadAction","target":["https:\/\/investorsforum.lt\/en\/pagalba\/"]}]},{"@type":"ImageObject","inLanguage":"en-EN","@id":"https:\/\/investorsforum.lt\/en\/pagalba\/#primaryimage","url":"http:\/\/investorsforum.lt\/wp-content\/uploads\/2022\/03\/IF-1024x1024.png","contentUrl":"http:\/\/investorsforum.lt\/wp-content\/uploads\/2022\/03\/IF-1024x1024.png"},{"@type":"BreadcrumbList","@id":"https:\/\/investorsforum.lt\/en\/pagalba\/#breadcrumb","itemListElement":[{"@type":"ListItem","position":1,"name":"Home","item":"https:\/\/investorsforum.lt\/"},{"@type":"ListItem","position":2,"name":"\u0421\u043b\u0430\u0432\u0430 \u0423\u043a\u0440\u0430\u0438\u043d\u0435!"}]},{"@type":"WebSite","@id":"https:\/\/investorsforum.lt\/#website","url":"https:\/\/investorsforum.lt\/","name":"Investors Forum","description":"Asociacija Investors&#039; Forum","potentialAction":[{"@type":"SearchAction","target":{"@type":"EntryPoint","urlTemplate":"https:\/\/investorsforum.lt\/?s={search_term_string}"},"query-input":{"@type":"PropertyValueSpecification","valueRequired":true,"valueName":"search_term_string"}}],"inLanguage":"en-EN"}]}},"_links":{"self":[{"href":"https:\/\/investorsforum.lt\/en\/wp-json\/wp\/v2\/pages\/5055","targetHints":{"allow":["GET"]}}],"collection":[{"href":"https:\/\/investorsforum.lt\/en\/wp-json\/wp\/v2\/pages"}],"about":[{"href":"https:\/\/investorsforum.lt\/en\/wp-json\/wp\/v2\/types\/page"}],"author":[{"embeddable":true,"href":"https:\/\/investorsforum.lt\/en\/wp-json\/wp\/v2\/users\/8"}],"replies":[{"embeddable":true,"href":"https:\/\/investorsforum.lt\/en\/wp-json\/wp\/v2\/comments?post=5055"}],"version-history":[{"count":16,"href":"https:\/\/investorsforum.lt\/en\/wp-json\/wp\/v2\/pages\/5055\/revisions"}],"predecessor-version":[{"id":7293,"href":"https:\/\/investorsforum.lt\/en\/wp-json\/wp\/v2\/pages\/5055\/revisions\/7293"}],"wp:attachment":[{"href":"https:\/\/investorsforum.lt\/en\/wp-json\/wp\/v2\/media?parent=5055"}],"curies":[{"name":"wp","href":"https:\/\/api.w.org\/{rel}","templated":true}]}}