{"id":5955,"date":"2022-02-17T13:53:56","date_gmt":"2022-02-17T13:53:56","guid":{"rendered":"http:\/\/investorsforum.lt\/?page_id=5955"},"modified":"2023-01-10T14:33:06","modified_gmt":"2023-01-10T14:33:06","slug":"pasiulymai2022","status":"publish","type":"page","link":"https:\/\/investorsforum.lt\/en\/visi-pasiulymai\/pasiulymai2022\/","title":{"rendered":"Proposals of the Year 2022"},"content":{"rendered":"<p><strong><span style=\"color: #1877c9;\">December 20th, 2022<br \/>\n<\/span><\/strong><span style=\"color: #000000;\">To Lithuanian Bank<br \/>\n<a href=\"http:\/\/investorsforum.lt\/wp-content\/uploads\/2022\/12\/Lietuvos-Bankui2022-gruodz\u030cio-20d31-1.pdf\" target=\"_blank\" rel=\"noopener\">On the decision of the Board of the Bank of Lithuania in 2004 May 6 resolution no. 58 &#8220;Regarding the approval of the general rules for submitting, examining and issuing permits for financial market participants supervised by the Bank of Lithuania&#8221;(LT)<\/a><\/span><\/p>\n<p><strong><span style=\"color: #1877c9;\">December 8th, 2022<br \/>\n<\/span><\/strong><span style=\"color: #000000;\">To the Government of the Republic of Lithuania<br \/>\nCopy to: The Ministry of Economy and Innovation of the Republic of Lithuania<br \/>\n<a href=\"http:\/\/investorsforum.lt\/wp-content\/uploads\/2022\/12\/IF-ra\u0161tas-d\u0117l-ILLUMINA-INC.-PRIE\u0160-EUROPOS-KOMISIJ\u0104-20221208.pdf\" target=\"_blank\" rel=\"noopener\">On the judgment of the General Court of the European Union in the case of Illumina<\/a><br \/>\n<a href=\"http:\/\/investorsforum.lt\/wp-content\/uploads\/2022\/12\/IF-ra\u0161tas-d\u0117l-ILLUMINA-INC.-PRIE\u0160-EUROPOS-KOMISIJ\u0104-20221208.pdf\">Inc. against the European Commission no. T-227\/21 on 2022 July 13(LT)<\/a><\/span><strong><span style=\"color: #1877c9;\"><br \/>\n<\/span><\/strong><\/p>\n<p><strong><span style=\"color: #1877c9;\">November 22nd, 2022<br \/>\n<\/span><\/strong><span style=\"color: #000000;\">To the Speaker of the <span style=\"font-size: 1rem;\">Parliament<\/span> of the Republic of Lithuania<\/span><br \/>\n<span style=\"color: #000000;\">To the board of the <span style=\"font-size: 1rem;\">Parliament<\/span> of the Republic of Lithuania<\/span><br \/>\n<span style=\"color: #000000;\">To the Chairman of the Health Affairs Committee of the <span style=\"font-size: 1rem;\">Parliament<\/span> of the Republic of Lithuania<\/span><br \/>\n<span style=\"color: #000000;\">To the Chairman of the Economic Committee of the <span style=\"font-size: 1rem;\">Parliament<\/span> of the Republic of Lithuania<br \/>\n<a href=\"http:\/\/investorsforum.lt\/wp-content\/uploads\/2022\/11\/2022-11-22-LVK-IF-SVVT-D\u0116L-PREKYBOS-TABAKO-GAMINIAIS-NEMATOMU-B\u016aDU.pdf\">On the trade of tobacco products in an invisible way (LT)<\/a><\/span><strong><span style=\"color: #1877c9;\"><br \/>\n<\/span><\/strong><\/p>\n<p><strong><span style=\"color: #1877c9;\">November 14th, 2022<br \/>\n<\/span><\/strong><span style=\"font-size: 1rem;\">To the Government of the Republic of Lithuania<br \/>\n<a href=\"https:\/\/investorsforum.lt\/wp-content\/uploads\/2022\/11\/IF-ra%C5%A1tas-d%C4%97l-prekybin%C4%97s-laivybos-20221114.pdf\" target=\"_blank\" rel=\"noopener\">Regarding the daft amendment of Merchant Shipping Law of the Republic of Lithuania Articles no. 6, 11, 12, 84 of I-1513<\/a> (LT)<br \/>\n<\/span><\/p>\n<p><strong><span style=\"color: #1877c9;\">November 7th, 2022<br \/>\n<\/span><\/strong><span style=\"font-size: 1rem;\">To fractions of members of the Parliament of the Republic of Lithuania<br \/>\n<\/span><span style=\"font-size: 1rem;\">Copy:<br \/>\n<\/span><span style=\"font-size: 1rem;\">Presidency of the Republic of Lithuania<br \/>\n<\/span><span style=\"font-size: 1rem;\">The Government of the Republic of Lithuania<br \/>\n<\/span><a href=\"http:\/\/investorsforum.lt\/wp-content\/uploads\/2022\/11\/Suinteresuot\u0173j\u0173-\u0161ali\u0173-kreipim\u0105sis-\u012f-LRS-d\u0117l-SD\u012e-patais\u0173-20221107-pasirasytas.pdf\" target=\"_blank\" rel=\"noopener\"><span style=\"font-size: 1rem;\">Regarding the amendments to the Law on Health Insurance submitted for voting<\/span><\/a> (LT)<\/p>\n<p><strong><span style=\"color: #1877c9;\">September 19th, 2022\u00a0<\/span><\/strong><br \/>\nTo the head of the Working Group of the Seimas of the Republic of Lithuania for solving labor market problems, Justus D\u017eiugelius<br \/>\nCopy:<br \/>\nAgne Bilotaitai, Minister of Internal Affairs of the Republic of Lithuania;<br \/>\nGabrielis Landsbergis, Minister of Foreign Affairs of the Republic of Lithuania;<br \/>\nOffice of the Government of the Republic of Lithuania<br \/>\n<a href=\"http:\/\/investorsforum.lt\/wp-content\/uploads\/2022\/09\/VT-d\u0117l-migracijos-2022-09-.pdf\" target=\"_blank\" rel=\"noopener\">Regarding further steps to optimize migration processes<\/a><\/p>\n<p><strong><span style=\"color: #1877c9;\">September 16th, 2022<br \/>\n<\/span><\/strong>To: The Economy Committee of the Parliament of the Republic of Lithuania;<br \/>\nThe Budget and Finance Committee of the Parliament of the Republic of Lithuania;<br \/>\nMinistry of Economy and Innovation of the Republic of Lithuania;<br \/>\nMinistry of Energy of the Republic of Lithuania;<br \/>\nMinistry of Finance of the Republic of Lithuania<br \/>\n<a href=\"http:\/\/investorsforum.lt\/wp-content\/uploads\/2022\/11\/IF-ras\u030ctas-de\u0307l-pagalbos-priemoniu\u0328-de\u0307l-energetikos-krize\u0307s-20220916.pdf\" target=\"_blank\" rel=\"noopener\">Regarding possible state aid measures for Lithuanian industries facing the energy price crisis (LT)<\/a><\/p>\n<p><strong><span style=\"color: #1877c9;\">September 9th, 2022\u00a0<\/span><\/strong><br \/>\nTo: The Parliament of the Republic of Lithuania;<br \/>\nThe Government of the Republic of Lithuania<br \/>\n<a href=\"http:\/\/investorsforum.lt\/wp-content\/uploads\/2022\/11\/Del-LR-Zemes-istatymo.pdf\" target=\"_blank\" rel=\"noopener\">Regarding the application of Article 91 of the Land Law of the Republic of Lithuania (LT)<\/a><\/p>\n<p><strong><span style=\"color: #1877c9;\">September 1st, 2022\u00a0<\/span><\/strong><br \/>\nTo: Ministry of Economy and Innovation of the Republic of Lithuania;<br \/>\nFractions of the Parliament of the Republic of Lithuania;<br \/>\nThe National Security and Defense Committee of the Parliament of the Republic of Lithuania;<br \/>\nMinistry of Internal Affairs of the Republic of Lithuania;<br \/>\nOffice of the Government of the Republic of Lithuania<br \/>\n<a href=\"http:\/\/investorsforum.lt\/wp-content\/uploads\/2022\/11\/VT-ras\u030ctas-de\u0307l-Nepaprastosios-pade\u0307ties.-Pasira\u0161ytas-1.pdf\" target=\"_blank\" rel=\"noopener\">Due to the state of emergency in the territory of the Republic of Lithuania (LT)<\/a><\/p>\n<p><strong><span style=\"color: #1877c9;\">July 28th, 2022\u00a0<\/span><\/strong><br \/>\nMinistry of Finance of the Republic of Lithuania<br \/>\n<a href=\"http:\/\/investorsforum.lt\/wp-content\/uploads\/2022\/08\/IF-ra\u0161tas-d\u0117l-NTM-20220728.pdf\" target=\"_blank\" rel=\"noopener\">ON 05\/26\/2022 The draft Law on Real Estate Tax submitted in writing (5.52Mr-04)-6K-2203312<\/a><\/p>\n<p><strong><span style=\"color: #1877c9;\">July 28th, 2022\u00a0<\/span><\/strong><br \/>\nMinistry of Finance of the Republic of Lithuania<br \/>\n<a href=\"http:\/\/investorsforum.lt\/wp-content\/uploads\/2022\/08\/IF-ra\u0161tas-d\u0117l-PM\u012e-investicij\u0173-lengvatos-20220728.pdf\" target=\"_blank\" rel=\"noopener\">Regarding Reinvested Profits and Related Amendments to the Provisions of the Law on Corporate Income Tax<\/a><\/p>\n<p><strong><span style=\"color: #1877c9;\">July 22nd, 2022\u00a0<\/span><\/strong><br \/>\nMinistry of Economy and Innovation<br \/>\nMinistry of Transport<br \/>\nMinistry of Justice<br \/>\nMinistry of Finance<br \/>\n<a href=\"http:\/\/investorsforum.lt\/wp-content\/uploads\/2022\/08\/20220722-IF-ra\u0161tas-d\u0117l-civilinio-kodekso.pdf\" target=\"_blank\" rel=\"noopener\">On The Equating of Sea-Going Vessels to Immovable Property (LT)<\/a><\/p>\n<p><strong><span style=\"color: #1877c9;\">June 21st, 2022\u00a0<\/span><\/strong><br \/>\nTo the Economic Committee of the Seimas of the Republic of Lithuania<br \/>\nTo the Environmental Protection Committee of the Seimas of the Republic of Lithuania<br \/>\n<a href=\"http:\/\/investorsforum.lt\/wp-content\/uploads\/2022\/08\/20220707d\u0117l-Atsinaujinan\u010di\u0173-i\u0161tekli\u0173-energetikos-\u012fstatymo.pdf\" target=\"_blank\" rel=\"noopener\">Regarding Renewable Energy Energy Law no. XI-1375 amending articles 2, 3, 5, 6, 11, 13, 14, 201, 202, 22, 30, 32, 48, 49, 51 and supplementing the law with articles 131 and 203 of the draft law no. XIVP-1571(2). (LT)<\/a><\/p>\n<p><strong><span style=\"color: #1877c9;\">May 24th, 2022\u00a0<\/span><\/strong><br \/>\nTo the Prime Minister of the Republic of Lithuania Ingrida \u0160imonyte<br \/>\n<a href=\"http:\/\/investorsforum.lt\/wp-content\/uploads\/2022\/05\/IF_LPSPIA_LVK_rastas-del-susitikimo_Ministrei-Pirmininkei_220524.pdf\" target=\"_blank\" rel=\"noopener\">Regarding the planned changes in the payment for health care services<\/a><\/p>\n<p><strong><span style=\"color: #1877c9;\">May 13, 2022\u00a0<\/span><\/strong><br \/>\nTo the President of the Republic of Lithuania Gitanas Naus\u0117da<br \/>\nTo the Speaker of the Seimas of the Republic of Lithuania Viktorija \u010cmilyte- Nielsen<br \/>\nTo the Prime Minister of the Republic of Lithuania Ingrida \u0160imonyte<br \/>\nFor factions of the Seimas of the Republic of Lithuania<br \/>\n<a href=\"https:\/\/investorsforum.lt\/wp-content\/uploads\/2022\/05\/20220513-IF-ra%c5%a1tas-d%c4%97l-partneryst%c4%97s-%c4%afstatymo.pdf\" target=\"_blank\" rel=\"noopener\">On the Draft Law on Partnership (LT)<\/a><\/p>\n<p><strong><span style=\"color: #1877c9;\">April 7th, 2022\u00a0<\/span><\/strong><br \/>\nTo the Economic Committee of the Seimas of the Republic of Lithuania<br \/>\n<a href=\"http:\/\/investorsforum.lt\/wp-content\/uploads\/2022\/05\/20220504-IF-ra\u0161tas-d\u0117l-prover\u017eio-paketo.pdf\" target=\"_blank\" rel=\"noopener\">Investors&#8217; Forum Letter on Breakthrough Package (LT)<\/a><\/p>\n<p><strong><span style=\"color: #1877c9;\">April 5th, 2022\u00a0<\/span><\/strong><br \/>\nMinistry of the Interior of the Republic of Lithuania<br \/>\n<a href=\"http:\/\/investorsforum.lt\/wp-content\/uploads\/2022\/05\/20220407-IF-ra\u0161tas-d\u0117l-u\u017esienie\u010di\u0173-teisin\u0117s-pad\u0117ties-\u012fstatymo.pdf\" target=\"_blank\" rel=\"noopener\">On the Law on the Legal Status of Foreigners (LT)<\/a><\/p>\n<p><strong><span style=\"color: #1877c9;\">March 28th, 2022\u00a0<\/span><\/strong><br \/>\nMinister A. Armonaitei<br \/>\nMinistry of Economy and Innovation<br \/>\n<a href=\"http:\/\/investorsforum.lt\/wp-content\/uploads\/2022\/05\/20220328-D\u0117l-asmen\u0173-kurie-perkeliami-dirbti-\u012f-Lietuvos-Respublik\u0105-i\u0161-Rusijos-Federacijos-ar-Baltarusijos-Respublikos.pdf\" target=\"_blank\" rel=\"noopener\">Regarding persons who are transferred to work in the Republic of Lithuania from the Russian Federation or the Republic of Belarus (LT)<\/a><\/p>\n<p><strong><span style=\"color: #1877c9;\">March 21st, 2022\u00a0<\/span><\/strong><br \/>\nMinistry of Environment of the Republic of Lithuania<br \/>\n<a href=\"http:\/\/investorsforum.lt\/20220321-if-rastas-del-str-teisinio-reguliavimo-papildymo\/\" target=\"_blank\" rel=\"noopener\">Investors Forum Comments on the Supplement to the Construction Technical Regulation STR 1.01.04: 2015<\/a><\/p>\n<p><strong><span style=\"color: #1877c9;\">March 9, 2022<\/span><br \/>\n<\/strong>To the Ministry of Finance of the Republic of Lithuania<br \/>\n<a href=\"http:\/\/investorsforum.lt\/wp-content\/uploads\/2022\/03\/IF-ra\u0161tas-d\u0117l-labdaros-ir-paramos-20220309.pdf\" target=\"_blank\" rel=\"noopener noreferrer\">Investors Forum Comments on Charity and Support Act no. I-172 Draft Law Amending Article 7<\/a><br \/>\n<a href=\"http:\/\/investorsforum.lt\/wp-content\/uploads\/2022\/03\/IF-ra\u0161to-d\u0117l-labdaros-ir-paramos-priedas-20220309.pdf\">Annex no. 1<\/a><\/p>\n<p><strong><span style=\"color: #1877c9;\">March 4, 2022<\/span><br \/>\n<\/strong>To the working group of the Seimas of the Republic of Lithuania to solve labor market problems<br \/>\n<a href=\"http:\/\/investorsforum.lt\/wp-content\/uploads\/2022\/03\/IF-ra\u0161tas-Seimo-darbo-grupei-d\u0117l-darbo-rinkos-20220304.pdf\" target=\"_blank\" rel=\"noopener noreferrer\">Comments and suggestions of the Investors&#8217; Forum on Lithuanian migration policy<\/a><\/p>\n<p><strong><span style=\"color: #1877c9;\">February 15, 2022<\/span><br \/>\n<\/strong>Committee on Economics of the Seimas of the Republic of Lithuania, High Technology, Innovation and Digital Economy Subcommittee<br \/>\n<a href=\"http:\/\/investorsforum.lt\/wp-content\/uploads\/2022\/03\/Asocijuot\u0173-strukt\u016br\u0173-ir-operatori\u0173-ra\u0161tas-pakomite\u010diui-d\u0117l-5G_20220215.pdf\" target=\"_blank\" rel=\"noopener noreferrer\">Letter from the Associated Structures and Operators to the 5G Subcommittee<\/a><\/p>\n<p><strong><span style=\"color: #1877c9;\">January 27, 2022\u00a0<\/span><br \/>\n<\/strong>To the Prime Minister of the Republic of Lithuania I. \u0160imonyte<br \/>\nTo the Minister of Health of the Republic of Lithuania A.Dulkys<br \/>\nTo the Minister of Economy and Innovation of the Republic of Lithuania A.Armonait\u0117<br \/>\n<a href=\"http:\/\/investorsforum.lt\/wp-content\/uploads\/2022\/02\/IF-ra\u0161tas-d\u0117l-mentolio-kaitinamojo-tabako-20220127.pdf\" target=\"_blank\" rel=\"noopener noreferrer\">Concerning the trading of menthol \/ mint flavored tobacco products<\/a><\/p>\n","protected":false},"excerpt":{"rendered":"<p>December 20th, 2022 To Lithuanian Bank On the decision of the Board of the Bank of Lithuania in 2004 May 6 resolution no. 58 &#8220;Regarding the approval of the general rules for submitting, examining and issuing permits for financial market participants supervised by the Bank of Lithuania&#8221;(LT) December 8th, 2022 To the Government of the<\/p>\n<div class=\"more-link\"><a href=\"https:\/\/investorsforum.lt\/en\/visi-pasiulymai\/pasiulymai2022\/\">Read more<\/a><\/div>\n","protected":false},"author":8,"featured_media":0,"parent":1449,"menu_order":0,"comment_status":"closed","ping_status":"closed","template":"","meta":{"_acf_changed":false,"footnotes":""},"class_list":["post-5955","page","type-page","status-publish","hentry"],"translation":{"provider":"WPGlobus","version":"3.0.2","language":"en","enabled_languages":["lt","en"],"languages":{"lt":{"title":true,"content":true,"excerpt":false},"en":{"title":true,"content":true,"excerpt":false}}},"acf":[],"yoast_head":"<!-- This site is optimized with the Yoast SEO plugin v26.9 - https:\/\/yoast.com\/product\/yoast-seo-wordpress\/ -->\n<title>Proposals of the Year 2022 - Investors Forum<\/title>\n<meta name=\"robots\" content=\"index, follow, max-snippet:-1, max-image-preview:large, max-video-preview:-1\" \/>\n<link rel=\"canonical\" href=\"https:\/\/investorsforum.lt\/en\/visi-pasiulymai\/pasiulymai2022\/\" \/>\n<meta property=\"og:locale\" content=\"en_US\" \/>\n<meta property=\"og:type\" content=\"article\" \/>\n<meta property=\"og:title\" content=\"Proposals of the Year 2022 - Investors Forum\" \/>\n<meta property=\"og:url\" content=\"https:\/\/investorsforum.lt\/en\/visi-pasiulymai\/pasiulymai2022\/\" \/>\n<meta property=\"og:site_name\" content=\"Investors Forum\" \/>\n<meta property=\"article:modified_time\" content=\"2023-01-10T14:33:06+00:00\" \/>\n<meta name=\"twitter:card\" content=\"summary_large_image\" \/>\n<meta name=\"twitter:label1\" content=\"Est. reading time\" \/>\n\t<meta name=\"twitter:data1\" content=\"8 minutes\" \/>\n<script type=\"application\/ld+json\" class=\"yoast-schema-graph\">{\"@context\":\"https:\/\/schema.org\",\"@graph\":[{\"@type\":\"WebPage\",\"@id\":\"https:\/\/investorsforum.lt\/en\/visi-pasiulymai\/pasiulymai2022\/\",\"url\":\"https:\/\/investorsforum.lt\/en\/visi-pasiulymai\/pasiulymai2022\/\",\"name\":\"Proposals of the Year 2022 - Investors Forum\",\"isPartOf\":{\"@id\":\"https:\/\/investorsforum.lt\/#website\"},\"datePublished\":\"2022-02-17T13:53:56+00:00\",\"dateModified\":\"2023-01-10T14:33:06+00:00\",\"breadcrumb\":{\"@id\":\"https:\/\/investorsforum.lt\/en\/visi-pasiulymai\/pasiulymai2022\/#breadcrumb\"},\"inLanguage\":\"en-EN\",\"potentialAction\":[{\"@type\":\"ReadAction\",\"target\":[\"https:\/\/investorsforum.lt\/en\/visi-pasiulymai\/pasiulymai2022\/\"]}]},{\"@type\":\"BreadcrumbList\",\"@id\":\"https:\/\/investorsforum.lt\/en\/visi-pasiulymai\/pasiulymai2022\/#breadcrumb\",\"itemListElement\":[{\"@type\":\"ListItem\",\"position\":1,\"name\":\"Home\",\"item\":\"https:\/\/investorsforum.lt\/\"},{\"@type\":\"ListItem\",\"position\":2,\"name\":\"Investors&#8217; Forum Proposals\",\"item\":\"https:\/\/investorsforum.lt\/en\/visi-pasiulymai\/\"},{\"@type\":\"ListItem\",\"position\":3,\"name\":\"Proposals of the Year 2022\"}]},{\"@type\":\"WebSite\",\"@id\":\"https:\/\/investorsforum.lt\/#website\",\"url\":\"https:\/\/investorsforum.lt\/\",\"name\":\"Investors Forum\",\"description\":\"Asociacija Investors&#039; Forum\",\"potentialAction\":[{\"@type\":\"SearchAction\",\"target\":{\"@type\":\"EntryPoint\",\"urlTemplate\":\"https:\/\/investorsforum.lt\/?s={search_term_string}\"},\"query-input\":{\"@type\":\"PropertyValueSpecification\",\"valueRequired\":true,\"valueName\":\"search_term_string\"}}],\"inLanguage\":\"en-EN\"}]}<\/script>\n<!-- \/ Yoast SEO plugin. -->","yoast_head_json":{"title":"Proposals of the Year 2022 - Investors Forum","robots":{"index":"index","follow":"follow","max-snippet":"max-snippet:-1","max-image-preview":"max-image-preview:large","max-video-preview":"max-video-preview:-1"},"canonical":"https:\/\/investorsforum.lt\/en\/visi-pasiulymai\/pasiulymai2022\/","og_locale":"en_US","og_type":"article","og_title":"Proposals of the Year 2022 - Investors Forum","og_url":"https:\/\/investorsforum.lt\/en\/visi-pasiulymai\/pasiulymai2022\/","og_site_name":"Investors Forum","article_modified_time":"2023-01-10T14:33:06+00:00","twitter_card":"summary_large_image","twitter_misc":{"Est. reading time":"8 minutes"},"schema":{"@context":"https:\/\/schema.org","@graph":[{"@type":"WebPage","@id":"https:\/\/investorsforum.lt\/en\/visi-pasiulymai\/pasiulymai2022\/","url":"https:\/\/investorsforum.lt\/en\/visi-pasiulymai\/pasiulymai2022\/","name":"Proposals of the Year 2022 - Investors Forum","isPartOf":{"@id":"https:\/\/investorsforum.lt\/#website"},"datePublished":"2022-02-17T13:53:56+00:00","dateModified":"2023-01-10T14:33:06+00:00","breadcrumb":{"@id":"https:\/\/investorsforum.lt\/en\/visi-pasiulymai\/pasiulymai2022\/#breadcrumb"},"inLanguage":"en-EN","potentialAction":[{"@type":"ReadAction","target":["https:\/\/investorsforum.lt\/en\/visi-pasiulymai\/pasiulymai2022\/"]}]},{"@type":"BreadcrumbList","@id":"https:\/\/investorsforum.lt\/en\/visi-pasiulymai\/pasiulymai2022\/#breadcrumb","itemListElement":[{"@type":"ListItem","position":1,"name":"Home","item":"https:\/\/investorsforum.lt\/"},{"@type":"ListItem","position":2,"name":"Investors&#8217; Forum Proposals","item":"https:\/\/investorsforum.lt\/en\/visi-pasiulymai\/"},{"@type":"ListItem","position":3,"name":"Proposals of the Year 2022"}]},{"@type":"WebSite","@id":"https:\/\/investorsforum.lt\/#website","url":"https:\/\/investorsforum.lt\/","name":"Investors Forum","description":"Asociacija Investors&#039; Forum","potentialAction":[{"@type":"SearchAction","target":{"@type":"EntryPoint","urlTemplate":"https:\/\/investorsforum.lt\/?s={search_term_string}"},"query-input":{"@type":"PropertyValueSpecification","valueRequired":true,"valueName":"search_term_string"}}],"inLanguage":"en-EN"}]}},"_links":{"self":[{"href":"https:\/\/investorsforum.lt\/en\/wp-json\/wp\/v2\/pages\/5955","targetHints":{"allow":["GET"]}}],"collection":[{"href":"https:\/\/investorsforum.lt\/en\/wp-json\/wp\/v2\/pages"}],"about":[{"href":"https:\/\/investorsforum.lt\/en\/wp-json\/wp\/v2\/types\/page"}],"author":[{"embeddable":true,"href":"https:\/\/investorsforum.lt\/en\/wp-json\/wp\/v2\/users\/8"}],"replies":[{"embeddable":true,"href":"https:\/\/investorsforum.lt\/en\/wp-json\/wp\/v2\/comments?post=5955"}],"version-history":[{"count":64,"href":"https:\/\/investorsforum.lt\/en\/wp-json\/wp\/v2\/pages\/5955\/revisions"}],"predecessor-version":[{"id":6072,"href":"https:\/\/investorsforum.lt\/en\/wp-json\/wp\/v2\/pages\/5955\/revisions\/6072"}],"up":[{"embeddable":true,"href":"https:\/\/investorsforum.lt\/en\/wp-json\/wp\/v2\/pages\/1449"}],"wp:attachment":[{"href":"https:\/\/investorsforum.lt\/en\/wp-json\/wp\/v2\/media?parent=5955"}],"curies":[{"name":"wp","href":"https:\/\/api.w.org\/{rel}","templated":true}]}}