{"id":5990,"date":"2022-03-14T14:24:55","date_gmt":"2022-03-14T14:24:55","guid":{"rendered":"http:\/\/investorsforum.lt\/?page_id=5990"},"modified":"2022-04-26T07:58:13","modified_gmt":"2022-04-26T07:58:13","slug":"investors-spotlight","status":"publish","type":"page","link":"https:\/\/investorsforum.lt\/en\/investors-spotlight\/","title":{"rendered":"Investors\u2019 Spotlight"},"content":{"rendered":"<p><strong><img loading=\"lazy\" decoding=\"async\" class=\" wp-image-5992 alignleft\" src=\"http:\/\/investorsforum.lt\/wp-content\/uploads\/2022\/03\/Investors-spotlight_for-light-BG-1024x444.png\" alt=\"\" width=\"489\" height=\"212\" srcset=\"https:\/\/investorsforum.lt\/wp-content\/uploads\/2022\/03\/Investors-spotlight_for-light-BG-1024x444.png 1024w, https:\/\/investorsforum.lt\/wp-content\/uploads\/2022\/03\/Investors-spotlight_for-light-BG-300x130.png 300w, https:\/\/investorsforum.lt\/wp-content\/uploads\/2022\/03\/Investors-spotlight_for-light-BG-768x333.png 768w, https:\/\/investorsforum.lt\/wp-content\/uploads\/2022\/03\/Investors-spotlight_for-light-BG-1536x666.png 1536w, https:\/\/investorsforum.lt\/wp-content\/uploads\/2022\/03\/Investors-spotlight_for-light-BG-2048x888.png 2048w\" sizes=\"auto, (max-width: 489px) 100vw, 489px\" \/>Studij\u0173 p<\/strong><strong style=\"font-size: 1rem;\">rogram\u0173 per\u017ei\u016bros projektas \u201eInvestors\u2019 Spotlight<\/strong><strong style=\"font-size: 1rem;\">\u201c<\/strong><\/p>\n<p style=\"text-align: justify;\">Asociacija \u201eInvestuotoj\u0173 forumas\u201c kartu su u\u017esienio investicij\u0173 pl\u0117tros agent\u016bra \u201eInvestuok Lietuvoje\u201c nuo 2016 m. \u012fgyvendina projekt\u0105 \u201eInvestors\u2018 Spotlight\u201c. Iniciatyvos tikslas \u2013 tobulinti investuotojams aktualias studij\u0173 programas ir pad\u0117ti u\u017emegzti bendradarbiavimo santykius tarp verslo ir auk\u0161t\u0173j\u0173 mokykl\u0173.<\/p>\n<p style=\"text-align: justify;\">Projekto metu studij\u0173 programas vertina susijusio sektoriaus u\u017esienio ir Lietuvos kapitalo \u012fmoni\u0173 atstovai. Darbdaviai noriai dalinasi patirtimi ir praktiniais patarimais, kaip studij\u0173 proceso metu pasiekti geriausi\u0173 rezultat\u0173 bei u\u017etikrinti, kad student\u0173 geb\u0117jimai atitikt\u0173 darbo rinkos poreikius. Projekto \u012fgyvendinimo metu per\u017ei\u016brimas studij\u0173 program\u0173 turinys, mokymo metodai, aptariama materialioji baz\u0117 bei naudojamos priemon\u0117s, pateikiamos rekomendacijos programos tobulinimui. Programoms, kurioms pagal rekomendacijas parengiamas programos turinio bei studij\u0173 proceso tobulinimo planas, suteikiamas \u201eInvestors\u2018 Spotlight\u201c kokyb\u0117s \u017eenklas.<\/p>\n<p style=\"text-align: justify;\">Studij\u0173 program\u0173 per\u017ei\u016bra yra svarbus pirmasis \u017eingsnis verslo atstov\u0173 ir auk\u0161t\u0173j\u0173 mokykl\u0173 bendradarbiavime bei gali paskatinti ir ilgalaik\u012f bendravim\u0105:<\/p>\n<ul style=\"text-align: justify;\">\n<li><em>Cognizant<\/em> ne tik per\u017ei\u016br\u0117jo studij\u0173 programas, bet ir prisid\u0117jo prie norveg\u0173 kalbos skatinimo bei finansavimo;<\/li>\n<li>KTU Panev\u0117\u017eio fakultetas per\u017ei\u016bros metu pasira\u0161\u0117 bendradarbiavimo d\u0117l student\u0173 praktik\u0173 sutartis su 6 \u012fmon\u0117mis;<\/li>\n<li>Per\u017ei\u016brint programas Vilniuje ir Panev\u0117\u017eyje, \u012fmoni\u0173 d\u0117ka laboratoriniuose darbuose buvo prad\u0117tos naudoti aktualios schemos;<\/li>\n<li>Kauno technikos kolegijoje rengiama nauja plastiko gamybos ir apdirbimo specializacija (Lietuvoje iki tol nebuvo vykdoma).<\/li>\n<\/ul>\n<p style=\"text-align: justify;\">Iniciatyvos partneriai tiki, kad auk\u0161t\u0173j\u0173 mokykl\u0173 ir verslo bendradarbiavimas studij\u0173 procese \u2013 studij\u0173 praktik\u0173 organizavimas, dalyvavimas baigiam\u0173j\u0173 darb\u0173 k\u016brime, paskait\u0173 turinio k\u016brimas, d\u0117stymas \u2013 teigiamai veikia studij\u0173 kokyb\u0119 ir padeda \u012fvairi\u0173 region\u0173 absolventams susirasti auk\u0161tos kvalifikacijos darbus.<\/p>\n<p><strong style=\"font-size: 1rem;\"><img loading=\"lazy\" decoding=\"async\" class=\"alignnone wp-image-6069 size-large\" src=\"http:\/\/investorsforum.lt\/wp-content\/uploads\/2022\/04\/IMG_6440-1024x683.jpg\" alt=\"\" width=\"1024\" height=\"683\" srcset=\"https:\/\/investorsforum.lt\/wp-content\/uploads\/2022\/04\/IMG_6440-1024x683.jpg 1024w, https:\/\/investorsforum.lt\/wp-content\/uploads\/2022\/04\/IMG_6440-300x200.jpg 300w, https:\/\/investorsforum.lt\/wp-content\/uploads\/2022\/04\/IMG_6440-768x512.jpg 768w, https:\/\/investorsforum.lt\/wp-content\/uploads\/2022\/04\/IMG_6440-1536x1024.jpg 1536w, https:\/\/investorsforum.lt\/wp-content\/uploads\/2022\/04\/IMG_6440-2048x1365.jpg 2048w\" sizes=\"auto, (max-width: 1024px) 100vw, 1024px\" \/><\/strong><\/p>\n<p>Nuo 2016 m. per\u017ei\u016br\u0117tos 49 studij\u0173 programos. \u0160ioms 37 programoms yra suteikti \u201eInvestors\u2018 Spotlight\u201c kokyb\u0117s \u017eenklai:<\/p>\n<p><strong>Vilniuje<\/strong>:<\/p>\n<ul>\n<li>Vilniaus kolegijoje:\n<ul>\n<li>Buhalterin\u0117 apskaita<\/li>\n<li>Elektronikos in\u017einerija<\/li>\n<\/ul>\n<\/li>\n<li>Vilniaus universitete:\n<ul>\n<li>Informacin\u0117s technologijos<\/li>\n<li>Nanomed\u017eiag\u0173 chemija<\/li>\n<\/ul>\n<\/li>\n<li>Vilniaus Gedimino technikos universitete:\n<ul>\n<li>Mechanikos in\u017einerija<\/li>\n<li>Informacini\u0173 sistem\u0173 in\u017einerija<\/li>\n<li>Mechatronika ir robotika<\/li>\n<li>Elektronikos in\u017einerija<\/li>\n<\/ul>\n<\/li>\n<\/ul>\n<p><strong>Kaune<\/strong>:<\/p>\n<ul>\n<li>Kauno technikos kolegijos studij\u0173 programos:\n<ul>\n<li>Med\u017eiag\u0173 apdirbimo in\u017einerija<\/li>\n<li>Elektronikos technika<\/li>\n<li>Kauno kolegijos studij\u0173 programa:<\/li>\n<li>I\u0161maniosios sistemos<\/li>\n<\/ul>\n<\/li>\n<li>Kauno technologijos universiteto studij\u0173 programos:\n<ul>\n<li>Ekonomika<\/li>\n<li>Gamybos in\u017einerija<\/li>\n<li>Mechanikos in\u017einerija<\/li>\n<li>Program\u0173 sistemos<\/li>\n<li>Informacin\u0117s sistemos<\/li>\n<li>Mechatronika<\/li>\n<li>Elektronikos in\u017einerija<\/li>\n<li>Automatika ir valdymas<\/li>\n<li>Informatika<\/li>\n<li>Taikomoji matematika<\/li>\n<\/ul>\n<\/li>\n<\/ul>\n<p><strong>Klaip\u0117doje<\/strong>:<\/p>\n<ul>\n<li>Klaip\u0117dos valstybin\u0117s kolegijos studij\u0173 programos:\n<ul>\n<li>Elektros ir automatikos in\u017einerija<\/li>\n<li>Informatikos in\u017einerija<\/li>\n<li>Finansai<\/li>\n<\/ul>\n<\/li>\n<li>Lietuvos verslo kolegija:\n<ul>\n<li>Taikomoji informatika ir programavimas<\/li>\n<\/ul>\n<\/li>\n<li>Klaip\u0117dos universiteto studij\u0173 programos:\n<ul>\n<li>Informatika<\/li>\n<li>Mechanikos in\u017einerija<\/li>\n<li>Elektros in\u017einerija<\/li>\n<li>Informatikos in\u017einerija<\/li>\n<li>Chemijos in\u017einerija<\/li>\n<li>J\u016br\u0173 transporto in\u017einerija<\/li>\n<\/ul>\n<\/li>\n<\/ul>\n<p><strong>\u0160iauliuose<\/strong>:<\/p>\n<ul>\n<li>\u0160iauli\u0173 valstybin\u0117s kolegijos studij\u0173 programos:\n<ul>\n<li>Gamybos in\u017einerija<\/li>\n<li>Informacini\u0173 sistem\u0173 technologijos<\/li>\n<\/ul>\n<\/li>\n<li>Vilniaus universiteto \u0160iauli\u0173 akademijos studij\u0173 programa:\n<ul>\n<li>Program\u0173 sistemos<\/li>\n<\/ul>\n<\/li>\n<\/ul>\n<p><strong>Panev\u0117\u017eyje<\/strong>:<\/p>\n<ul>\n<li>Panev\u0117\u017eio kolegijos studij\u0173 programos:<\/li>\n<li>Programuojamos automatikos sistemos<\/li>\n<li>Elektros ir automatikos \u012frenginiai<\/li>\n<li>KTU Panev\u0117\u017eio filialo studij\u0173 programa:<\/li>\n<li>Elektromechanika<\/li>\n<\/ul>\n","protected":false},"excerpt":{"rendered":"<p>Studij\u0173 program\u0173 per\u017ei\u016bros projektas \u201eInvestors\u2019 Spotlight\u201c Asociacija \u201eInvestuotoj\u0173 forumas\u201c kartu su u\u017esienio investicij\u0173 pl\u0117tros agent\u016bra \u201eInvestuok Lietuvoje\u201c nuo 2016 m. \u012fgyvendina projekt\u0105 \u201eInvestors\u2018 Spotlight\u201c. Iniciatyvos tikslas \u2013 tobulinti investuotojams aktualias studij\u0173 programas ir pad\u0117ti u\u017emegzti bendradarbiavimo santykius tarp verslo ir auk\u0161t\u0173j\u0173 mokykl\u0173. Projekto metu studij\u0173 programas vertina susijusio sektoriaus u\u017esienio ir Lietuvos kapitalo \u012fmoni\u0173 atstovai.<\/p>\n<div class=\"more-link\"><a href=\"https:\/\/investorsforum.lt\/en\/investors-spotlight\/\">Read more<\/a><\/div>\n","protected":false},"author":8,"featured_media":0,"parent":0,"menu_order":0,"comment_status":"closed","ping_status":"closed","template":"","meta":{"_acf_changed":false,"footnotes":""},"class_list":["post-5990","page","type-page","status-publish","hentry"],"translation":{"provider":"WPGlobus","version":"3.0.2","language":"en","enabled_languages":["lt","en"],"languages":{"lt":{"title":true,"content":true,"excerpt":false},"en":{"title":false,"content":false,"excerpt":false}}},"acf":[],"yoast_head":"<!-- This site is optimized with the Yoast SEO plugin v26.9 - https:\/\/yoast.com\/product\/yoast-seo-wordpress\/ -->\n<title>Investors\u2019 Spotlight - Investors Forum<\/title>\n<meta name=\"robots\" content=\"index, follow, max-snippet:-1, max-image-preview:large, max-video-preview:-1\" \/>\n<link rel=\"canonical\" href=\"https:\/\/investorsforum.lt\/investors-spotlight\/\" \/>\n<meta property=\"og:locale\" content=\"en_US\" \/>\n<meta property=\"og:type\" content=\"article\" \/>\n<meta property=\"og:title\" content=\"Investors\u2019 Spotlight - Investors Forum\" \/>\n<meta property=\"og:url\" content=\"https:\/\/investorsforum.lt\/investors-spotlight\/\" \/>\n<meta property=\"og:site_name\" content=\"Investors Forum\" \/>\n<meta property=\"article:modified_time\" content=\"2022-04-26T07:58:13+00:00\" \/>\n<meta property=\"og:image\" content=\"https:\/\/investorsforum.lt\/wp-content\/uploads\/2022\/03\/Investors-spotlight_for-light-BG.png\" \/>\n\t<meta property=\"og:image:width\" content=\"2501\" \/>\n\t<meta property=\"og:image:height\" content=\"1084\" \/>\n\t<meta property=\"og:image:type\" content=\"image\/png\" \/>\n<meta name=\"twitter:card\" content=\"summary_large_image\" \/>\n<meta name=\"twitter:label1\" content=\"Est. reading time\" \/>\n\t<meta name=\"twitter:data1\" content=\"2 minutes\" \/>\n<script type=\"application\/ld+json\" class=\"yoast-schema-graph\">{\"@context\":\"https:\/\/schema.org\",\"@graph\":[{\"@type\":\"WebPage\",\"@id\":\"https:\/\/investorsforum.lt\/investors-spotlight\/\",\"url\":\"https:\/\/investorsforum.lt\/investors-spotlight\/\",\"name\":\"Investors\u2019 Spotlight - Investors Forum\",\"isPartOf\":{\"@id\":\"https:\/\/investorsforum.lt\/#website\"},\"primaryImageOfPage\":{\"@id\":\"https:\/\/investorsforum.lt\/investors-spotlight\/#primaryimage\"},\"image\":{\"@id\":\"https:\/\/investorsforum.lt\/investors-spotlight\/#primaryimage\"},\"thumbnailUrl\":\"http:\/\/investorsforum.lt\/wp-content\/uploads\/2022\/03\/Investors-spotlight_for-light-BG-1024x444.png\",\"datePublished\":\"2022-03-14T14:24:55+00:00\",\"dateModified\":\"2022-04-26T07:58:13+00:00\",\"breadcrumb\":{\"@id\":\"https:\/\/investorsforum.lt\/investors-spotlight\/#breadcrumb\"},\"inLanguage\":\"en-EN\",\"potentialAction\":[{\"@type\":\"ReadAction\",\"target\":[\"https:\/\/investorsforum.lt\/investors-spotlight\/\"]}]},{\"@type\":\"ImageObject\",\"inLanguage\":\"en-EN\",\"@id\":\"https:\/\/investorsforum.lt\/investors-spotlight\/#primaryimage\",\"url\":\"http:\/\/investorsforum.lt\/wp-content\/uploads\/2022\/03\/Investors-spotlight_for-light-BG-1024x444.png\",\"contentUrl\":\"http:\/\/investorsforum.lt\/wp-content\/uploads\/2022\/03\/Investors-spotlight_for-light-BG-1024x444.png\"},{\"@type\":\"BreadcrumbList\",\"@id\":\"https:\/\/investorsforum.lt\/investors-spotlight\/#breadcrumb\",\"itemListElement\":[{\"@type\":\"ListItem\",\"position\":1,\"name\":\"Home\",\"item\":\"https:\/\/investorsforum.lt\/\"},{\"@type\":\"ListItem\",\"position\":2,\"name\":\"Investors\u2019 Spotlight\"}]},{\"@type\":\"WebSite\",\"@id\":\"https:\/\/investorsforum.lt\/#website\",\"url\":\"https:\/\/investorsforum.lt\/\",\"name\":\"Investors Forum\",\"description\":\"Asociacija Investors&#039; Forum\",\"potentialAction\":[{\"@type\":\"SearchAction\",\"target\":{\"@type\":\"EntryPoint\",\"urlTemplate\":\"https:\/\/investorsforum.lt\/?s={search_term_string}\"},\"query-input\":{\"@type\":\"PropertyValueSpecification\",\"valueRequired\":true,\"valueName\":\"search_term_string\"}}],\"inLanguage\":\"en-EN\"}]}<\/script>\n<!-- \/ Yoast SEO plugin. -->","yoast_head_json":{"title":"Investors\u2019 Spotlight - Investors Forum","robots":{"index":"index","follow":"follow","max-snippet":"max-snippet:-1","max-image-preview":"max-image-preview:large","max-video-preview":"max-video-preview:-1"},"canonical":"https:\/\/investorsforum.lt\/investors-spotlight\/","og_locale":"en_US","og_type":"article","og_title":"Investors\u2019 Spotlight - Investors Forum","og_url":"https:\/\/investorsforum.lt\/investors-spotlight\/","og_site_name":"Investors Forum","article_modified_time":"2022-04-26T07:58:13+00:00","og_image":[{"width":2501,"height":1084,"url":"https:\/\/investorsforum.lt\/wp-content\/uploads\/2022\/03\/Investors-spotlight_for-light-BG.png","type":"image\/png"}],"twitter_card":"summary_large_image","twitter_misc":{"Est. reading time":"2 minutes"},"schema":{"@context":"https:\/\/schema.org","@graph":[{"@type":"WebPage","@id":"https:\/\/investorsforum.lt\/investors-spotlight\/","url":"https:\/\/investorsforum.lt\/investors-spotlight\/","name":"Investors\u2019 Spotlight - Investors Forum","isPartOf":{"@id":"https:\/\/investorsforum.lt\/#website"},"primaryImageOfPage":{"@id":"https:\/\/investorsforum.lt\/investors-spotlight\/#primaryimage"},"image":{"@id":"https:\/\/investorsforum.lt\/investors-spotlight\/#primaryimage"},"thumbnailUrl":"http:\/\/investorsforum.lt\/wp-content\/uploads\/2022\/03\/Investors-spotlight_for-light-BG-1024x444.png","datePublished":"2022-03-14T14:24:55+00:00","dateModified":"2022-04-26T07:58:13+00:00","breadcrumb":{"@id":"https:\/\/investorsforum.lt\/investors-spotlight\/#breadcrumb"},"inLanguage":"en-EN","potentialAction":[{"@type":"ReadAction","target":["https:\/\/investorsforum.lt\/investors-spotlight\/"]}]},{"@type":"ImageObject","inLanguage":"en-EN","@id":"https:\/\/investorsforum.lt\/investors-spotlight\/#primaryimage","url":"http:\/\/investorsforum.lt\/wp-content\/uploads\/2022\/03\/Investors-spotlight_for-light-BG-1024x444.png","contentUrl":"http:\/\/investorsforum.lt\/wp-content\/uploads\/2022\/03\/Investors-spotlight_for-light-BG-1024x444.png"},{"@type":"BreadcrumbList","@id":"https:\/\/investorsforum.lt\/investors-spotlight\/#breadcrumb","itemListElement":[{"@type":"ListItem","position":1,"name":"Home","item":"https:\/\/investorsforum.lt\/"},{"@type":"ListItem","position":2,"name":"Investors\u2019 Spotlight"}]},{"@type":"WebSite","@id":"https:\/\/investorsforum.lt\/#website","url":"https:\/\/investorsforum.lt\/","name":"Investors Forum","description":"Asociacija Investors&#039; Forum","potentialAction":[{"@type":"SearchAction","target":{"@type":"EntryPoint","urlTemplate":"https:\/\/investorsforum.lt\/?s={search_term_string}"},"query-input":{"@type":"PropertyValueSpecification","valueRequired":true,"valueName":"search_term_string"}}],"inLanguage":"en-EN"}]}},"_links":{"self":[{"href":"https:\/\/investorsforum.lt\/en\/wp-json\/wp\/v2\/pages\/5990","targetHints":{"allow":["GET"]}}],"collection":[{"href":"https:\/\/investorsforum.lt\/en\/wp-json\/wp\/v2\/pages"}],"about":[{"href":"https:\/\/investorsforum.lt\/en\/wp-json\/wp\/v2\/types\/page"}],"author":[{"embeddable":true,"href":"https:\/\/investorsforum.lt\/en\/wp-json\/wp\/v2\/users\/8"}],"replies":[{"embeddable":true,"href":"https:\/\/investorsforum.lt\/en\/wp-json\/wp\/v2\/comments?post=5990"}],"version-history":[{"count":3,"href":"https:\/\/investorsforum.lt\/en\/wp-json\/wp\/v2\/pages\/5990\/revisions"}],"predecessor-version":[{"id":7292,"href":"https:\/\/investorsforum.lt\/en\/wp-json\/wp\/v2\/pages\/5990\/revisions\/7292"}],"wp:attachment":[{"href":"https:\/\/investorsforum.lt\/en\/wp-json\/wp\/v2\/media?parent=5990"}],"curies":[{"name":"wp","href":"https:\/\/api.w.org\/{rel}","templated":true}]}}