{"id":6365,"date":"2023-01-10T14:42:49","date_gmt":"2023-01-10T14:42:49","guid":{"rendered":"http:\/\/investorsforum.lt\/?page_id=6365"},"modified":"2024-02-26T14:41:26","modified_gmt":"2024-02-26T14:41:26","slug":"pasiulymai2023","status":"publish","type":"page","link":"https:\/\/investorsforum.lt\/en\/visi-pasiulymai\/pasiulymai2023\/","title":{"rendered":"Proposals of the Year 2023"},"content":{"rendered":"<p><strong><span style=\"color: #1877c9;\">December 18, 2023<br \/>\n<\/span><\/strong><span style=\"color: #1877c9;\"><span style=\"color: #333333;\">To Ministry of Economy and Innovation of the Republic of Lithuania<br \/>\n<a href=\"http:\/\/investorsforum.lt\/wp-content\/uploads\/2024\/02\/Investors-Forum-pastabos-projektui-.pdf\">For comments on the legislation<\/a><\/span><\/span><\/p>\n<p>November 23rd, 2023<br \/>\nMinistry of Foreign Affairs of the Republic of Lithuania<br \/>\n<a href=\"http:\/\/investorsforum.lt\/wp-content\/uploads\/2023\/12\/Investors-Forum-d\u0117l-Tipinio-susitarimo-projekto-.pdf\">Regarding the investment promotion and protection agreement(LT)<\/a><br \/>\n<a href=\"http:\/\/investorsforum.lt\/wp-content\/uploads\/2023\/12\/Priedas-nr.-1-Pastab\u0173-lentel\u0117-.pdf\">Appendix no. 1(LT)<\/a><\/p>\n<p><strong><span style=\"color: #1877c9;\">November 23rd, 2023<br \/>\n<\/span><\/strong>Ministry of Transport of the Republic of Lithuania<br \/>\n<a href=\"http:\/\/investorsforum.lt\/wp-content\/uploads\/2023\/12\/D\u0117l-valstybin\u0117s-reik\u0161m\u0117s-keli\u0173-apsaugos-zon\u0173.pdf\">Regarding the approved plan for establishing road protection zones of national significance in the Vilnius city municipality(LT)<\/a><\/p>\n<p><strong><span style=\"color: #1877c9;\">October 11th, 2023<br \/>\n<\/span><\/strong><span style=\"color: #333333;\">To the Ministry of Health Protection of the Republic of Lithuania<br \/>\n<a href=\"http:\/\/investorsforum.lt\/wp-content\/uploads\/2023\/10\/IF-d\u0117l-EK-direktyv\u0173-pelno-apmokestinimo-srityje.pdf\">Regarding the proposals for directives presented by the European Commission in the field of profit taxation<\/a>(LT)<\/span><strong><span style=\"color: #1877c9;\"><br \/>\n<\/span><\/strong><\/p>\n<p><strong><span style=\"color: #1877c9;\">October 6th, 2023<br \/>\n<\/span><\/strong><span style=\"color: #333333;\">To the Ministry of Health Protection of the Republic of Lithuania<br \/>\n<a href=\"http:\/\/investorsforum.lt\/wp-content\/uploads\/2023\/10\/D\u0117l-SS\u012e-keitimo_IF_20231006.pdf\">Regarding the Health System of the Republic of Lithuania Law no. I-552 Reconciliation of the Bill to Amend Articles 8, 11, 13 and 76 (LT)<\/a><\/span><strong><span style=\"color: #1877c9;\"><br \/>\n<\/span><\/strong><\/p>\n<p><strong><span style=\"color: #1877c9;\">September 18th, 2023<br \/>\n<\/span><\/strong><span style=\"color: #333333;\">To the Government of the Republic of Lithuania, the Ministry of Economy and Innovation of the Republic of Lithuania, the Ministry of Finance of the Republic of Lithuania, the Public Enterprise Innovation Agency<br \/>\n<a href=\"http:\/\/investorsforum.lt\/wp-content\/uploads\/2023\/10\/D\u0117l-V\u0161\u012e-Inovacij\u0173-Agent\u016bros-finansavimo.pdf\">Regarding the financing of the Public Enterprise Innovation Agency (LT).<\/a><br \/>\n<\/span><\/p>\n<p><strong><span style=\"color: #1877c9;\">August 21st, 2023<br \/>\n<\/span><\/strong><span style=\"color: #333333;\">To Ministry of Economy and Innovation of the Republic of Lithuania<br \/>\n<a href=\"http:\/\/investorsforum.lt\/wp-content\/uploads\/2023\/10\/D\u0117l-tabako-gamini\u0173-kontrol\u0117s-\u012fstatymo.pdf\">Regarding the Law of the Republic of Lithuania on the control of tobacco, tobacco products and related products no. Draft law amending I-1143, amending articles 70, 77, 132, 170, 2091 of the Code of Administrative Offenses(LT)<\/a><\/span><strong><span style=\"color: #1877c9;\"><br \/>\n<\/span><\/strong><\/p>\n<p><strong><span style=\"color: #1877c9;\">August 1st, 2023<br \/>\n<\/span><\/strong><span style=\"color: #000000;\">To the factions of the Parliament of the Republic of Lithuania, the Budget and Finance Committee of the Parliament of the Republic of Lithuania, the Social Affairs and Labor Committee of the Parliament of the Republic of Lithuania<br \/>\n<a href=\"http:\/\/investorsforum.lt\/wp-content\/uploads\/2023\/10\/Verslo-organizacij\u0173-kreipim\u0105sis-d\u0117l-mokes\u010di\u0173-pertvarkos.pdf\">Appeal of business organizations regarding the tax reform (LT)<\/a><br \/>\n<\/span><\/p>\n<p><strong><span style=\"color: #1877c9;\">June 9th, 2023<br \/>\n<\/span><\/strong><span style=\"color: #000000;\">To the Ministry of Health of the Republic of Lithuania<br \/>\n<a href=\"http:\/\/investorsforum.lt\/wp-content\/uploads\/2023\/05\/Investuotoju\u0328-forumas_De\u0307l-atnaujinto-sveikatos-centru\u0328-ku\u0304rimo-apras\u030co1.pdf\">Due to the re-adjustment of the draft description of the procedure for the organization of provision of health care services attributed to the health center (LT)<\/a><\/span><\/p>\n<p><strong><span style=\"color: #1877c9;\">May 4th, 2023<br \/>\n<\/span><\/strong><span style=\"color: #000000;\">To the Ministry of Health of the Republic of Lithuania<br \/>\n<a href=\"http:\/\/investorsforum.lt\/wp-content\/uploads\/2023\/05\/Investuotoju\u0328-forumas_De\u0307l-atnaujinto-sveikatos-centru\u0328-ku\u0304rimo-apras\u030co1.pdf\">Due to the re-adjustment of the draft description of the procedure for the organization of provision of health care services attributed to the health center (LT)<\/a><br \/>\n<\/span><\/p>\n<p><strong><span style=\"color: #1877c9;\">April 28th, 2023<br \/>\n<\/span><\/strong><span style=\"color: #000000;\">To the Ministry of Health of the Republic of Lithuania<br \/>\n<a href=\"http:\/\/investorsforum.lt\/wp-content\/uploads\/2023\/05\/IF-ra\u0161tas-LR-sveikatos-apsaugos-ministerijai.pdf\">Regarding the legal loopholes of the law on patients&#8217; rights and compensation for health damage(LT)<\/a><br \/>\n<\/span><\/p>\n<p><strong><span style=\"color: #1877c9;\">April 26th, 2023<br \/>\n<\/span><\/strong><span style=\"color: #000000;\">To the Parliament of the Republic of Lithuania<br \/>\nCopy: to the Ministry of Energy of the Republic of Lithuania<br \/>\n<\/span><a href=\"http:\/\/investorsforum.lt\/wp-content\/uploads\/2023\/04\/Investors-Forum-ra\u0161tas_04.26.pdf\">Regarding Renewable Energy Energy Law no. XI-1375 25 amendments and additions to various articles(LT)<\/a><\/p>\n<p><strong><span style=\"color: #1877c9;\">April 14th, 2023<br \/>\n<\/span><\/strong><span style=\"color: #1877c9;\"><span style=\"color: #000000;\">To the Lithuanian Government\u00a0<\/span><\/span><strong><span style=\"color: #1877c9;\"><br \/>\n<\/span><\/strong><span style=\"color: #3366ff;\"><a style=\"color: #3366ff;\" href=\"http:\/\/investorsforum.lt\/wp-content\/uploads\/2023\/04\/IF-pasi\u016blym\u0173-paketas-0414-.pdf\">&#8220;Investors&#8217; Forum&#8221; associations&#8217; package of proposals for improving the investment environment in 2023 (LT)<\/a><\/span><\/p>\n<p><strong><span style=\"color: #1877c9;\">April 13th, 2023<br \/>\n<\/span><\/strong><span style=\"color: #000000;\">To the Competition Council of the Republic of Lithuania<br \/>\n<\/span><span style=\"color: #3366ff;\"><a style=\"color: #3366ff;\" href=\"http:\/\/investorsforum.lt\/wp-content\/uploads\/2023\/04\/Lietuvos-Respublikos-konkurencijos-tarybai.pdf\">Clarifications in the investigation regarding the compliance of decisions of the Akmen\u0117 District Municipal Council related to the physician promotion program with the requirements of Article 4 of the Competition Law of the Republic of Lithuania (LT)<\/a><\/span><\/p>\n<p><strong><span style=\"color: #1877c9;\">April 11th, 2023<br \/>\n<\/span><\/strong>To the Ministry of Finance of the Republic of Lithuania<br \/>\n<a href=\"http:\/\/investorsforum.lt\/wp-content\/uploads\/2023\/04\/IF-ra\u0161tas-d\u0117l-Mokes\u010di\u0173-reformos-.pdf\">Regarding the tax reform (LT)<\/a><\/p>\n<p><strong><span style=\"color: #1877c9;\">March 22nd, 2023<br \/>\n<\/span><\/strong><span style=\"color: #333333;\"><span class=\"Y2IQFc\" lang=\"en\">To Ministry of Finance of the Republic of Lithuania To the Government of the Republic of Lithuania<br \/>\n<a href=\"http:\/\/investorsforum.lt\/wp-content\/uploads\/2023\/03\/Investors-Forum-d\u0117l-laikino-solidarumo-\u012fna\u0161o-.pdf\">Regarding the temporary solidarity contribution law<\/a><\/span><\/span><strong><span style=\"color: #1877c9;\"><br \/>\n<\/span><\/strong><\/p>\n<p><strong><span style=\"color: #1877c9;\">March 17th, 2023<br \/>\n<\/span><\/strong><span style=\"color: #808080;\"><span style=\"color: #333333;\">To the Ministry of the Environment of the Republic of Lithuania<\/span><br \/>\n<span style=\"color: #3366ff;\"><a style=\"color: #3366ff;\" href=\"http:\/\/investorsforum.lt\/wp-content\/uploads\/2023\/03\/2023-03-17-LVK_IF_pasiu\u0304lymai-de\u0307l-Spec.z\u030ceme\u0307s-naudojimo-sa\u0328lygu\u0328-i\u0328stat_-1.pdf\">Regarding the draft amendment to the Law on Special Land Use Conditions<\/a><\/span><\/span><strong><span style=\"color: #1877c9;\"><br \/>\n<\/span><\/strong><\/p>\n<p><strong><span style=\"color: #1877c9;\">February 20th, 2023<\/span><\/strong><br \/>\n<span style=\"font-size: 1rem;\">To the Minister of Health A. Dulkys<br \/>\n<\/span><span style=\"font-size: 1rem;\">To Ministry of Health of the Republic of Lithuania<br \/>\n<\/span><a href=\"http:\/\/investorsforum.lt\/wp-content\/uploads\/2023\/02\/Suinteresuotu\u0328ju\u0328-s\u030caliu\u0328-kreipima\u0328sis-i\u0328-SAM-del-Siuntimu\u0328-tvarkos_20230220.pdf\"><span style=\"font-size: 1rem;\">Regarding the Minister of Health of the Republic of Lithuania 2008 June 28th Order no. V-636 &#8220;Approval of the description of the procedure for issuing, filing and submitting answers for referrals for personal health care services&#8221;<\/span><\/a>(LT)<\/p>\n<p><strong><span style=\"color: #1877c9;\">February 7th, 2023<\/span><\/strong><br \/>\n<span style=\"font-size: 1rem;\">To Ministry of Health Protection of the Republic of Lithuania<br \/>\n<\/span><a href=\"http:\/\/investorsforum.lt\/wp-content\/uploads\/2023\/02\/InvestorsForum-d\u0117l-LRV-nutarimo-Nr.-370-pakeitimo-2023-02-07.pdf\"><span style=\"font-size: 1rem;\">Regarding the Government of the Republic of Lithuania 2014 April 23rd Resolution no. 370 Amendment Draft Reconciliation (LT)<\/span><\/a><\/p>\n<p><strong><span style=\"color: #1877c9;\">February 7th, 2023<\/span><\/strong><br \/>\n<span style=\"font-size: 1rem;\">To Ministry of Health of the Republic of Lithuania<br \/>\n<\/span><span style=\"font-size: 1rem;\"><a href=\"http:\/\/investorsforum.lt\/wp-content\/uploads\/2023\/02\/InvestorsForum-d\u0117l-Sveikatos-centr\u0173-k\u016brimo-apra\u0161o-2023-02-07.pdf\">Regarding the coordination of the Health Center project procedures for the organization of the provision of health care services<\/a> (LT)<\/span><\/p>\n<p><strong><span style=\"color: #1877c9;\">January 10th, 2023<\/span><br \/>\n<\/strong>To the Ministry of Finance of the Republic of Lithuania<br \/>\n<a href=\"http:\/\/investorsforum.lt\/wp-content\/uploads\/2023\/01\/IF-ra\u0161tas-d\u0117l-pelno-mokes\u010dio-tobulinimo-20230110.pdf\" target=\"_blank\" rel=\"noopener\">Proposal for the improvement of the Law on Profit Tax of the Republic of Lithuania (LT)<\/a><\/p>\n","protected":false},"excerpt":{"rendered":"<p>December 18, 2023 To Ministry of Economy and Innovation of the Republic of Lithuania For comments on the legislation November 23rd, 2023 Ministry of Foreign Affairs of the Republic of Lithuania Regarding the investment promotion and protection agreement(LT) Appendix no. 1(LT) November 23rd, 2023 Ministry of Transport of the Republic of Lithuania Regarding the approved<\/p>\n<div class=\"more-link\"><a href=\"https:\/\/investorsforum.lt\/en\/visi-pasiulymai\/pasiulymai2023\/\">Read more<\/a><\/div>\n","protected":false},"author":8,"featured_media":0,"parent":1449,"menu_order":0,"comment_status":"closed","ping_status":"closed","template":"","meta":{"_acf_changed":false,"footnotes":""},"class_list":["post-6365","page","type-page","status-publish","hentry"],"translation":{"provider":"WPGlobus","version":"3.0.2","language":"en","enabled_languages":["lt","en"],"languages":{"lt":{"title":true,"content":true,"excerpt":false},"en":{"title":true,"content":true,"excerpt":false}}},"acf":[],"yoast_head":"<!-- This site is optimized with the Yoast SEO plugin v26.9 - https:\/\/yoast.com\/product\/yoast-seo-wordpress\/ -->\n<title>Proposals of the Year 2023 - Investors Forum<\/title>\n<meta name=\"robots\" content=\"index, follow, max-snippet:-1, max-image-preview:large, max-video-preview:-1\" \/>\n<link rel=\"canonical\" href=\"https:\/\/investorsforum.lt\/visi-pasiulymai\/pasiulymai2023\/\" \/>\n<meta property=\"og:locale\" content=\"en_US\" \/>\n<meta property=\"og:type\" content=\"article\" \/>\n<meta property=\"og:title\" content=\"Proposals of the Year 2023 - Investors Forum\" \/>\n<meta property=\"og:url\" content=\"https:\/\/investorsforum.lt\/visi-pasiulymai\/pasiulymai2023\/\" \/>\n<meta property=\"og:site_name\" content=\"Investors Forum\" \/>\n<meta property=\"article:modified_time\" content=\"2024-02-26T14:41:26+00:00\" \/>\n<meta name=\"twitter:card\" content=\"summary_large_image\" \/>\n<meta name=\"twitter:label1\" content=\"Est. reading time\" \/>\n\t<meta name=\"twitter:data1\" content=\"6 minutes\" \/>\n<script type=\"application\/ld+json\" class=\"yoast-schema-graph\">{\"@context\":\"https:\/\/schema.org\",\"@graph\":[{\"@type\":\"WebPage\",\"@id\":\"https:\/\/investorsforum.lt\/visi-pasiulymai\/pasiulymai2023\/\",\"url\":\"https:\/\/investorsforum.lt\/visi-pasiulymai\/pasiulymai2023\/\",\"name\":\"Proposals of the Year 2023 - Investors Forum\",\"isPartOf\":{\"@id\":\"https:\/\/investorsforum.lt\/#website\"},\"datePublished\":\"2023-01-10T14:42:49+00:00\",\"dateModified\":\"2024-02-26T14:41:26+00:00\",\"breadcrumb\":{\"@id\":\"https:\/\/investorsforum.lt\/visi-pasiulymai\/pasiulymai2023\/#breadcrumb\"},\"inLanguage\":\"en-EN\",\"potentialAction\":[{\"@type\":\"ReadAction\",\"target\":[\"https:\/\/investorsforum.lt\/visi-pasiulymai\/pasiulymai2023\/\"]}]},{\"@type\":\"BreadcrumbList\",\"@id\":\"https:\/\/investorsforum.lt\/visi-pasiulymai\/pasiulymai2023\/#breadcrumb\",\"itemListElement\":[{\"@type\":\"ListItem\",\"position\":1,\"name\":\"Home\",\"item\":\"https:\/\/investorsforum.lt\/\"},{\"@type\":\"ListItem\",\"position\":2,\"name\":\"Investors&#8217; Forum Proposals\",\"item\":\"https:\/\/investorsforum.lt\/en\/visi-pasiulymai\/\"},{\"@type\":\"ListItem\",\"position\":3,\"name\":\"2023 metais teikti pasi\u016blymai\"}]},{\"@type\":\"WebSite\",\"@id\":\"https:\/\/investorsforum.lt\/#website\",\"url\":\"https:\/\/investorsforum.lt\/\",\"name\":\"Investors Forum\",\"description\":\"Asociacija Investors&#039; Forum\",\"potentialAction\":[{\"@type\":\"SearchAction\",\"target\":{\"@type\":\"EntryPoint\",\"urlTemplate\":\"https:\/\/investorsforum.lt\/?s={search_term_string}\"},\"query-input\":{\"@type\":\"PropertyValueSpecification\",\"valueRequired\":true,\"valueName\":\"search_term_string\"}}],\"inLanguage\":\"en-EN\"}]}<\/script>\n<!-- \/ Yoast SEO plugin. -->","yoast_head_json":{"title":"Proposals of the Year 2023 - Investors Forum","robots":{"index":"index","follow":"follow","max-snippet":"max-snippet:-1","max-image-preview":"max-image-preview:large","max-video-preview":"max-video-preview:-1"},"canonical":"https:\/\/investorsforum.lt\/visi-pasiulymai\/pasiulymai2023\/","og_locale":"en_US","og_type":"article","og_title":"Proposals of the Year 2023 - Investors Forum","og_url":"https:\/\/investorsforum.lt\/visi-pasiulymai\/pasiulymai2023\/","og_site_name":"Investors Forum","article_modified_time":"2024-02-26T14:41:26+00:00","twitter_card":"summary_large_image","twitter_misc":{"Est. reading time":"6 minutes"},"schema":{"@context":"https:\/\/schema.org","@graph":[{"@type":"WebPage","@id":"https:\/\/investorsforum.lt\/visi-pasiulymai\/pasiulymai2023\/","url":"https:\/\/investorsforum.lt\/visi-pasiulymai\/pasiulymai2023\/","name":"Proposals of the Year 2023 - Investors Forum","isPartOf":{"@id":"https:\/\/investorsforum.lt\/#website"},"datePublished":"2023-01-10T14:42:49+00:00","dateModified":"2024-02-26T14:41:26+00:00","breadcrumb":{"@id":"https:\/\/investorsforum.lt\/visi-pasiulymai\/pasiulymai2023\/#breadcrumb"},"inLanguage":"en-EN","potentialAction":[{"@type":"ReadAction","target":["https:\/\/investorsforum.lt\/visi-pasiulymai\/pasiulymai2023\/"]}]},{"@type":"BreadcrumbList","@id":"https:\/\/investorsforum.lt\/visi-pasiulymai\/pasiulymai2023\/#breadcrumb","itemListElement":[{"@type":"ListItem","position":1,"name":"Home","item":"https:\/\/investorsforum.lt\/"},{"@type":"ListItem","position":2,"name":"Investors&#8217; Forum Proposals","item":"https:\/\/investorsforum.lt\/en\/visi-pasiulymai\/"},{"@type":"ListItem","position":3,"name":"2023 metais teikti pasi\u016blymai"}]},{"@type":"WebSite","@id":"https:\/\/investorsforum.lt\/#website","url":"https:\/\/investorsforum.lt\/","name":"Investors Forum","description":"Asociacija Investors&#039; Forum","potentialAction":[{"@type":"SearchAction","target":{"@type":"EntryPoint","urlTemplate":"https:\/\/investorsforum.lt\/?s={search_term_string}"},"query-input":{"@type":"PropertyValueSpecification","valueRequired":true,"valueName":"search_term_string"}}],"inLanguage":"en-EN"}]}},"_links":{"self":[{"href":"https:\/\/investorsforum.lt\/en\/wp-json\/wp\/v2\/pages\/6365","targetHints":{"allow":["GET"]}}],"collection":[{"href":"https:\/\/investorsforum.lt\/en\/wp-json\/wp\/v2\/pages"}],"about":[{"href":"https:\/\/investorsforum.lt\/en\/wp-json\/wp\/v2\/types\/page"}],"author":[{"embeddable":true,"href":"https:\/\/investorsforum.lt\/en\/wp-json\/wp\/v2\/users\/8"}],"replies":[{"embeddable":true,"href":"https:\/\/investorsforum.lt\/en\/wp-json\/wp\/v2\/comments?post=6365"}],"version-history":[{"count":26,"href":"https:\/\/investorsforum.lt\/en\/wp-json\/wp\/v2\/pages\/6365\/revisions"}],"predecessor-version":[{"id":6368,"href":"https:\/\/investorsforum.lt\/en\/wp-json\/wp\/v2\/pages\/6365\/revisions\/6368"}],"up":[{"embeddable":true,"href":"https:\/\/investorsforum.lt\/en\/wp-json\/wp\/v2\/pages\/1449"}],"wp:attachment":[{"href":"https:\/\/investorsforum.lt\/en\/wp-json\/wp\/v2\/media?parent=6365"}],"curies":[{"name":"wp","href":"https:\/\/api.w.org\/{rel}","templated":true}]}}