{"id":6679,"date":"2023-11-06T08:23:08","date_gmt":"2023-11-06T08:23:08","guid":{"rendered":"http:\/\/investorsforum.lt\/?page_id=6679"},"modified":"2024-07-15T13:16:31","modified_gmt":"2024-07-15T13:16:31","slug":"didziausiu-lietuvos-apdirbamosios-gamybos-imoniu-apzvalga","status":"publish","type":"page","link":"https:\/\/investorsforum.lt\/en\/didziausiu-lietuvos-apdirbamosios-gamybos-imoniu-apzvalga\/","title":{"rendered":"Did\u017eiausi\u0173 Lietuvos apdirbamosios gamybos \u012fmoni\u0173 ap\u017evalga"},"content":{"rendered":"<p data-pm-slice=\"1 1 [\">\u201eDid\u017eiausi\u0173 Lietuvos apdirbamosios gamybos \u012fmoni\u0173 ap\u017evalga\u201c \u2013 iliustracinis \u012frankis, ap\u017evelgiantis 100 did\u017eiausias pajamas turin\u010dias apdirbamosios gamybos \u012fmones, veikian\u010dias Lietuvoje. Analiz\u0117s periodas \u2013 2013-2022 metai. \u012erankiu siekiama naudotojui suteikti galimyb\u0119 palyginti did\u017eiausias Lietuvos apdirbamosios gamybos \u012fmones, j\u0173 kertinius parametrus bei kitim\u0105 laike.<\/p>\n<p><iframe loading=\"lazy\" title=\"Did\u017eiausi\u0173 Lietuvos apdirbamosios gamybos \u012fmoni\u0173 ap\u017evalga\" src=\"https:\/\/app.powerbi.com\/view?r=eyJrIjoiY2MwNGZmNTYtNjg0MC00YzA0LWIzYWUtZTU4NGNlYWNiMmM5IiwidCI6IjIwNDQ2ZTJlLWRkMTgtNDcwZi05MDgyLTRlNzJkM2JhM2U2OCIsImMiOjl9\" width=\"1110\" height=\"700\" frameborder=\"0\" allowfullscreen=\"allowfullscreen\"><\/iframe><\/p>\n<div style=\"display: flex; flex-wrap: wrap; gap: 6px;\"><a style=\"display: inline-block; padding: 5px 15px; background-color: #1576fb; font-size: 12px; color: #fff; font-weight: bold; text-transform: uppercase; -webkit-transition: all 300ms; transition: all 300ms;\" href=\"http:\/\/investorsforum.lt\/wp-content\/uploads\/2024\/01\/Did\u017eiausi\u0173-Lietuvos-apdirbamosios-gamybos-\u012fmoni\u0173-ap\u017evalga-\u012frankio-pristatymas-1.pdf\" target=\"_blank\" rel=\"noopener noreferrer\">Metodinis apra\u0161as .PDF<\/a><br \/>\n<a style=\"display: inline-block; padding: 5px 15px; background-color: #1576fb; font-size: 12px; color: #fff; font-weight: bold; text-transform: uppercase; -webkit-transition: all 300ms; transition: all 300ms;\" href=\"http:\/\/investorsforum.lt\/wp-content\/uploads\/2024\/01\/Civitta_Investors__Forum_Gamybos_sektoriaus_ap\u017evalgos_pristatymas_visuomenei.pdf\" target=\"_blank\" rel=\"noopener noreferrer\" download=\"Civitta_Investors__Forum_Gamybos_sektoriaus_ap\u017evalgos_pristatymas_visuomenei\">SEKTORIAUS AP\u017dVALGOS PRISTATYMO VISUOMENEI PREZENTACIJA .PDF<\/a><\/div>\n","protected":false},"excerpt":{"rendered":"<p>\u201eDid\u017eiausi\u0173 Lietuvos apdirbamosios gamybos \u012fmoni\u0173 ap\u017evalga\u201c \u2013 iliustracinis \u012frankis, ap\u017evelgiantis 100 did\u017eiausias pajamas turin\u010dias apdirbamosios gamybos \u012fmones, veikian\u010dias Lietuvoje. Analiz\u0117s periodas \u2013 2013-2022 metai. \u012erankiu siekiama naudotojui suteikti galimyb\u0119 palyginti did\u017eiausias Lietuvos apdirbamosios gamybos \u012fmones, j\u0173 kertinius parametrus bei kitim\u0105 laike. Metodinis apra\u0161as .PDF SEKTORIAUS AP\u017dVALGOS PRISTATYMO VISUOMENEI PREZENTACIJA .PDF<\/p>\n","protected":false},"author":8,"featured_media":0,"parent":0,"menu_order":0,"comment_status":"closed","ping_status":"closed","template":"template-custom.php","meta":{"_acf_changed":false,"footnotes":""},"class_list":["post-6679","page","type-page","status-publish","hentry"],"translation":{"provider":"WPGlobus","version":"3.0.2","language":"en","enabled_languages":["lt","en"],"languages":{"lt":{"title":true,"content":true,"excerpt":false},"en":{"title":false,"content":false,"excerpt":false}}},"acf":[],"yoast_head":"<!-- This site is optimized with the Yoast SEO plugin v26.9 - https:\/\/yoast.com\/product\/yoast-seo-wordpress\/ -->\n<title>Did\u017eiausi\u0173 Lietuvos apdirbamosios gamybos \u012fmoni\u0173 ap\u017evalga - Investors Forum<\/title>\n<meta name=\"robots\" content=\"index, follow, max-snippet:-1, max-image-preview:large, max-video-preview:-1\" \/>\n<link rel=\"canonical\" href=\"https:\/\/investorsforum.lt\/didziausiu-lietuvos-apdirbamosios-gamybos-imoniu-apzvalga\/\" \/>\n<meta property=\"og:locale\" content=\"en_US\" \/>\n<meta property=\"og:type\" content=\"article\" \/>\n<meta property=\"og:title\" content=\"Did\u017eiausi\u0173 Lietuvos apdirbamosios gamybos \u012fmoni\u0173 ap\u017evalga - Investors Forum\" \/>\n<meta property=\"og:url\" content=\"https:\/\/investorsforum.lt\/didziausiu-lietuvos-apdirbamosios-gamybos-imoniu-apzvalga\/\" \/>\n<meta property=\"og:site_name\" content=\"Investors Forum\" \/>\n<meta property=\"article:modified_time\" content=\"2024-07-15T13:16:31+00:00\" \/>\n<meta name=\"twitter:card\" content=\"summary_large_image\" \/>\n<script type=\"application\/ld+json\" class=\"yoast-schema-graph\">{\"@context\":\"https:\/\/schema.org\",\"@graph\":[{\"@type\":\"WebPage\",\"@id\":\"https:\/\/investorsforum.lt\/didziausiu-lietuvos-apdirbamosios-gamybos-imoniu-apzvalga\/\",\"url\":\"https:\/\/investorsforum.lt\/didziausiu-lietuvos-apdirbamosios-gamybos-imoniu-apzvalga\/\",\"name\":\"Did\u017eiausi\u0173 Lietuvos apdirbamosios gamybos \u012fmoni\u0173 ap\u017evalga - Investors Forum\",\"isPartOf\":{\"@id\":\"https:\/\/investorsforum.lt\/#website\"},\"datePublished\":\"2023-11-06T08:23:08+00:00\",\"dateModified\":\"2024-07-15T13:16:31+00:00\",\"breadcrumb\":{\"@id\":\"https:\/\/investorsforum.lt\/didziausiu-lietuvos-apdirbamosios-gamybos-imoniu-apzvalga\/#breadcrumb\"},\"inLanguage\":\"en-EN\",\"potentialAction\":[{\"@type\":\"ReadAction\",\"target\":[\"https:\/\/investorsforum.lt\/didziausiu-lietuvos-apdirbamosios-gamybos-imoniu-apzvalga\/\"]}]},{\"@type\":\"BreadcrumbList\",\"@id\":\"https:\/\/investorsforum.lt\/didziausiu-lietuvos-apdirbamosios-gamybos-imoniu-apzvalga\/#breadcrumb\",\"itemListElement\":[{\"@type\":\"ListItem\",\"position\":1,\"name\":\"Home\",\"item\":\"https:\/\/investorsforum.lt\/\"},{\"@type\":\"ListItem\",\"position\":2,\"name\":\"Did\u017eiausi\u0173 Lietuvos apdirbamosios gamybos \u012fmoni\u0173 ap\u017evalga\"}]},{\"@type\":\"WebSite\",\"@id\":\"https:\/\/investorsforum.lt\/#website\",\"url\":\"https:\/\/investorsforum.lt\/\",\"name\":\"Investors Forum\",\"description\":\"Asociacija Investors&#039; Forum\",\"potentialAction\":[{\"@type\":\"SearchAction\",\"target\":{\"@type\":\"EntryPoint\",\"urlTemplate\":\"https:\/\/investorsforum.lt\/?s={search_term_string}\"},\"query-input\":{\"@type\":\"PropertyValueSpecification\",\"valueRequired\":true,\"valueName\":\"search_term_string\"}}],\"inLanguage\":\"en-EN\"}]}<\/script>\n<!-- \/ Yoast SEO plugin. -->","yoast_head_json":{"title":"Did\u017eiausi\u0173 Lietuvos apdirbamosios gamybos \u012fmoni\u0173 ap\u017evalga - Investors Forum","robots":{"index":"index","follow":"follow","max-snippet":"max-snippet:-1","max-image-preview":"max-image-preview:large","max-video-preview":"max-video-preview:-1"},"canonical":"https:\/\/investorsforum.lt\/didziausiu-lietuvos-apdirbamosios-gamybos-imoniu-apzvalga\/","og_locale":"en_US","og_type":"article","og_title":"Did\u017eiausi\u0173 Lietuvos apdirbamosios gamybos \u012fmoni\u0173 ap\u017evalga - Investors Forum","og_url":"https:\/\/investorsforum.lt\/didziausiu-lietuvos-apdirbamosios-gamybos-imoniu-apzvalga\/","og_site_name":"Investors Forum","article_modified_time":"2024-07-15T13:16:31+00:00","twitter_card":"summary_large_image","schema":{"@context":"https:\/\/schema.org","@graph":[{"@type":"WebPage","@id":"https:\/\/investorsforum.lt\/didziausiu-lietuvos-apdirbamosios-gamybos-imoniu-apzvalga\/","url":"https:\/\/investorsforum.lt\/didziausiu-lietuvos-apdirbamosios-gamybos-imoniu-apzvalga\/","name":"Did\u017eiausi\u0173 Lietuvos apdirbamosios gamybos \u012fmoni\u0173 ap\u017evalga - Investors Forum","isPartOf":{"@id":"https:\/\/investorsforum.lt\/#website"},"datePublished":"2023-11-06T08:23:08+00:00","dateModified":"2024-07-15T13:16:31+00:00","breadcrumb":{"@id":"https:\/\/investorsforum.lt\/didziausiu-lietuvos-apdirbamosios-gamybos-imoniu-apzvalga\/#breadcrumb"},"inLanguage":"en-EN","potentialAction":[{"@type":"ReadAction","target":["https:\/\/investorsforum.lt\/didziausiu-lietuvos-apdirbamosios-gamybos-imoniu-apzvalga\/"]}]},{"@type":"BreadcrumbList","@id":"https:\/\/investorsforum.lt\/didziausiu-lietuvos-apdirbamosios-gamybos-imoniu-apzvalga\/#breadcrumb","itemListElement":[{"@type":"ListItem","position":1,"name":"Home","item":"https:\/\/investorsforum.lt\/"},{"@type":"ListItem","position":2,"name":"Did\u017eiausi\u0173 Lietuvos apdirbamosios gamybos \u012fmoni\u0173 ap\u017evalga"}]},{"@type":"WebSite","@id":"https:\/\/investorsforum.lt\/#website","url":"https:\/\/investorsforum.lt\/","name":"Investors Forum","description":"Asociacija Investors&#039; Forum","potentialAction":[{"@type":"SearchAction","target":{"@type":"EntryPoint","urlTemplate":"https:\/\/investorsforum.lt\/?s={search_term_string}"},"query-input":{"@type":"PropertyValueSpecification","valueRequired":true,"valueName":"search_term_string"}}],"inLanguage":"en-EN"}]}},"_links":{"self":[{"href":"https:\/\/investorsforum.lt\/en\/wp-json\/wp\/v2\/pages\/6679","targetHints":{"allow":["GET"]}}],"collection":[{"href":"https:\/\/investorsforum.lt\/en\/wp-json\/wp\/v2\/pages"}],"about":[{"href":"https:\/\/investorsforum.lt\/en\/wp-json\/wp\/v2\/types\/page"}],"author":[{"embeddable":true,"href":"https:\/\/investorsforum.lt\/en\/wp-json\/wp\/v2\/users\/8"}],"replies":[{"embeddable":true,"href":"https:\/\/investorsforum.lt\/en\/wp-json\/wp\/v2\/comments?post=6679"}],"version-history":[{"count":46,"href":"https:\/\/investorsforum.lt\/en\/wp-json\/wp\/v2\/pages\/6679\/revisions"}],"predecessor-version":[{"id":7086,"href":"https:\/\/investorsforum.lt\/en\/wp-json\/wp\/v2\/pages\/6679\/revisions\/7086"}],"wp:attachment":[{"href":"https:\/\/investorsforum.lt\/en\/wp-json\/wp\/v2\/media?parent=6679"}],"curies":[{"name":"wp","href":"https:\/\/api.w.org\/{rel}","templated":true}]}}