{"id":6926,"date":"2024-02-26T14:43:58","date_gmt":"2024-02-26T14:43:58","guid":{"rendered":"http:\/\/investorsforum.lt\/?page_id=6926"},"modified":"2024-11-28T11:25:07","modified_gmt":"2024-11-28T11:25:07","slug":"2024-metais-teikti-pasiulymai","status":"publish","type":"page","link":"https:\/\/investorsforum.lt\/en\/2024-metais-teikti-pasiulymai\/","title":{"rendered":"Proposals issued in 2024"},"content":{"rendered":"<p><strong><span style=\"color: #1877c9;\">November 28, 2024<\/span><\/strong><\/p>\n<ul>\n<li><span class=\"Y2IQFc\" lang=\"en\">To the Ministry of Economy and Innovation of the Republic of Lithuania<\/span><\/li>\n<\/ul>\n<p><a href=\"http:\/\/investorsforum.lt\/wp-content\/uploads\/2024\/11\/20221128-investuotoju\u0328-Forumo-Pasiu\u0304lymas-De\u0307l-valstybe\u0307s-biudz\u030ceto-specialios-tiksline\u0307s-dotacijos-savivaldybe\u0307s-biudz\u030cetui-skyrimo-.pdf\" target=\"_blank\" rel=\"noopener\">On the allocation of a specific earmarked grant from the state budget to the municipal budget<\/a><\/p>\n<p><strong><span style=\"color: #1877c9;\">November 26, 2024<\/span><\/strong><\/p>\n<ul>\n<li>To the President of the Seimas, the groups of the Seimas, the Acting Chancellor of the Seimas of the Republic of Lithuania<\/li>\n<\/ul>\n<p><a href=\"http:\/\/investorsforum.lt\/wp-content\/uploads\/2024\/11\/rastas_LRS_teisekura.pdf\" target=\"_blank\" rel=\"noopener\">On ensuring legislative transparency and improving legislative processes<\/a><\/p>\n<p><strong><span style=\"color: #1877c9;\">November 22, 2024<\/span><\/strong><\/p>\n<ul>\n<li>To the Prime Minister of the Republic of Lithuania, President of the Seimas of the Republic of Lithuania<\/li>\n<\/ul>\n<p><a href=\"http:\/\/investorsforum.lt\/wp-content\/uploads\/2024\/11\/D\u0116L-FINTECH-SEKTORIAUS-DALYVI\u0172-PASI\u016aLYMO-VYRIAUSYB\u0116S-PROGRAMAI.pdf\" target=\"_blank\" rel=\"noopener\">On the FINTECH sector players&#8217; proposal for a government programme<\/a><\/p>\n<p><strong><span style=\"color: #1877c9;\">November 22, 2024<\/span><\/strong><\/p>\n<ul>\n<li>To the Government of the Republic of Lithuania, the Seimas of the Republic of Lithuania, the Seimas Committee on Health Affairs of the Republic of Lithuania, the Ministry of Health of the Republic of Lithuania, the State Patients&#8217; Fund of the Ministry of Health<\/li>\n<\/ul>\n<p><a href=\"http:\/\/investorsforum.lt\/wp-content\/uploads\/2024\/11\/20221122-Investuotoju\u0328-Forumas-De\u0307l-PSDF-biudz\u030ceto-rezervo-rizikos-valdymo-dalies-le\u0307s\u030cu\u0328-skyrimo-ir-investicine\u0307s-aplinkos-Lietuvoje-stabilumo.pdf\" target=\"_blank\" rel=\"noopener\">On the allocation of the risk management part of the PSDF budget reserve and the stability of the investment environment in Lithuania<\/a><\/p>\n<p><strong><span style=\"color: #1877c9;\">November 14, 2024<\/span><\/strong><\/p>\n<ul>\n<li>To the Ministry of Health<\/li>\n<\/ul>\n<p><a href=\"http:\/\/investorsforum.lt\/wp-content\/uploads\/2024\/11\/241114-Jungtinis-kreipimasis_del-V-374-pakeitimu_Vardiniai-vaistai_pasirasytas_.pdf\">On the draft Order of the Minister of Health of the Republic of Lithuania No v-374 of 9 May 2005 on the Approval of the Rules for the Acquisition of Nominal Medicinal Preparations\u00a0<\/a><\/p>\n<p><strong><span style=\"color: #1877c9;\">September 12, 2024<\/span><\/strong><\/p>\n<ul>\n<li>To the Ministry of Energy<\/li>\n<\/ul>\n<p><a href=\"http:\/\/investorsforum.lt\/wp-content\/uploads\/2024\/09\/20240912-IF_ra\u0161tas_enmin_d\u0117l_AIEI_interpretavimo.pdf\" target=\"_blank\" rel=\"noopener\">Regarding misinterpretation of the provisions of the Law on Renewable Energy<\/a><\/p>\n<p><strong><span style=\"color: #1877c9;\">September 11, 2024<\/span><\/strong><\/p>\n<ul>\n<li>To the Competition Council of the Republic of Lithuania<\/li>\n<\/ul>\n<p><a href=\"http:\/\/investorsforum.lt\/wp-content\/uploads\/2024\/09\/20240911-IF_ra\u0161tas_LRKT_d\u0117l_projekto.pdf\" target=\"_blank\" rel=\"noopener\">Concerning the project &#8220;Activities of associations: how to comply with competition law&#8221;<\/a><\/p>\n<p><strong><span style=\"color: #1877c9;\">June 28, 2024<\/span><\/strong><\/p>\n<ul>\n<li>To the Ministry of Energy<\/li>\n<\/ul>\n<p><a href=\"https:\/\/investorsforum.lt\/wp-content\/uploads\/2024\/07\/06_28_IF_LR_Energetikos_ministerijai.pdf\">Regarding the draft amendment to the Electricity Energy Law<\/a><\/p>\n<p><strong><span style=\"color: #1877c9;\">June 27, 2024<\/span><\/strong><\/p>\n<ul>\n<li>To the Ministry of Energy<\/li>\n<\/ul>\n<p><a href=\"http:\/\/investorsforum.lt\/wp-content\/uploads\/2024\/07\/IF-d\u0117l-LR-Elektros-energetikos-\u012fstatymo-pakeitimo-projekto-.pdf\">Regarding the draft amendment to the Electricity Energy Law of the Republic of Lithuania<\/a><\/p>\n<p><strong><span style=\"color: #1877c9;\">June 21, 2024<\/span><\/strong><\/p>\n<ul>\n<li id=\"tw-target-text\" class=\"tw-data-text tw-text-large tw-ta\" dir=\"ltr\" data-placeholder=\"Vertimas\" aria-label=\"I\u0161verstas tekstas\" data-ved=\"2ahUKEwiumOb_n_mGAxVl9bsIHZjkANcQ3ewLegQIEBAU\"><span class=\"Y2IQFc\" lang=\"en\">To the President of the Republic of Lithuania G. Naus\u0117da<\/span><\/li>\n<li class=\"tw-data-text tw-text-large tw-ta\" dir=\"ltr\" data-placeholder=\"Vertimas\" aria-label=\"I\u0161verstas tekstas\" data-ved=\"2ahUKEwiumOb_n_mGAxVl9bsIHZjkANcQ3ewLegQIEBAU\"><span class=\"Y2IQFc\" lang=\"en\">To the Speaker of the Seimas of the Republic of Lithuania V. \u010cmilyte-Nielsen <\/span><\/li>\n<li class=\"tw-data-text tw-text-large tw-ta\" dir=\"ltr\" data-placeholder=\"Vertimas\" aria-label=\"I\u0161verstas tekstas\" data-ved=\"2ahUKEwiumOb_n_mGAxVl9bsIHZjkANcQ3ewLegQIEBAU\"><span class=\"Y2IQFc\" lang=\"en\">To the Prime Minister of the Republic of Lithuania I. \u0160imonyt\u0117 <\/span><\/li>\n<li class=\"tw-data-text tw-text-large tw-ta\" dir=\"ltr\" data-placeholder=\"Vertimas\" aria-label=\"I\u0161verstas tekstas\" data-ved=\"2ahUKEwiumOb_n_mGAxVl9bsIHZjkANcQ3ewLegQIEBAU\"><span class=\"Y2IQFc\" lang=\"en\">To the Minister of Finance of the Republic of Lithuania G. Skaist\u0117 <\/span><\/li>\n<li class=\"tw-data-text tw-text-large tw-ta\" dir=\"ltr\" data-placeholder=\"Vertimas\" aria-label=\"I\u0161verstas tekstas\" data-ved=\"2ahUKEwiumOb_n_mGAxVl9bsIHZjkANcQ3ewLegQIEBAU\"><span class=\"Y2IQFc\" lang=\"en\">To the Minister of Economy and Innovation of the Republic of Lithuania A. Armonait\u0117 <\/span><\/li>\n<li class=\"tw-data-text tw-text-large tw-ta\" dir=\"ltr\" data-placeholder=\"Vertimas\" aria-label=\"I\u0161verstas tekstas\" data-ved=\"2ahUKEwiumOb_n_mGAxVl9bsIHZjkANcQ3ewLegQIEBAU\"><span class=\"Y2IQFc\" lang=\"en\">To the Chairs of the factions of the Seimas of the Republic of Lithuania\u00a0<\/span><\/li>\n<\/ul>\n<p><a href=\"https:\/\/investorsforum.lt\/wp-admin\/upload.php?item=7054\" target=\"_blank\" rel=\"noopener noreferrer\">On the proposed new taxation of insurance contracts<\/a><\/p>\n<p><strong><span style=\"color: #1877c9;\">June 5, 2024<\/span><\/strong><\/p>\n<ul>\n<li>To the Energy and Sustainable Development Commission of the Seimas of the Republic of Lithuania<\/li>\n<\/ul>\n<p><a href=\"http:\/\/investorsforum.lt\/wp-content\/uploads\/2024\/06\/D\u0117l-elektros-energijos-pirkimo-pardavimo-sutar\u010di\u0173-s\u0105lyg\u0173-keitimo.pdf\" target=\"_blank\" rel=\"noopener noreferrer\">Regarding the change in electricity purchase and sale contracts<\/a><\/p>\n<p><strong><span style=\"color: #1877c9;\">June 5, 2024<\/span><\/strong><\/p>\n<ul>\n<li>To the Budget and Finance Committee of the Seimas of the Republic of Lithuania<\/li>\n<li>To the Secretariat of the Seimas of the Republic of Lithuania<\/li>\n<\/ul>\n<p><a href=\"http:\/\/investorsforum.lt\/wp-content\/uploads\/2024\/06\/D\u0117l-solidarumo-\u012fna\u0161o-.pdf\" target=\"_blank\" rel=\"noopener noreferrer\">Due to the temporary solidarity contribution<\/a><\/p>\n<p><strong><span style=\"color: #1877c9;\">June 3, 2024\u00a0<\/span><\/strong><\/p>\n<ul>\n<li>To the Ministry of Economy and Innovation<\/li>\n<\/ul>\n<p><a href=\"http:\/\/investorsforum.lt\/wp-content\/uploads\/2024\/06\/IF-d\u0117l-tr\u016bkstam\u0173-profesij\u0173-s\u0105ra\u0161o-.pdf\">Regarding updating the list of professions<\/a><\/p>\n<p><strong><span style=\"color: #1877c9;\">May 27, 2024<\/span><\/strong><\/p>\n<ul>\n<li>To the Government of the Republic of Lithuania<\/li>\n<li>To the Ministry of Finance<\/li>\n<li>To the Ministry of Economy and Innovation<\/li>\n<\/ul>\n<p><a href=\"http:\/\/investorsforum.lt\/wp-content\/uploads\/2024\/05\/2024-05-27-LVK-IF-D\u0117l-akciz\u0173-tarif\u0173-tabakui.pdf\">Regarding excise law no. IX-569 of the bill amending Articles 23, 24, 25, 26, 30, 31, 65 and 74.<\/a><\/p>\n<p><strong><span style=\"color: #1877c9;\">May 27, 2024<\/span><\/strong><br \/>\nTo the Ministry of Economy and Innovation<br \/>\n<a href=\"http:\/\/investorsforum.lt\/wp-content\/uploads\/2024\/05\/IF-ra\u0161tas_D\u0117l-reklamos-\u012fstatymo-pakeitimo-.pdf\">Regarding the amendment of the advertising law of the Republic of Lithuania<\/a><\/p>\n<p><strong><span style=\"color: #1877c9;\">April 23, 2024<br \/>\n<\/span><\/strong>To the Social Affairs and Labor Committee of the Seimas of the Republic of Lithuania<br \/>\n<a href=\"http:\/\/investorsforum.lt\/wp-content\/uploads\/2024\/05\/2024-04-23-TT-darbdavi\u0173-ra\u0161tas-SRDK-d\u0117l-sumin\u0117s.pdf\">Regarding the draft law on the amendment of Articles 115 and 122 of the Labor Code of the Republic of Lithuania (NO. XIVP-2605)D\u0117l LR Darbo kodekso 115 ir 122 straipsni\u0173 pakeitimo \u012fstatymo projekto (NR. XIVP-2605)<\/a><\/p>\n<p><strong><span style=\"color: #1877c9;\">March 29, 2024<\/span><\/strong><br \/>\nTo the Government of the Republic of Lithuania<br \/>\nTo the Ministry of Economy and Innovation<br \/>\n<a href=\"http:\/\/investorsforum.lt\/wp-content\/uploads\/2024\/04\/IF_kovo29_milijardas_verslui.pdf\">Regarding the incentive financial instrument &#8220;Billion for business&#8221; description<\/a><\/p>\n<p><strong><span style=\"color: #1877c9;\">March 19, 2024<\/span><\/strong><br \/>\nTo the Government of the Republic of Lithuania<br \/>\nTo the Prime Minister of the Republic of Lithuania Ingrida \u0160imonyt\u0117<br \/>\n<a href=\"http:\/\/investorsforum.lt\/wp-content\/uploads\/2024\/03\/Verslo-taryba-d\u0117l-gynybos-mokes\u010dio_LRVyriausybei-1.pdf\">Business Council Letter on Defense Funding<\/a><\/p>\n<p><strong><span style=\"color: #1877c9;\">February 26, 2024<\/span><\/strong><br \/>\nMinistry of Finance of the Republic of Lithuania<br \/>\nOffice of the Government of the Republic of Lithuania<br \/>\n<a href=\"http:\/\/investorsforum.lt\/wp-content\/uploads\/2024\/03\/Akciz\u0173-kalendorius-2025-2027-m.-2024-02-26.pdf\">Regarding duties on tobacco products in 2025 &#8211; in 2027<\/a><\/p>\n<p><strong><span style=\"color: #1877c9;\">January 31, 2024<br \/>\n<\/span><\/strong><span style=\"color: #1877c9;\"><span style=\"color: #333333;\">To the Office of the Government of the Republic of Lithuania<br \/>\n<a href=\"http:\/\/investorsforum.lt\/wp-content\/uploads\/2024\/02\/Investors-Forum-d\u0117l-gynybos-finansavimo.pdf\" target=\"_blank\" rel=\"noopener\">Regarding possible sources of defense funding<\/a><\/span><\/span><\/p>\n","protected":false},"excerpt":{"rendered":"<p>November 28, 2024 To the Ministry of Economy and Innovation of the Republic of Lithuania On the allocation of a specific earmarked grant from the state budget to the municipal budget November 26, 2024 To the President of the Seimas, the groups of the Seimas, the Acting Chancellor of the Seimas of the Republic of<\/p>\n<div class=\"more-link\"><a href=\"https:\/\/investorsforum.lt\/en\/2024-metais-teikti-pasiulymai\/\">Read more<\/a><\/div>\n","protected":false},"author":8,"featured_media":0,"parent":0,"menu_order":0,"comment_status":"closed","ping_status":"closed","template":"","meta":{"_acf_changed":false,"footnotes":""},"class_list":["post-6926","page","type-page","status-publish","hentry"],"translation":{"provider":"WPGlobus","version":"3.0.2","language":"en","enabled_languages":["lt","en"],"languages":{"lt":{"title":true,"content":true,"excerpt":false},"en":{"title":true,"content":true,"excerpt":false}}},"acf":[],"yoast_head":"<!-- This site is optimized with the Yoast SEO plugin v26.9 - https:\/\/yoast.com\/product\/yoast-seo-wordpress\/ -->\n<title>Proposals issued in 2024 - Investors Forum<\/title>\n<meta name=\"robots\" content=\"index, follow, max-snippet:-1, max-image-preview:large, max-video-preview:-1\" \/>\n<link rel=\"canonical\" href=\"https:\/\/investorsforum.lt\/2024-metais-teikti-pasiulymai\/\" \/>\n<meta property=\"og:locale\" content=\"en_US\" \/>\n<meta property=\"og:type\" content=\"article\" \/>\n<meta property=\"og:title\" content=\"Proposals issued in 2024 - Investors Forum\" \/>\n<meta property=\"og:url\" content=\"https:\/\/investorsforum.lt\/2024-metais-teikti-pasiulymai\/\" \/>\n<meta property=\"og:site_name\" content=\"Investors Forum\" \/>\n<meta property=\"article:modified_time\" content=\"2024-11-28T11:25:07+00:00\" \/>\n<meta name=\"twitter:card\" content=\"summary_large_image\" \/>\n<meta name=\"twitter:label1\" content=\"Est. reading time\" \/>\n\t<meta name=\"twitter:data1\" content=\"6 minutes\" \/>\n<script type=\"application\/ld+json\" class=\"yoast-schema-graph\">{\"@context\":\"https:\/\/schema.org\",\"@graph\":[{\"@type\":\"WebPage\",\"@id\":\"https:\/\/investorsforum.lt\/2024-metais-teikti-pasiulymai\/\",\"url\":\"https:\/\/investorsforum.lt\/2024-metais-teikti-pasiulymai\/\",\"name\":\"Proposals issued in 2024 - Investors Forum\",\"isPartOf\":{\"@id\":\"https:\/\/investorsforum.lt\/#website\"},\"datePublished\":\"2024-02-26T14:43:58+00:00\",\"dateModified\":\"2024-11-28T11:25:07+00:00\",\"breadcrumb\":{\"@id\":\"https:\/\/investorsforum.lt\/2024-metais-teikti-pasiulymai\/#breadcrumb\"},\"inLanguage\":\"en-EN\",\"potentialAction\":[{\"@type\":\"ReadAction\",\"target\":[\"https:\/\/investorsforum.lt\/2024-metais-teikti-pasiulymai\/\"]}]},{\"@type\":\"BreadcrumbList\",\"@id\":\"https:\/\/investorsforum.lt\/2024-metais-teikti-pasiulymai\/#breadcrumb\",\"itemListElement\":[{\"@type\":\"ListItem\",\"position\":1,\"name\":\"Home\",\"item\":\"https:\/\/investorsforum.lt\/\"},{\"@type\":\"ListItem\",\"position\":2,\"name\":\"2024 metais teikti pasi\u016blymai\"}]},{\"@type\":\"WebSite\",\"@id\":\"https:\/\/investorsforum.lt\/#website\",\"url\":\"https:\/\/investorsforum.lt\/\",\"name\":\"Investors Forum\",\"description\":\"Asociacija Investors&#039; Forum\",\"potentialAction\":[{\"@type\":\"SearchAction\",\"target\":{\"@type\":\"EntryPoint\",\"urlTemplate\":\"https:\/\/investorsforum.lt\/?s={search_term_string}\"},\"query-input\":{\"@type\":\"PropertyValueSpecification\",\"valueRequired\":true,\"valueName\":\"search_term_string\"}}],\"inLanguage\":\"en-EN\"}]}<\/script>\n<!-- \/ Yoast SEO plugin. -->","yoast_head_json":{"title":"Proposals issued in 2024 - Investors Forum","robots":{"index":"index","follow":"follow","max-snippet":"max-snippet:-1","max-image-preview":"max-image-preview:large","max-video-preview":"max-video-preview:-1"},"canonical":"https:\/\/investorsforum.lt\/2024-metais-teikti-pasiulymai\/","og_locale":"en_US","og_type":"article","og_title":"Proposals issued in 2024 - Investors Forum","og_url":"https:\/\/investorsforum.lt\/2024-metais-teikti-pasiulymai\/","og_site_name":"Investors Forum","article_modified_time":"2024-11-28T11:25:07+00:00","twitter_card":"summary_large_image","twitter_misc":{"Est. reading time":"6 minutes"},"schema":{"@context":"https:\/\/schema.org","@graph":[{"@type":"WebPage","@id":"https:\/\/investorsforum.lt\/2024-metais-teikti-pasiulymai\/","url":"https:\/\/investorsforum.lt\/2024-metais-teikti-pasiulymai\/","name":"Proposals issued in 2024 - Investors Forum","isPartOf":{"@id":"https:\/\/investorsforum.lt\/#website"},"datePublished":"2024-02-26T14:43:58+00:00","dateModified":"2024-11-28T11:25:07+00:00","breadcrumb":{"@id":"https:\/\/investorsforum.lt\/2024-metais-teikti-pasiulymai\/#breadcrumb"},"inLanguage":"en-EN","potentialAction":[{"@type":"ReadAction","target":["https:\/\/investorsforum.lt\/2024-metais-teikti-pasiulymai\/"]}]},{"@type":"BreadcrumbList","@id":"https:\/\/investorsforum.lt\/2024-metais-teikti-pasiulymai\/#breadcrumb","itemListElement":[{"@type":"ListItem","position":1,"name":"Home","item":"https:\/\/investorsforum.lt\/"},{"@type":"ListItem","position":2,"name":"2024 metais teikti pasi\u016blymai"}]},{"@type":"WebSite","@id":"https:\/\/investorsforum.lt\/#website","url":"https:\/\/investorsforum.lt\/","name":"Investors Forum","description":"Asociacija Investors&#039; Forum","potentialAction":[{"@type":"SearchAction","target":{"@type":"EntryPoint","urlTemplate":"https:\/\/investorsforum.lt\/?s={search_term_string}"},"query-input":{"@type":"PropertyValueSpecification","valueRequired":true,"valueName":"search_term_string"}}],"inLanguage":"en-EN"}]}},"_links":{"self":[{"href":"https:\/\/investorsforum.lt\/en\/wp-json\/wp\/v2\/pages\/6926","targetHints":{"allow":["GET"]}}],"collection":[{"href":"https:\/\/investorsforum.lt\/en\/wp-json\/wp\/v2\/pages"}],"about":[{"href":"https:\/\/investorsforum.lt\/en\/wp-json\/wp\/v2\/types\/page"}],"author":[{"embeddable":true,"href":"https:\/\/investorsforum.lt\/en\/wp-json\/wp\/v2\/users\/8"}],"replies":[{"embeddable":true,"href":"https:\/\/investorsforum.lt\/en\/wp-json\/wp\/v2\/comments?post=6926"}],"version-history":[{"count":52,"href":"https:\/\/investorsforum.lt\/en\/wp-json\/wp\/v2\/pages\/6926\/revisions"}],"predecessor-version":[{"id":6928,"href":"https:\/\/investorsforum.lt\/en\/wp-json\/wp\/v2\/pages\/6926\/revisions\/6928"}],"wp:attachment":[{"href":"https:\/\/investorsforum.lt\/en\/wp-json\/wp\/v2\/media?parent=6926"}],"curies":[{"name":"wp","href":"https:\/\/api.w.org\/{rel}","templated":true}]}}